{"id":17743,"date":"2021-03-30T12:08:24","date_gmt":"2021-03-30T15:08:24","guid":{"rendered":"https:\/\/www.argensend.com\/?post_type=product&#038;p=17743"},"modified":"2024-12-06T16:00:29","modified_gmt":"2024-12-06T19:00:29","slug":"mujeres-del-alma-mia-por-isabel-allende","status":"publish","type":"product","link":"https:\/\/www.argensend.com\/en\/product\/mujeres-del-alma-mia-por-isabel-allende\/","title":{"rendered":"Isabel Allende &#8211; Mujeres del Alma Mia"},"content":{"rendered":"<section id=\"ctl00_ContentPlaceHolder1_rptFicha_ctl00_sectionResenia\" class=\"resenia lResenia\">\n<section id=\"ctl00_ContentPlaceHolder1_rptFicha_ctl00_sectionResenia\" class=\"resenia lResenia\">\n<p id=\"ctl00_ContentPlaceHolder1_rptFicha_ctl00_itemPropDescription\" class=\"resenia overflow-text\" data-min-height=\"300\" data-max-height=\"180\">Cada a\u00f1o vivido y cada arruga cuentan mi historia. Isabel Allende bucea en su memoria y nos ofrece un emocionante libro sobre su relaci\u00f3n con el feminismo y el hecho de ser mujer, al tiempo que reivindica que la vida adulta hay que vivirla, sentirla y gozarla con plena intensidad. En Mujeres del alma m\u00eda la gran autora chilena nos invita a acompa\u00f1arla en este viaje personal y emocional donde repasa su vinculaci\u00f3n con el feminismo desde la infancia hasta hoy. Recuerda a algunas mujeres imprescindibles en su vida, como sus a\u00f1oradas Panchita, Paula o la agente Carmen Balcells; a escritoras relevantes como Virginia Woolf o Margaret Atwood; a j\u00f3venes artistas que aglutinan la rebeld\u00eda de su generaci\u00f3n o, entre otras muchas, a esas mujeres an\u00f3nimas que han sufrido la violencia y que llenas de dignidad y coraje se levantan y avanzan&#8230; Ellas son las que tanto le inspiran y tanto le han acompa\u00f1ado a lo largo de su vida: sus mujeres del alma. Finalmente, reflexiona tambi\u00e9n sobre el movimiento #MeToo -que apoya y celebra-, sobre las recientes revueltas sociales en su pa\u00eds de origen y, c\u00f3mo no, sobre la nueva situaci\u00f3n que globalmente estamos viviendo con la pandemia. Todo ello sin perder esa inconfundible pasi\u00f3n por la vida y por insistir en que, m\u00e1s all\u00e1 de la edad, siempre hay tiempo para el amor.<br \/>\n<label>N\u00famero de p\u00e1ginas: <span id=\"ctl00_ContentPlaceHolder1_rptFicha_ctl00_prop_paginas\">192<\/span><\/label><span id=\"ctl00_ContentPlaceHolder1_rptFicha_ctl00_prop_paginas\">\u00a0&#8211; <\/span><label>Peso: <\/label><span id=\"ctl00_ContentPlaceHolder1_rptFicha_ctl00_prop_peso\">250 &#8211; <\/span><label>Formato: <\/label><span id=\"ctl00_ContentPlaceHolder1_rptFicha_ctl00_prop_encuadernacion\">R\u00fastica &#8211; <\/span><label>Edici\u00f3n: <\/label><span id=\"ctl00_ContentPlaceHolder1_rptFicha_ctl00_prop_edicion\">2020 &#8211; <\/span><label>Idioma: <\/label><span id=\"ctl00_ContentPlaceHolder1_rptFicha_ctl00_prop_idioma\">Castellano<\/span><\/p>\n<\/section>\n<\/section>\n<p><i>EN: Every year lived and every wrinkle tell my story. Isabel Allende delves into her memory and offers us an exciting book about her relationship with feminism and the fact of being a woman, while she claims that adult life must be lived, felt and enjoyed with full intensity. In Mujeres del alma m\u00eda, the great Chilean author invites us to accompany her on this personal and emotional journey where she reviews her connection with feminism from childhood until today. She remembers some essential women in her life, like hers who missed her, Panchita, Paula or the agent Carmen Balcells; to relevant writers such as Virginia Woolf or Margaret Atwood; to young artists who agglutinate the rebellion of their generation or, among many others, to those anonymous women who have suffered violence and who, full of dignity and courage, stand up and move forward &#8230; accompanied throughout his life: his women of the soul. Finally, she also reflects on the #MeToo movement -which she supports and celebrates-, on the recent social unrest in her country of origin and, of course, on the new situation that we are experiencing globally with the pandemic. All this without losing that unmistakable passion for life and insisting that, regardless of age, there is always time for love.<br \/>\n<\/i>Number of pages: 192 &#8211; Weight: 250 &#8211; Format: Paperback &#8211; Edition: 2020 &#8211; Language: Spanish<\/p>","protected":false},"excerpt":{"rendered":"<div>\n<p>Sobre el amor impaciente, la vida larga y las brujas buenas<\/p>\n<p>EN: About impatient love, long life, and good witches<\/p>\n<\/div>","protected":false},"featured_media":17745,"comment_status":"closed","ping_status":"closed","template":"","meta":{"_acf_changed":false,"om_disable_all_campaigns":false,"_monsterinsights_skip_tracking":false,"_monsterinsights_sitenote_active":false,"_monsterinsights_sitenote_note":"","_monsterinsights_sitenote_category":0},"etheme_brands":[],"product_brand":[],"product_cat":[685],"product_tag":[858,203,234,224,8059,755,7561,856,4725,752,859,857,3779,4726,6368,3673],"class_list":{"0":"post-17743","1":"product","2":"type-product","3":"status-publish","4":"has-post-thumbnail","6":"product_cat-libros","7":"product_tag-alma","8":"product_tag-argentina","9":"product_tag-argentine","10":"product_tag-argentino","11":"product_tag-autora","12":"product_tag-book","13":"product_tag-chilena","14":"product_tag-isabel-allende","15":"product_tag-lectura","16":"product_tag-libro","17":"product_tag-mia","18":"product_tag-mujeres","19":"product_tag-my","20":"product_tag-reading","21":"product_tag-soul","22":"product_tag-women","24":"first","25":"instock","26":"taxable","27":"shipping-taxable","28":"purchasable","29":"product-type-simple"},"acf":[],"aioseo_notices":[],"_links":{"self":[{"href":"https:\/\/www.argensend.com\/en\/wp-json\/wp\/v2\/product\/17743","targetHints":{"allow":["GET"]}}],"collection":[{"href":"https:\/\/www.argensend.com\/en\/wp-json\/wp\/v2\/product"}],"about":[{"href":"https:\/\/www.argensend.com\/en\/wp-json\/wp\/v2\/types\/product"}],"replies":[{"embeddable":true,"href":"https:\/\/www.argensend.com\/en\/wp-json\/wp\/v2\/comments?post=17743"}],"version-history":[{"count":2,"href":"https:\/\/www.argensend.com\/en\/wp-json\/wp\/v2\/product\/17743\/revisions"}],"predecessor-version":[{"id":78208,"href":"https:\/\/www.argensend.com\/en\/wp-json\/wp\/v2\/product\/17743\/revisions\/78208"}],"wp:featuredmedia":[{"embeddable":true,"href":"https:\/\/www.argensend.com\/en\/wp-json\/wp\/v2\/media\/17745"}],"wp:attachment":[{"href":"https:\/\/www.argensend.com\/en\/wp-json\/wp\/v2\/media?parent=17743"}],"wp:term":[{"taxonomy":"brand","embeddable":true,"href":"https:\/\/www.argensend.com\/en\/wp-json\/wp\/v2\/etheme_brands?post=17743"},{"taxonomy":"product_brand","embeddable":true,"href":"https:\/\/www.argensend.com\/en\/wp-json\/wp\/v2\/product_brand?post=17743"},{"taxonomy":"product_cat","embeddable":true,"href":"https:\/\/www.argensend.com\/en\/wp-json\/wp\/v2\/product_cat?post=17743"},{"taxonomy":"product_tag","embeddable":true,"href":"https:\/\/www.argensend.com\/en\/wp-json\/wp\/v2\/product_tag?post=17743"}],"curies":[{"name":"wp","href":"https:\/\/api.w.org\/{rel}","templated":true}]}}