{"id":17756,"date":"2021-03-30T12:41:01","date_gmt":"2021-03-30T15:41:01","guid":{"rendered":"https:\/\/www.argensend.com\/?post_type=product&#038;p=17756"},"modified":"2024-12-06T16:00:29","modified_gmt":"2024-12-06T19:00:29","slug":"gambito-de-dama-por-walter-tevis","status":"publish","type":"product","link":"https:\/\/www.argensend.com\/en\/product\/gambito-de-dama-por-walter-tevis\/","title":{"rendered":"Gambito de Dama por Walter Tevis"},"content":{"rendered":"<section id=\"ctl00_ContentPlaceHolder1_rptFicha_ctl00_sectionResenia\" class=\"resenia lResenia\">\n<section id=\"ctl00_ContentPlaceHolder1_rptFicha_ctl00_sectionResenia\" class=\"resenia lResenia\">\n<section id=\"ctl00_ContentPlaceHolder1_rptFicha_ctl00_sectionResenia\" class=\"resenia lResenia\">\n<section id=\"ctl00_ContentPlaceHolder1_rptFicha_ctl00_sectionResenia\" class=\"resenia lResenia\">\n<section id=\"ctl00_ContentPlaceHolder1_rptFicha_ctl00_sectionResenia\" class=\"resenia lResenia\">\n<section id=\"ctl00_ContentPlaceHolder1_rptFicha_ctl00_sectionResenia\" class=\"resenia lResenia\">\n<p id=\"ctl00_ContentPlaceHolder1_rptFicha_ctl00_itemPropDescription\" class=\"resenia overflow-text\" data-min-height=\"300\" data-max-height=\"252\">Desde su primera publicaci\u00f3n en 1983, esta novela se convirti\u00f3 en un libro de culto para ajedrecistas en particular y amantes de la gran novela americana en general. Un secreto que de repente explot\u00f3 a finales de 2020 con el estreno de la serie basada en esta historia, conquistando en tiempo r\u00e9cord al mundo entero. Beth Harmon, la protagonista, es ya un icono en la mente de los millones de fans de Gambito de dama: hu\u00e9rfana, solitaria, politoxic\u00f3mana, competitiva, fr\u00e1gil, genial. Una Mozart del ajedrez cuya inteligencia le brinda tantos \u00e9xitos como problemas. Esta novela, adictiva, trepidante, y con una tensi\u00f3n que no decae en cada partida, en cada viaje, en cada momento de abandono de la protagonista, que siempre oscila entre el \u00e9xito y el abismo, se quedar\u00e1 en el coraz\u00f3n de los lectores. Y les servir\u00e1 adem\u00e1s como introducci\u00f3n al mundo del ajedrez, que, como Beth Harmon, parece tranquilo y accesible, pero contiene debajo todo un volc\u00e1n de pasiones y peligros. La cr\u00edtica ha dicho&#8230; \u00abUn libro de culto para ajedrecistas.\u00bb Zenda \u00abBeth Harmon es una criatura inolvidable, y Gambito de dama es la obra m\u00e1s conseguida y desgarradora de Walter Tevis.\u00bb Jonathan Lethem \u00abPocos novelistas han escrito sobre el genio y la adicci\u00f3n con la agudeza de Walter Tevis.\u00bb The Telegraph \u00abNo la empieces si quieres dormir esta noche.\u00bb Scotsman \u00abUna lectura adictiva [&#8230;] A los cl\u00e1sicos La defensa, de Nabokov, y Novela de ajedrez, de Zweig, se une ahora Gambito de dama.\u00bb Financial Times \u00abRecomendamos ponerse esparadrapo en los dedos antes de abrir Gambito de dama: si no, el suspense puede hacer que uno se muerda las u\u00f1as hasta el codo.\u00bb Houston Chronicle \u00abSoberbia.\u00bb Time Out \u00abHipn\u00f3tica.\u00bb Newsweek \u00abApasionante.\u00bb Financial Times.<br \/>\n<label>N\u00famero de p\u00e1ginas: <span id=\"ctl00_ContentPlaceHolder1_rptFicha_ctl00_prop_paginas\">312<\/span><\/label><span id=\"ctl00_ContentPlaceHolder1_rptFicha_ctl00_prop_paginas\">\u00a0&#8211; <\/span><label>Peso: 350 <\/label><span id=\"ctl00_ContentPlaceHolder1_rptFicha_ctl00_prop_peso\">\u00a0&#8211; <\/span><label>Formato: <\/label><span id=\"ctl00_ContentPlaceHolder1_rptFicha_ctl00_prop_encuadernacion\">R\u00fastica &#8211; <\/span><label>Edici\u00f3n: <\/label><span id=\"ctl00_ContentPlaceHolder1_rptFicha_ctl00_prop_edicion\">2021 &#8211; <\/span><label>Idioma: <\/label><span id=\"ctl00_ContentPlaceHolder1_rptFicha_ctl00_prop_idioma\">Castellano<\/span><\/p>\n<\/section>\n<\/section>\n<\/section>\n<\/section>\n<\/section>\n<\/section>\n<p><i>EN: Since its first publication in 1983, this novel became a cult book for chess players in particular and lovers of the great American novel in general. A secret that suddenly exploded at the end of 2020 with the premiere of the series based on this story, conquering the entire world in record time. Beth Harmon, the protagonist, is already an icon in the minds of millions of Lady&#8217;s Gambit fans: orphan, lonely, multi-drug addict, competitive, fragile, great. She is a chess Mozart whose intelligence brings her both successes and problems. This novel, addictive, fast-paced, and with a tension that does not decline in each game, in each trip, in each moment of abandonment of the protagonist, who always oscillates between success and the abyss, will remain in the hearts of the readers. And it will also serve as an introduction to the world of chess, which, like Beth Harmon, seems calm and approachable, but contains a volcano of passions and dangers underneath. Critics have said &#8230; &#8220;A cult book for chess players.&#8221; Zenda &#8220;Beth Harmon is an unforgettable creature, and Lady&#8217;s Gambit is Walter Tevis&#8217;s most accomplished and heartbreaking work.&#8221; Jonathan Lethem &#8220;Few novelists have written about genius and addiction with the wit of Walter Tevis.&#8221; The Telegraph &#8220;Don&#8217;t start it if you want to sleep tonight.&#8221; Scotsman \u00abAn addictive read [&#8230;] The classics The Defense, by Nabokov, and The Chess Novel, by Zweig, now join the Queen&#8217;s Gambit.&#8221; Financial Times &#8220;We recommend putting tape on your fingers before opening Lady&#8217;s Gambit: if not, the suspense can make you bite your nails up to the elbow.&#8221; Houston Chronicle &#8220;Pride.&#8221; Time Out &#8220;Hypnotic.&#8221; Newsweek &#8220;Exciting.&#8221; Financial Times.<br \/>\n<\/i>Number of pages: 312 &#8211; Weight: 350 &#8211; Format: Paperback &#8211; Edition: 2021 &#8211; Language: Spanish<\/p>\n","protected":false},"excerpt":{"rendered":"<p>Desde su primera publicaci\u00f3n en 1983, esta novela se convirti\u00f3 en un libro de culto para ajedrecistas en particular y amantes de la gran novela&#8230;<\/p>","protected":false},"featured_media":17760,"comment_status":"closed","ping_status":"closed","template":"","meta":{"_acf_changed":false,"om_disable_all_campaigns":false,"_monsterinsights_skip_tracking":false,"_monsterinsights_sitenote_active":false,"_monsterinsights_sitenote_note":"","_monsterinsights_sitenote_category":0,"jetpack_post_was_ever_published":false},"etheme_brands":[],"product_brand":[],"product_cat":[685],"product_tag":[755,873,872,752,874],"class_list":{"0":"post-17756","1":"product","2":"type-product","3":"status-publish","4":"has-post-thumbnail","6":"product_cat-libros","7":"product_tag-book","8":"product_tag-dama","9":"product_tag-gambito","10":"product_tag-libro","11":"product_tag-walter-tevis","13":"first","14":"instock","15":"taxable","16":"shipping-taxable","17":"purchasable","18":"product-type-simple"},"acf":[],"aioseo_notices":[],"jetpack_sharing_enabled":true,"_links":{"self":[{"href":"https:\/\/www.argensend.com\/en\/wp-json\/wp\/v2\/product\/17756","targetHints":{"allow":["GET"]}}],"collection":[{"href":"https:\/\/www.argensend.com\/en\/wp-json\/wp\/v2\/product"}],"about":[{"href":"https:\/\/www.argensend.com\/en\/wp-json\/wp\/v2\/types\/product"}],"replies":[{"embeddable":true,"href":"https:\/\/www.argensend.com\/en\/wp-json\/wp\/v2\/comments?post=17756"}],"version-history":[{"count":2,"href":"https:\/\/www.argensend.com\/en\/wp-json\/wp\/v2\/product\/17756\/revisions"}],"predecessor-version":[{"id":78196,"href":"https:\/\/www.argensend.com\/en\/wp-json\/wp\/v2\/product\/17756\/revisions\/78196"}],"wp:featuredmedia":[{"embeddable":true,"href":"https:\/\/www.argensend.com\/en\/wp-json\/wp\/v2\/media\/17760"}],"wp:attachment":[{"href":"https:\/\/www.argensend.com\/en\/wp-json\/wp\/v2\/media?parent=17756"}],"wp:term":[{"taxonomy":"brand","embeddable":true,"href":"https:\/\/www.argensend.com\/en\/wp-json\/wp\/v2\/etheme_brands?post=17756"},{"taxonomy":"product_brand","embeddable":true,"href":"https:\/\/www.argensend.com\/en\/wp-json\/wp\/v2\/product_brand?post=17756"},{"taxonomy":"product_cat","embeddable":true,"href":"https:\/\/www.argensend.com\/en\/wp-json\/wp\/v2\/product_cat?post=17756"},{"taxonomy":"product_tag","embeddable":true,"href":"https:\/\/www.argensend.com\/en\/wp-json\/wp\/v2\/product_tag?post=17756"}],"curies":[{"name":"wp","href":"https:\/\/api.w.org\/{rel}","templated":true}]}}