{"id":17845,"date":"2021-03-30T15:42:23","date_gmt":"2021-03-30T18:42:23","guid":{"rendered":"https:\/\/www.argensend.com\/?post_type=product&#038;p=17845"},"modified":"2024-12-06T16:00:35","modified_gmt":"2024-12-06T19:00:35","slug":"leche-en-polvo-nutrilon-proexpert-a-r-2-x-800-gr-anti-regurgitacion","status":"publish","type":"product","link":"https:\/\/www.argensend.com\/en\/product\/leche-en-polvo-nutrilon-proexpert-a-r-2-x-800-gr-anti-regurgitacion\/","title":{"rendered":"Nutrilon &#8211; Leche en Polvo AR 2 Anti Regurgitaci\u00f3n &#8211; 800gr"},"content":{"rendered":"","protected":false},"excerpt":{"rendered":"<p>F\u00f3rmula con una mezcla exclusiva de prebi\u00f3ticos GOS\/FOS (9:1) y goma de semilla de algarroba para lactantes con regurgitaci\u00f3n y\/o reflujo gastroesof\u00e1gico a partir de los 6 meses.<\/p>\n<p>EN:<\/p>\n<p>Formula with an exclusive blend of GOS\/FOS prebiotics (9:1) and carob seed gum for infants with regurgitation and\/or gastroesophageal reflux from 6 months of age.<\/p>","protected":false},"featured_media":58710,"comment_status":"closed","ping_status":"closed","template":"","meta":{"_acf_changed":false,"om_disable_all_campaigns":false,"_monsterinsights_skip_tracking":false,"_monsterinsights_sitenote_active":false,"_monsterinsights_sitenote_note":"","_monsterinsights_sitenote_category":0},"etheme_brands":[],"product_brand":[],"product_cat":[85,10187],"product_tag":[890,10181,10179,69,10182,894,887,904,905],"class_list":{"0":"post-17845","1":"product","2":"type-product","3":"status-publish","4":"has-post-thumbnail","6":"product_cat-bebidas","7":"product_cat-leches","8":"product_tag-890","9":"product_tag-en-lata","10":"product_tag-leche-en-polvo","11":"product_tag-leche","12":"product_tag-ninos-y-bebes","13":"product_tag-nutrilon","14":"product_tag-polvo","15":"product_tag-proexpert","16":"product_tag-sin-lactosa","18":"first","19":"instock","20":"taxable","21":"shipping-taxable","22":"purchasable","23":"product-type-simple"},"acf":[],"aioseo_notices":[],"_links":{"self":[{"href":"https:\/\/www.argensend.com\/en\/wp-json\/wp\/v2\/product\/17845","targetHints":{"allow":["GET"]}}],"collection":[{"href":"https:\/\/www.argensend.com\/en\/wp-json\/wp\/v2\/product"}],"about":[{"href":"https:\/\/www.argensend.com\/en\/wp-json\/wp\/v2\/types\/product"}],"replies":[{"embeddable":true,"href":"https:\/\/www.argensend.com\/en\/wp-json\/wp\/v2\/comments?post=17845"}],"version-history":[{"count":3,"href":"https:\/\/www.argensend.com\/en\/wp-json\/wp\/v2\/product\/17845\/revisions"}],"predecessor-version":[{"id":103813,"href":"https:\/\/www.argensend.com\/en\/wp-json\/wp\/v2\/product\/17845\/revisions\/103813"}],"wp:featuredmedia":[{"embeddable":true,"href":"https:\/\/www.argensend.com\/en\/wp-json\/wp\/v2\/media\/58710"}],"wp:attachment":[{"href":"https:\/\/www.argensend.com\/en\/wp-json\/wp\/v2\/media?parent=17845"}],"wp:term":[{"taxonomy":"brand","embeddable":true,"href":"https:\/\/www.argensend.com\/en\/wp-json\/wp\/v2\/etheme_brands?post=17845"},{"taxonomy":"product_brand","embeddable":true,"href":"https:\/\/www.argensend.com\/en\/wp-json\/wp\/v2\/product_brand?post=17845"},{"taxonomy":"product_cat","embeddable":true,"href":"https:\/\/www.argensend.com\/en\/wp-json\/wp\/v2\/product_cat?post=17845"},{"taxonomy":"product_tag","embeddable":true,"href":"https:\/\/www.argensend.com\/en\/wp-json\/wp\/v2\/product_tag?post=17845"}],"curies":[{"name":"wp","href":"https:\/\/api.w.org\/{rel}","templated":true}]}}