{"id":17847,"date":"2021-03-30T15:54:47","date_gmt":"2021-03-30T18:54:47","guid":{"rendered":"https:\/\/www.argensend.com\/?post_type=product&#038;p=17847"},"modified":"2024-12-06T16:00:35","modified_gmt":"2024-12-06T19:00:35","slug":"leche-en-polvo-nutrilon-proexpert-comfort-400gr","status":"publish","type":"product","link":"https:\/\/www.argensend.com\/en\/product\/leche-en-polvo-nutrilon-proexpert-comfort-400gr\/","title":{"rendered":"Nutrilon &#8211; Leche en Polvo Comfort &#8211; 400gr"},"content":{"rendered":"","protected":false},"excerpt":{"rendered":"<p>Alimento para prop\u00f3sitos m\u00e9dicos espec\u00edficos a base de hidrolizado de suero, jarabe de glucosa y aceites vegetales, con una mezcla exclusiva de prebi\u00f3ticos GOScc\/FOScl (9:1), LCPs, nucle\u00f3tidos, almid\u00f3n pregelatinizado y un 40% del \u00e1cido palm\u00edtico en posici\u00f3n \u00ce\u00b2 (\u00ce\u00b2-palmitato). Libre de Gluten.<\/p>\n<p>EN:<br \/>\nFood for specific medical purposes based on whey hydrolysate, glucose syrup and vegetable oils, with an exclusive blend of prebiotics GOScc\/FOScl (9:1), LCPs, nucleotides, pregelatinized starch and 40% of palmitic acid in \u00ce\u00b2-position (\u00ce\u00b2-palmitate). Gluten free.<\/p>","protected":false},"featured_media":58712,"comment_status":"closed","ping_status":"closed","template":"","meta":{"_acf_changed":false,"om_disable_all_campaigns":false,"_monsterinsights_skip_tracking":false,"_monsterinsights_sitenote_active":false,"_monsterinsights_sitenote_note":"","_monsterinsights_sitenote_category":0},"etheme_brands":[],"product_brand":[],"product_cat":[85,10187],"product_tag":[63,906,10181,10179,69,10182,894,887,904],"class_list":{"0":"post-17847","1":"product","2":"type-product","3":"status-publish","4":"has-post-thumbnail","6":"product_cat-bebidas","7":"product_cat-leches","8":"product_tag-63","9":"product_tag-comfort","10":"product_tag-en-lata","11":"product_tag-leche-en-polvo","12":"product_tag-leche","13":"product_tag-ninos-y-bebes","14":"product_tag-nutrilon","15":"product_tag-polvo","16":"product_tag-proexpert","18":"first","19":"instock","20":"taxable","21":"shipping-taxable","22":"purchasable","23":"product-type-simple"},"acf":[],"aioseo_notices":[],"_links":{"self":[{"href":"https:\/\/www.argensend.com\/en\/wp-json\/wp\/v2\/product\/17847","targetHints":{"allow":["GET"]}}],"collection":[{"href":"https:\/\/www.argensend.com\/en\/wp-json\/wp\/v2\/product"}],"about":[{"href":"https:\/\/www.argensend.com\/en\/wp-json\/wp\/v2\/types\/product"}],"replies":[{"embeddable":true,"href":"https:\/\/www.argensend.com\/en\/wp-json\/wp\/v2\/comments?post=17847"}],"version-history":[{"count":5,"href":"https:\/\/www.argensend.com\/en\/wp-json\/wp\/v2\/product\/17847\/revisions"}],"predecessor-version":[{"id":110149,"href":"https:\/\/www.argensend.com\/en\/wp-json\/wp\/v2\/product\/17847\/revisions\/110149"}],"wp:featuredmedia":[{"embeddable":true,"href":"https:\/\/www.argensend.com\/en\/wp-json\/wp\/v2\/media\/58712"}],"wp:attachment":[{"href":"https:\/\/www.argensend.com\/en\/wp-json\/wp\/v2\/media?parent=17847"}],"wp:term":[{"taxonomy":"brand","embeddable":true,"href":"https:\/\/www.argensend.com\/en\/wp-json\/wp\/v2\/etheme_brands?post=17847"},{"taxonomy":"product_brand","embeddable":true,"href":"https:\/\/www.argensend.com\/en\/wp-json\/wp\/v2\/product_brand?post=17847"},{"taxonomy":"product_cat","embeddable":true,"href":"https:\/\/www.argensend.com\/en\/wp-json\/wp\/v2\/product_cat?post=17847"},{"taxonomy":"product_tag","embeddable":true,"href":"https:\/\/www.argensend.com\/en\/wp-json\/wp\/v2\/product_tag?post=17847"}],"curies":[{"name":"wp","href":"https:\/\/api.w.org\/{rel}","templated":true}]}}