{"id":18012,"date":"2021-04-01T22:53:23","date_gmt":"2021-04-02T01:53:23","guid":{"rendered":"https:\/\/www.argensend.com\/?post_type=product&#038;p=18012"},"modified":"2025-05-26T16:43:13","modified_gmt":"2025-05-26T19:43:13","slug":"eco-mochila-azul-pienso-luego-consumo-2","status":"publish","type":"product","link":"https:\/\/www.argensend.com\/en\/product\/eco-mochila-azul-pienso-luego-consumo-2\/","title":{"rendered":"Eco Mochila Azul Pienso Luego consumo"},"content":{"rendered":"","protected":false},"excerpt":{"rendered":"<p>Eco Mochila! #Pienso, luego consumo!<\/p>\n<p>Mochila en lona impermeable y lavable con bolsillos externos y bolsillo interno para notebook.<\/p>\n<p>Etiqueta realizada con 100% de tapitas pl\u00e1sticas recicladas<\/p>\n<p>Contiene un sobre con semillas para que puedas plantar y contribuir con el cuidado responsable del planeta!<\/p>\n<p>&#8220;La acci\u00f3n m\u00e1s peque\u00f1a es mejor que la intenci\u00f3n m\u00e1s grande&#8221;<\/p>","protected":false},"featured_media":18013,"comment_status":"closed","ping_status":"closed","template":"","meta":{"_acf_changed":false,"om_disable_all_campaigns":false,"_monsterinsights_skip_tracking":false,"_monsterinsights_sitenote_active":false,"_monsterinsights_sitenote_note":"","_monsterinsights_sitenote_category":0,"jetpack_post_was_ever_published":false},"etheme_brands":[],"product_brand":[],"product_cat":[339],"product_tag":[],"class_list":{"0":"post-18012","1":"product","2":"type-product","3":"status-publish","4":"has-post-thumbnail","6":"product_cat-carteras-bolsos","8":"first","9":"outofstock","10":"taxable","11":"shipping-taxable","12":"purchasable","13":"product-type-simple"},"acf":[],"aioseo_notices":[],"jetpack_sharing_enabled":true,"_links":{"self":[{"href":"https:\/\/www.argensend.com\/en\/wp-json\/wp\/v2\/product\/18012","targetHints":{"allow":["GET"]}}],"collection":[{"href":"https:\/\/www.argensend.com\/en\/wp-json\/wp\/v2\/product"}],"about":[{"href":"https:\/\/www.argensend.com\/en\/wp-json\/wp\/v2\/types\/product"}],"replies":[{"embeddable":true,"href":"https:\/\/www.argensend.com\/en\/wp-json\/wp\/v2\/comments?post=18012"}],"version-history":[{"count":2,"href":"https:\/\/www.argensend.com\/en\/wp-json\/wp\/v2\/product\/18012\/revisions"}],"predecessor-version":[{"id":101469,"href":"https:\/\/www.argensend.com\/en\/wp-json\/wp\/v2\/product\/18012\/revisions\/101469"}],"wp:featuredmedia":[{"embeddable":true,"href":"https:\/\/www.argensend.com\/en\/wp-json\/wp\/v2\/media\/18013"}],"wp:attachment":[{"href":"https:\/\/www.argensend.com\/en\/wp-json\/wp\/v2\/media?parent=18012"}],"wp:term":[{"taxonomy":"brand","embeddable":true,"href":"https:\/\/www.argensend.com\/en\/wp-json\/wp\/v2\/etheme_brands?post=18012"},{"taxonomy":"product_brand","embeddable":true,"href":"https:\/\/www.argensend.com\/en\/wp-json\/wp\/v2\/product_brand?post=18012"},{"taxonomy":"product_cat","embeddable":true,"href":"https:\/\/www.argensend.com\/en\/wp-json\/wp\/v2\/product_cat?post=18012"},{"taxonomy":"product_tag","embeddable":true,"href":"https:\/\/www.argensend.com\/en\/wp-json\/wp\/v2\/product_tag?post=18012"}],"curies":[{"name":"wp","href":"https:\/\/api.w.org\/{rel}","templated":true}]}}