{"id":18014,"date":"2021-04-01T22:59:49","date_gmt":"2021-04-02T01:59:49","guid":{"rendered":"https:\/\/www.argensend.com\/?post_type=product&#038;p=18014"},"modified":"2024-12-06T16:00:44","modified_gmt":"2024-12-06T19:00:44","slug":"eva-copa-copita-menstrual-silicona-reutilizable-ecologica","status":"publish","type":"product","link":"https:\/\/www.argensend.com\/en\/product\/eva-copa-copita-menstrual-silicona-reutilizable-ecologica\/","title":{"rendered":"Eva Copa Copita Menstrual Silicona Reutilizable Ecol\u00f3gica"},"content":{"rendered":"","protected":false},"excerpt":{"rendered":"<p>INFORMACI\u00d3N DEL PRODUCTO<\/p>\n<p>\u00a1Animate al cambio!<\/p>\n<p>Elea presenta EVACOPA Menstrual, un desarrollo integral propio del laboratorio, cuya producci\u00f3n y aseguramiento de la calidad se realiza con robustos est\u00e1ndares farmac\u00e9uticos y se encuentra fabricada con materiales que re\u00fanen las siguientes propiedades:<\/p>\n<p>&#8211; Silicona de calidad farmac\u00e9utica y at\u00f3xica para evitar el desarrollo bacteriano. De origen Alemania y 100% virgen.<\/p>\n<p>&#8211; No contiene ning\u00fan componente de origen animal o humano, lo que la hace apta veganas.<\/p>\n<p>&#8211; Hipoalerg\u00e9nica, libre de l\u00e1tex y fragancias. No altera el pH vaginal.<\/p>\n<p>&#8211; Libre de aditivos, olores, colorantes t\u00f3xicos y otros elementos vol\u00e1tiles.<\/p>\n<p>&#8211; Cumple con las regulaciones de la Farmacopea Americana USP BIOLOGICAL TEST CLASSIFICATION VI y con la Norma ISO 10993-1 de biocompatibilidad.<\/p>\n<p>DESCRIPCI\u00d3N<\/p>\n<p>&#8211; C\u00f3moda: Permite realizar actividad deportiva<\/p>\n<p>&#8211; Segura: Evita infecciones y no genera irritaciones<\/p>\n<p>&#8211; Uso continuo: Hasta 12 horas<\/p>\n<p>&#8211; Pr\u00e1ctica: No genera malos olores<\/p>\n<p>&#8211; M\u00e1s econ\u00f3mica: Por su durabilidad versus otros m\u00e9todos de gesti\u00f3n menstrual<\/p>\n<p>&#8211; Ecol\u00f3gica y reutilizable: Hasta por 5 a\u00f1os<\/p>\n<p>&#8211; F\u00e1cil de colocar<\/p>\n<p>&#8211; F\u00e1cil de extraer<\/p>\n<p>&#8211; F\u00e1cil de higienizarINFORMACI\u00d3N DEL PRODUCTO<\/p>\n<p>\u00a1Animate al cambio!<\/p>\n<p>Elea presenta EVACOPA Menstrual, un desarrollo integral propio del laboratorio, cuya producci\u00f3n y aseguramiento de la calidad se realiza con robustos est\u00e1ndares farmac\u00e9uticos y se encuentra fabricada con materiales que re\u00fanen las siguientes propiedades:<\/p>\n<p>&#8211; Silicona de calidad farmac\u00e9utica y at\u00f3xica para evitar el desarrollo bacteriano. De origen Alemania y 100% virgen.<\/p>\n<p>&#8211; No contiene ning\u00fan componente de origen animal o humano, lo que la hace apta veganas.<\/p>\n<p>&#8211; Hipoalerg\u00e9nica, libre de l\u00e1tex y fragancias. No altera el pH vaginal.<\/p>\n<p>&#8211; Libre de aditivos, olores, colorantes t\u00f3xicos y otros elementos vol\u00e1tiles.<\/p>\n<p>&#8211; Cumple con las regulaciones de la Farmacopea Americana USP BIOLOGICAL TEST CLASSIFICATION VI y con la Norma ISO 10993-1 de biocompatibilidad.<\/p>\n<p>DESCRIPCI\u00d3N<\/p>\n<p>&#8211; C\u00f3moda: Permite realizar actividad deportiva<\/p>\n<p>&#8211; Segura: Evita infecciones y no genera irritaciones<\/p>\n<p>&#8211; Uso continuo: Hasta 12 horas<\/p>\n<p>&#8211; Pr\u00e1ctica: No genera malos olores<\/p>\n<p>&#8211; M\u00e1s econ\u00f3mica: Por su durabilidad versus otros m\u00e9todos de gesti\u00f3n menstrual<\/p>\n<p>&#8211; Ecol\u00f3gica y reutilizable: Hasta por 5 a\u00f1os<\/p>\n<p>&#8211; F\u00e1cil de colocar<\/p>\n<p>&#8211; F\u00e1cil de extraer<\/p>\n<p>&#8211; F\u00e1cil de higienizar<\/p>","protected":false},"featured_media":18015,"comment_status":"closed","ping_status":"closed","template":"","meta":{"_acf_changed":false,"om_disable_all_campaigns":false,"_monsterinsights_skip_tracking":false,"_monsterinsights_sitenote_active":false,"_monsterinsights_sitenote_note":"","_monsterinsights_sitenote_category":0},"etheme_brands":[],"product_brand":[],"product_cat":[8819],"product_tag":[],"class_list":{"0":"post-18014","1":"product","2":"type-product","3":"status-publish","4":"has-post-thumbnail","6":"product_cat-farmacia","8":"first","9":"instock","10":"taxable","11":"shipping-taxable","12":"purchasable","13":"product-type-simple"},"acf":[],"aioseo_notices":[],"_links":{"self":[{"href":"https:\/\/www.argensend.com\/en\/wp-json\/wp\/v2\/product\/18014","targetHints":{"allow":["GET"]}}],"collection":[{"href":"https:\/\/www.argensend.com\/en\/wp-json\/wp\/v2\/product"}],"about":[{"href":"https:\/\/www.argensend.com\/en\/wp-json\/wp\/v2\/types\/product"}],"replies":[{"embeddable":true,"href":"https:\/\/www.argensend.com\/en\/wp-json\/wp\/v2\/comments?post=18014"}],"version-history":[{"count":1,"href":"https:\/\/www.argensend.com\/en\/wp-json\/wp\/v2\/product\/18014\/revisions"}],"predecessor-version":[{"id":97830,"href":"https:\/\/www.argensend.com\/en\/wp-json\/wp\/v2\/product\/18014\/revisions\/97830"}],"wp:featuredmedia":[{"embeddable":true,"href":"https:\/\/www.argensend.com\/en\/wp-json\/wp\/v2\/media\/18015"}],"wp:attachment":[{"href":"https:\/\/www.argensend.com\/en\/wp-json\/wp\/v2\/media?parent=18014"}],"wp:term":[{"taxonomy":"brand","embeddable":true,"href":"https:\/\/www.argensend.com\/en\/wp-json\/wp\/v2\/etheme_brands?post=18014"},{"taxonomy":"product_brand","embeddable":true,"href":"https:\/\/www.argensend.com\/en\/wp-json\/wp\/v2\/product_brand?post=18014"},{"taxonomy":"product_cat","embeddable":true,"href":"https:\/\/www.argensend.com\/en\/wp-json\/wp\/v2\/product_cat?post=18014"},{"taxonomy":"product_tag","embeddable":true,"href":"https:\/\/www.argensend.com\/en\/wp-json\/wp\/v2\/product_tag?post=18014"}],"curies":[{"name":"wp","href":"https:\/\/api.w.org\/{rel}","templated":true}]}}