{"id":18019,"date":"2021-04-01T23:04:17","date_gmt":"2021-04-02T02:04:17","guid":{"rendered":"https:\/\/www.argensend.com\/?post_type=product&#038;p=18019"},"modified":"2025-08-19T13:32:18","modified_gmt":"2025-08-19T16:32:18","slug":"set-facial-ipanema-ecologico","status":"publish","type":"product","link":"https:\/\/www.argensend.com\/en\/product\/set-facial-ipanema-ecologico\/","title":{"rendered":"Set Facial Ipanema Ecol\u00f3gico"},"content":{"rendered":"","protected":false},"excerpt":{"rendered":"<p>&nbsp;<\/p>\n<p>Set Facial<\/p>\n<p>Incluye bolsita cristal + 2 discos reutilizables + jab\u00f3n exfoliante bifaz<\/p>\n<p>El Jab\u00f3n bifaz, es exfoliante e hidratante. Posee una cara oscura, abrasiva pero tambi\u00e9n profundamente limpiadora y suavemente exfoliante, y una cara suave, ideal para humectar y suavizar tu piel!<\/p>\n<p>Es 100% natural, libre de conservantes, qu\u00edmicos y parabenos<\/p>\n<p>Contiene aceites de oliva y de coco, carb\u00f3n vegetal triturado, hidr\u00f3xido de sodio, agua desmineralizada, manteca de karit\u00e9, aroma, colorantes vegetales.<\/p>\n<p>Utiliz\u00e1 el jab\u00f3n del lado oscuro y exfoliante para limpiar tu piel y luego utiliz\u00e1 la cara suave para humectar e hidratar tu piel.<\/p>\n<p>Acordate de dejar siempre el jab\u00f3n en la jabonera para que permanezca seco y dure mucho m\u00e1s tiempo!<\/p>\n<p>Los discos de maquillaje reutilizables podes utilizarlos con tus productos desmaquillantes habituales.<\/p>\n<p>Una vez utilizados, los lavas con agua tibia, los dej\u00e1s secar y est\u00e1n listos para volver a usarlos!<\/p>\n<p>Cuidemos el medio ambiente generando menos residuos!<\/p>","protected":false},"featured_media":18020,"comment_status":"closed","ping_status":"closed","template":"","meta":{"_acf_changed":false,"om_disable_all_campaigns":false,"_monsterinsights_skip_tracking":false,"_monsterinsights_sitenote_active":false,"_monsterinsights_sitenote_note":"","_monsterinsights_sitenote_category":0},"etheme_brands":[],"product_brand":[],"product_cat":[8819],"product_tag":[],"class_list":{"0":"post-18019","1":"product","2":"type-product","3":"status-publish","4":"has-post-thumbnail","6":"product_cat-farmacia","8":"first","9":"instock","10":"taxable","11":"shipping-taxable","12":"purchasable","13":"product-type-simple"},"acf":[],"aioseo_notices":[],"_links":{"self":[{"href":"https:\/\/www.argensend.com\/en\/wp-json\/wp\/v2\/product\/18019","targetHints":{"allow":["GET"]}}],"collection":[{"href":"https:\/\/www.argensend.com\/en\/wp-json\/wp\/v2\/product"}],"about":[{"href":"https:\/\/www.argensend.com\/en\/wp-json\/wp\/v2\/types\/product"}],"replies":[{"embeddable":true,"href":"https:\/\/www.argensend.com\/en\/wp-json\/wp\/v2\/comments?post=18019"}],"version-history":[{"count":2,"href":"https:\/\/www.argensend.com\/en\/wp-json\/wp\/v2\/product\/18019\/revisions"}],"predecessor-version":[{"id":99108,"href":"https:\/\/www.argensend.com\/en\/wp-json\/wp\/v2\/product\/18019\/revisions\/99108"}],"wp:featuredmedia":[{"embeddable":true,"href":"https:\/\/www.argensend.com\/en\/wp-json\/wp\/v2\/media\/18020"}],"wp:attachment":[{"href":"https:\/\/www.argensend.com\/en\/wp-json\/wp\/v2\/media?parent=18019"}],"wp:term":[{"taxonomy":"brand","embeddable":true,"href":"https:\/\/www.argensend.com\/en\/wp-json\/wp\/v2\/etheme_brands?post=18019"},{"taxonomy":"product_brand","embeddable":true,"href":"https:\/\/www.argensend.com\/en\/wp-json\/wp\/v2\/product_brand?post=18019"},{"taxonomy":"product_cat","embeddable":true,"href":"https:\/\/www.argensend.com\/en\/wp-json\/wp\/v2\/product_cat?post=18019"},{"taxonomy":"product_tag","embeddable":true,"href":"https:\/\/www.argensend.com\/en\/wp-json\/wp\/v2\/product_tag?post=18019"}],"curies":[{"name":"wp","href":"https:\/\/api.w.org\/{rel}","templated":true}]}}