{"id":18021,"date":"2021-04-01T23:12:56","date_gmt":"2021-04-02T02:12:56","guid":{"rendered":"https:\/\/www.argensend.com\/?post_type=product&#038;p=18021"},"modified":"2024-12-06T16:00:44","modified_gmt":"2024-12-06T19:00:44","slug":"cepillo-dental-sustentable-ecologico-ninos","status":"publish","type":"product","link":"https:\/\/www.argensend.com\/en\/product\/cepillo-dental-sustentable-ecologico-ninos\/","title":{"rendered":"Cepillo Dental Sustentable Ecol\u00f3gico Ni\u00f1os"},"content":{"rendered":"","protected":false},"excerpt":{"rendered":"<p>INFORMACI\u00d3N DEL PRODUCTO<\/p>\n<p>GREEN DENT Cepillo Dental para Ni\u00f1os 1 u. By BUCAL TAC. Mango realizado con plastico reciclado y estuche impreso en carton recicblable. SUSTENTABLE.ECOLOGICO<\/p>\n<p>cepillo, dental, ecologico, sustentable, medio ambiente. Suave<\/p>\n<p>&nbsp;<\/p>\n<p>PRODUCT INFORMATION<\/p>\n<p>GREEN DENT Toothbrush for Children 1 u. By BUCAL TAC. Handle made of recycled plastic and case printed in recyclable cardboard. SUSTAINABLE.ECOLOGICAL<\/p>\n<p>toothbrush, toothbrush, ecologic, sustainable, environment. Soft<\/p>","protected":false},"featured_media":18022,"comment_status":"closed","ping_status":"closed","template":"","meta":{"_acf_changed":false,"om_disable_all_campaigns":false,"_monsterinsights_skip_tracking":false,"_monsterinsights_sitenote_active":false,"_monsterinsights_sitenote_note":"","_monsterinsights_sitenote_category":0},"etheme_brands":[],"product_brand":[],"product_cat":[8819],"product_tag":[],"class_list":{"0":"post-18021","1":"product","2":"type-product","3":"status-publish","4":"has-post-thumbnail","6":"product_cat-farmacia","8":"first","9":"instock","10":"taxable","11":"shipping-taxable","12":"purchasable","13":"product-type-simple"},"acf":[],"aioseo_notices":[],"_links":{"self":[{"href":"https:\/\/www.argensend.com\/en\/wp-json\/wp\/v2\/product\/18021","targetHints":{"allow":["GET"]}}],"collection":[{"href":"https:\/\/www.argensend.com\/en\/wp-json\/wp\/v2\/product"}],"about":[{"href":"https:\/\/www.argensend.com\/en\/wp-json\/wp\/v2\/types\/product"}],"replies":[{"embeddable":true,"href":"https:\/\/www.argensend.com\/en\/wp-json\/wp\/v2\/comments?post=18021"}],"version-history":[{"count":2,"href":"https:\/\/www.argensend.com\/en\/wp-json\/wp\/v2\/product\/18021\/revisions"}],"predecessor-version":[{"id":94155,"href":"https:\/\/www.argensend.com\/en\/wp-json\/wp\/v2\/product\/18021\/revisions\/94155"}],"wp:featuredmedia":[{"embeddable":true,"href":"https:\/\/www.argensend.com\/en\/wp-json\/wp\/v2\/media\/18022"}],"wp:attachment":[{"href":"https:\/\/www.argensend.com\/en\/wp-json\/wp\/v2\/media?parent=18021"}],"wp:term":[{"taxonomy":"brand","embeddable":true,"href":"https:\/\/www.argensend.com\/en\/wp-json\/wp\/v2\/etheme_brands?post=18021"},{"taxonomy":"product_brand","embeddable":true,"href":"https:\/\/www.argensend.com\/en\/wp-json\/wp\/v2\/product_brand?post=18021"},{"taxonomy":"product_cat","embeddable":true,"href":"https:\/\/www.argensend.com\/en\/wp-json\/wp\/v2\/product_cat?post=18021"},{"taxonomy":"product_tag","embeddable":true,"href":"https:\/\/www.argensend.com\/en\/wp-json\/wp\/v2\/product_tag?post=18021"}],"curies":[{"name":"wp","href":"https:\/\/api.w.org\/{rel}","templated":true}]}}