{"id":18106,"date":"2021-04-02T10:51:58","date_gmt":"2021-04-02T13:51:58","guid":{"rendered":"https:\/\/www.argensend.com\/?post_type=product&#038;p=18106"},"modified":"2025-03-06T20:47:29","modified_gmt":"2025-03-06T23:47:29","slug":"esponja-corporal-negra-con-cenizas-activas-de-bambu","status":"publish","type":"product","link":"https:\/\/www.argensend.com\/en\/product\/esponja-corporal-negra-con-cenizas-activas-de-bambu\/","title":{"rendered":"Esponja Corporal Negra con Cenizas Activas de Bambu"},"content":{"rendered":"","protected":false},"excerpt":{"rendered":"<p>PARA PIELES:<\/p>\n<p>GRASAS<\/p>\n<p>PROPENSAS AL ACN\u00c9<\/p>\n<p>CON PUNTOS NEGROS<\/p>\n<p>Nuestra esponja corporal Konjac Original con Cenizas Activas de Bamb\u00fa es ideal para toda la familia y est\u00e1 dise\u00f1ada anat\u00f3micamente para el cuerpo.<\/p>\n<p>Limpia profundamente la piel, exfolia delicadamente, con un mayor poder de absorci\u00f3n de grasa\/cebo<\/p>\n<p>Estimula el flujo de sangu\u00edneo y promueve la renovaci\u00f3n celular de la piel.<\/p>\n<p>Combate el exceso de cebo y granitos de la espalda y gl\u00fateos.<\/p>\n<p>Se puede usar sola o con una gota de limpiador habitual (la esponja genera mayor espuma y ayuda a ahorrar en producto).<\/p>\n<p>\u00a1CUIDA TU ESPONJA!<\/p>\n<p>Las esponjas Konjac Original son de pura fibra vegetal natural, por lo que la humedad las puede da\u00f1ar. Te pedimos cumplir con los siguientes cuidados:<\/p>\n<p>Enjuaga bien para evitar residuos.<\/p>\n<p>Escurre al M\u00c1XIMO con ambas manos (sin retorcer).<\/p>\n<p>Colgarla del hilito en un ambiente limpio y ventilado.<\/p>\n<p>Higienizar semanalmente con agua caliente (no hirviendo) y jab\u00f3n neutro.<\/p>\n<p>NUNCA dejarla apoyada en superficies porque se da\u00f1a. Evitar ambientes h\u00famedos y contacto directo al sol.<\/p>\n<p>Todas nuestras esponjas tienen una textura sedosa al humedecer, es un placer indescriptible masajearse el rostro con ellas. Vienen en envase termosellado, conservando su higiene y la \u00f3ptima calidad desde su envasado en Korea. Son completamente naturales, org\u00e1nicas, biodegradables, sin ning\u00fan tipo de aditivos colorantes o qu\u00edmicos (a diferencia de imitaciones de baja calidad que contaminan tu piel).<\/p>","protected":false},"featured_media":18107,"comment_status":"closed","ping_status":"closed","template":"","meta":{"_acf_changed":false,"om_disable_all_campaigns":false,"_monsterinsights_skip_tracking":false,"_monsterinsights_sitenote_active":false,"_monsterinsights_sitenote_note":"","_monsterinsights_sitenote_category":0},"etheme_brands":[],"product_brand":[],"product_cat":[8819],"product_tag":[],"class_list":{"0":"post-18106","1":"product","2":"type-product","3":"status-publish","4":"has-post-thumbnail","6":"product_cat-farmacia","8":"first","9":"instock","10":"taxable","11":"shipping-taxable","12":"purchasable","13":"product-type-simple"},"acf":[],"aioseo_notices":[],"_links":{"self":[{"href":"https:\/\/www.argensend.com\/en\/wp-json\/wp\/v2\/product\/18106","targetHints":{"allow":["GET"]}}],"collection":[{"href":"https:\/\/www.argensend.com\/en\/wp-json\/wp\/v2\/product"}],"about":[{"href":"https:\/\/www.argensend.com\/en\/wp-json\/wp\/v2\/types\/product"}],"replies":[{"embeddable":true,"href":"https:\/\/www.argensend.com\/en\/wp-json\/wp\/v2\/comments?post=18106"}],"version-history":[{"count":2,"href":"https:\/\/www.argensend.com\/en\/wp-json\/wp\/v2\/product\/18106\/revisions"}],"predecessor-version":[{"id":99111,"href":"https:\/\/www.argensend.com\/en\/wp-json\/wp\/v2\/product\/18106\/revisions\/99111"}],"wp:featuredmedia":[{"embeddable":true,"href":"https:\/\/www.argensend.com\/en\/wp-json\/wp\/v2\/media\/18107"}],"wp:attachment":[{"href":"https:\/\/www.argensend.com\/en\/wp-json\/wp\/v2\/media?parent=18106"}],"wp:term":[{"taxonomy":"brand","embeddable":true,"href":"https:\/\/www.argensend.com\/en\/wp-json\/wp\/v2\/etheme_brands?post=18106"},{"taxonomy":"product_brand","embeddable":true,"href":"https:\/\/www.argensend.com\/en\/wp-json\/wp\/v2\/product_brand?post=18106"},{"taxonomy":"product_cat","embeddable":true,"href":"https:\/\/www.argensend.com\/en\/wp-json\/wp\/v2\/product_cat?post=18106"},{"taxonomy":"product_tag","embeddable":true,"href":"https:\/\/www.argensend.com\/en\/wp-json\/wp\/v2\/product_tag?post=18106"}],"curies":[{"name":"wp","href":"https:\/\/api.w.org\/{rel}","templated":true}]}}