{"id":18186,"date":"2021-04-02T14:08:58","date_gmt":"2021-04-02T17:08:58","guid":{"rendered":"https:\/\/www.argensend.com\/?post_type=product&#038;p=18186"},"modified":"2025-05-26T16:38:16","modified_gmt":"2025-05-26T19:38:16","slug":"asiento-portatil-zeet-super-comodo-y-liviano","status":"publish","type":"product","link":"https:\/\/www.argensend.com\/en\/product\/asiento-portatil-zeet-super-comodo-y-liviano\/","title":{"rendered":"Asiento Port\u00e1til Zeet, Super C\u00f3modo y Liviano"},"content":{"rendered":"","protected":false},"excerpt":{"rendered":"<h2 class=\"ui-pdp-description__title\">Descripci\u00f3n<\/h2>\n<p class=\"ui-pdp-description__content\">Descripci\u00f3n: asiento con respaldo, port\u00e1til, pr\u00e1ctico y liviano para brindar comodidad y poder usarlo sobre cualquier superficie. Ideal para grandes y chicos para disfrutar al aire libre.<\/p>\n<p>Dimensiones (largo x ancho x alto en cm)<\/p>\n<p>Medidas embolsado (plegado): 42 x 42 x 4 cm<\/p>\n<p>Medidas estirado: 84 x 42\/62 x 2 cm<\/p>\n<p>Peso: 550 gr \/ 0,55 kg<\/p>\n<p>Capacidad de uso: hasta 100 kg<\/p>\n<p>Colores: negro y gris, accesorios en negro, logo bordado en hilo color blanco<\/p>\n<p>Materiales:<\/p>\n<p>Tapizado: cordura importada, tela pl\u00e1stica compuesta por un tejido de poliester cubierto del reverso con una l\u00e1mina de PVC. Posee buena resistencia a los efectos de la luz natural, f\u00e1cil de lavar, seca r\u00e1pidamente y no se deforma.<\/p>\n<p>Relleno: espuma de polietileno o Polex de 10 mm de espesor. No permite el paso del agua ni absorbe la humedad, excelente aislante t\u00e9rmico, reutilizable y reciclable.<\/p>","protected":false},"featured_media":18194,"comment_status":"closed","ping_status":"closed","template":"","meta":{"_acf_changed":false,"om_disable_all_campaigns":false,"_monsterinsights_skip_tracking":false,"_monsterinsights_sitenote_active":false,"_monsterinsights_sitenote_note":"","_monsterinsights_sitenote_category":0},"etheme_brands":[],"product_brand":[],"product_cat":[79],"product_tag":[],"class_list":{"0":"post-18186","1":"product","2":"type-product","3":"status-publish","4":"has-post-thumbnail","6":"product_cat-accesorios","8":"first","9":"instock","10":"taxable","11":"shipping-taxable","12":"purchasable","13":"product-type-simple"},"acf":[],"aioseo_notices":[],"_links":{"self":[{"href":"https:\/\/www.argensend.com\/en\/wp-json\/wp\/v2\/product\/18186","targetHints":{"allow":["GET"]}}],"collection":[{"href":"https:\/\/www.argensend.com\/en\/wp-json\/wp\/v2\/product"}],"about":[{"href":"https:\/\/www.argensend.com\/en\/wp-json\/wp\/v2\/types\/product"}],"replies":[{"embeddable":true,"href":"https:\/\/www.argensend.com\/en\/wp-json\/wp\/v2\/comments?post=18186"}],"version-history":[{"count":2,"href":"https:\/\/www.argensend.com\/en\/wp-json\/wp\/v2\/product\/18186\/revisions"}],"predecessor-version":[{"id":98560,"href":"https:\/\/www.argensend.com\/en\/wp-json\/wp\/v2\/product\/18186\/revisions\/98560"}],"wp:featuredmedia":[{"embeddable":true,"href":"https:\/\/www.argensend.com\/en\/wp-json\/wp\/v2\/media\/18194"}],"wp:attachment":[{"href":"https:\/\/www.argensend.com\/en\/wp-json\/wp\/v2\/media?parent=18186"}],"wp:term":[{"taxonomy":"brand","embeddable":true,"href":"https:\/\/www.argensend.com\/en\/wp-json\/wp\/v2\/etheme_brands?post=18186"},{"taxonomy":"product_brand","embeddable":true,"href":"https:\/\/www.argensend.com\/en\/wp-json\/wp\/v2\/product_brand?post=18186"},{"taxonomy":"product_cat","embeddable":true,"href":"https:\/\/www.argensend.com\/en\/wp-json\/wp\/v2\/product_cat?post=18186"},{"taxonomy":"product_tag","embeddable":true,"href":"https:\/\/www.argensend.com\/en\/wp-json\/wp\/v2\/product_tag?post=18186"}],"curies":[{"name":"wp","href":"https:\/\/api.w.org\/{rel}","templated":true}]}}