{"id":18305,"date":"2021-04-04T12:35:58","date_gmt":"2021-04-04T15:35:58","guid":{"rendered":"https:\/\/www.argensend.com\/?post_type=product&#038;p=18305"},"modified":"2025-04-21T14:22:05","modified_gmt":"2025-04-21T17:22:05","slug":"cafe-en-capsulas-viaggio-espresso-arabica-10-capsulas","status":"publish","type":"product","link":"https:\/\/www.argensend.com\/en\/product\/cafe-en-capsulas-viaggio-espresso-arabica-10-capsulas\/","title":{"rendered":"Viaggio &#8211; Caf\u00e9 en C\u00e1psulas Espresso Arabica 10 C\u00e1psulas"},"content":{"rendered":"","protected":false},"excerpt":{"rendered":"","protected":false},"featured_media":18292,"comment_status":"closed","ping_status":"closed","template":"","meta":{"_acf_changed":false,"om_disable_all_campaigns":false,"_monsterinsights_skip_tracking":false,"_monsterinsights_sitenote_active":false,"_monsterinsights_sitenote_note":"","_monsterinsights_sitenote_category":0},"etheme_brands":[],"product_brand":[],"product_cat":[2126],"product_tag":[203,234,224,1275,1357,236,2205,2204,2153,2206,2208,2207,163],"class_list":{"0":"post-18305","1":"product","2":"type-product","3":"status-publish","4":"has-post-thumbnail","6":"product_cat-cafe","7":"product_tag-argentina","8":"product_tag-argentine","9":"product_tag-argentino","10":"product_tag-cafe","11":"product_tag-delicia","12":"product_tag-delicious","13":"product_tag-espresso","14":"product_tag-expresso","15":"product_tag-infusiones","16":"product_tag-molido","17":"product_tag-saquitos","18":"product_tag-tostado","19":"product_tag-yerba","21":"first","22":"instock","23":"taxable","24":"shipping-taxable","25":"purchasable","26":"product-type-simple"},"acf":[],"aioseo_notices":[],"_links":{"self":[{"href":"https:\/\/www.argensend.com\/en\/wp-json\/wp\/v2\/product\/18305","targetHints":{"allow":["GET"]}}],"collection":[{"href":"https:\/\/www.argensend.com\/en\/wp-json\/wp\/v2\/product"}],"about":[{"href":"https:\/\/www.argensend.com\/en\/wp-json\/wp\/v2\/types\/product"}],"replies":[{"embeddable":true,"href":"https:\/\/www.argensend.com\/en\/wp-json\/wp\/v2\/comments?post=18305"}],"version-history":[{"count":3,"href":"https:\/\/www.argensend.com\/en\/wp-json\/wp\/v2\/product\/18305\/revisions"}],"predecessor-version":[{"id":107858,"href":"https:\/\/www.argensend.com\/en\/wp-json\/wp\/v2\/product\/18305\/revisions\/107858"}],"wp:featuredmedia":[{"embeddable":true,"href":"https:\/\/www.argensend.com\/en\/wp-json\/wp\/v2\/media\/18292"}],"wp:attachment":[{"href":"https:\/\/www.argensend.com\/en\/wp-json\/wp\/v2\/media?parent=18305"}],"wp:term":[{"taxonomy":"brand","embeddable":true,"href":"https:\/\/www.argensend.com\/en\/wp-json\/wp\/v2\/etheme_brands?post=18305"},{"taxonomy":"product_brand","embeddable":true,"href":"https:\/\/www.argensend.com\/en\/wp-json\/wp\/v2\/product_brand?post=18305"},{"taxonomy":"product_cat","embeddable":true,"href":"https:\/\/www.argensend.com\/en\/wp-json\/wp\/v2\/product_cat?post=18305"},{"taxonomy":"product_tag","embeddable":true,"href":"https:\/\/www.argensend.com\/en\/wp-json\/wp\/v2\/product_tag?post=18305"}],"curies":[{"name":"wp","href":"https:\/\/api.w.org\/{rel}","templated":true}]}}