{"id":18505,"date":"2021-04-06T14:20:17","date_gmt":"2021-04-06T17:20:17","guid":{"rendered":"https:\/\/www.argensend.com\/?post_type=product&#038;p=18505"},"modified":"2024-12-06T16:01:09","modified_gmt":"2024-12-06T19:01:09","slug":"maradona-yo-soy-el-diego-de-d-a-maradona-i-am-el-diego-by-d-a-maradona","status":"publish","type":"product","link":"https:\/\/www.argensend.com\/en\/product\/maradona-yo-soy-el-diego-de-d-a-maradona-i-am-el-diego-by-d-a-maradona\/","title":{"rendered":"Maradona &#8211; Yo Soy El Diego De La Gente"},"content":{"rendered":"","protected":false},"excerpt":{"rendered":"<p>Rese\u00f1a:<\/p>\n<p>Yo soy el Diego Diego Armando Maradona Desde los or\u00edgenes pobres hasta la mayor gloria, pasando por cada una de sus muertes y sus respectivas resurrecciones, por las definiciones sobre sus amigos y sus enemigos, todo est\u00e1 relatado aqu\u00ed por \u00e9l, en primera persona, un Maradona \u00edntegro y tambi\u00e9n \u00edntimo. Es este Maradona que confiesa y que define sin reservas: ?Al Diego, a m\u00ed, me sacaron de Villa Fiorito y me revolearon de una patada en el culo a Par\u00eds, a la torre Eiffel. Yo ten\u00eda puesto el pantal\u00f3n de siempre, el \u00fanico, el que usaba en el invierno y en el verano, \u00e9se de corderoy. All\u00ed ca\u00ed y me pidieron, me exigieron, que dijera lo que ten\u00eda que decir, que actuara como ten\u00eda que actuar, que hiciera lo que ellos quisieran. Y yo hice. Yo. hice lo que pude, creo que tan mal no me fue?.<\/p>\n<p>Detalle: Libro nuevo<\/p>\n<p>P\u00e1ginas: 376<\/p>\n<p>Peso: 286<\/p>\n<p>Grueso: 3Ancho: 12,5<\/p>\n<p>Alto: 18,6<\/p>\n<p>Los pedidos se enviar\u00e1n dentro de las 24hs h\u00e1biles de confirmada la compra<\/p>","protected":false},"featured_media":18507,"comment_status":"closed","ping_status":"closed","template":"","meta":{"_acf_changed":false,"om_disable_all_campaigns":false,"_monsterinsights_skip_tracking":false,"_monsterinsights_sitenote_active":false,"_monsterinsights_sitenote_note":"","_monsterinsights_sitenote_category":0,"jetpack_post_was_ever_published":false},"etheme_brands":[],"product_brand":[],"product_cat":[1016,685],"product_tag":[203,234,224,755,1980,1050,3731,752,1979,3666,4726,1213,3352,3252],"class_list":{"0":"post-18505","1":"product","2":"type-product","3":"status-publish","4":"has-post-thumbnail","6":"product_cat-maradona","7":"product_cat-libros","8":"product_tag-argentina","9":"product_tag-argentine","10":"product_tag-argentino","11":"product_tag-book","12":"product_tag-diego","13":"product_tag-futbol","14":"product_tag-historia","15":"product_tag-libro","16":"product_tag-maradona","17":"product_tag-national","18":"product_tag-reading","19":"product_tag-seleccion","20":"product_tag-soccer","21":"product_tag-team","23":"first","24":"instock","25":"taxable","26":"shipping-taxable","27":"purchasable","28":"product-type-simple"},"acf":[],"aioseo_notices":[],"jetpack_sharing_enabled":true,"_links":{"self":[{"href":"https:\/\/www.argensend.com\/en\/wp-json\/wp\/v2\/product\/18505","targetHints":{"allow":["GET"]}}],"collection":[{"href":"https:\/\/www.argensend.com\/en\/wp-json\/wp\/v2\/product"}],"about":[{"href":"https:\/\/www.argensend.com\/en\/wp-json\/wp\/v2\/types\/product"}],"replies":[{"embeddable":true,"href":"https:\/\/www.argensend.com\/en\/wp-json\/wp\/v2\/comments?post=18505"}],"version-history":[{"count":4,"href":"https:\/\/www.argensend.com\/en\/wp-json\/wp\/v2\/product\/18505\/revisions"}],"predecessor-version":[{"id":112758,"href":"https:\/\/www.argensend.com\/en\/wp-json\/wp\/v2\/product\/18505\/revisions\/112758"}],"wp:featuredmedia":[{"embeddable":true,"href":"https:\/\/www.argensend.com\/en\/wp-json\/wp\/v2\/media\/18507"}],"wp:attachment":[{"href":"https:\/\/www.argensend.com\/en\/wp-json\/wp\/v2\/media?parent=18505"}],"wp:term":[{"taxonomy":"brand","embeddable":true,"href":"https:\/\/www.argensend.com\/en\/wp-json\/wp\/v2\/etheme_brands?post=18505"},{"taxonomy":"product_brand","embeddable":true,"href":"https:\/\/www.argensend.com\/en\/wp-json\/wp\/v2\/product_brand?post=18505"},{"taxonomy":"product_cat","embeddable":true,"href":"https:\/\/www.argensend.com\/en\/wp-json\/wp\/v2\/product_cat?post=18505"},{"taxonomy":"product_tag","embeddable":true,"href":"https:\/\/www.argensend.com\/en\/wp-json\/wp\/v2\/product_tag?post=18505"}],"curies":[{"name":"wp","href":"https:\/\/api.w.org\/{rel}","templated":true}]}}