{"id":20192,"date":"2021-04-14T15:35:35","date_gmt":"2021-04-14T18:35:35","guid":{"rendered":"https:\/\/www.argensend.com\/?post_type=product&#038;p=20192"},"modified":"2025-04-21T17:08:33","modified_gmt":"2025-04-21T20:08:33","slug":"pampagourmet-salsa-para-carne-super-premium-sweet-chili-300-gr","status":"publish","type":"product","link":"https:\/\/www.argensend.com\/en\/product\/pampagourmet-salsa-para-carne-super-premium-sweet-chili-300-gr\/","title":{"rendered":"Pampagourmet &#8211; Salsa para Carne Super Premium Sweet Chili &#8211; 300gr"},"content":{"rendered":"","protected":false},"excerpt":{"rendered":"<p><strong>Descripci\u00f3n<\/strong><\/p>\n<p>Elaborado con nuestros aj\u00edes org\u00e1nicos. Elaborados con fruta org\u00e1nica.<\/p>\n<p>Apto para Veganos.<\/p>\n<p>&nbsp;<\/p>\n<p>&nbsp;<\/p>","protected":false},"featured_media":20172,"comment_status":"closed","ping_status":"closed","template":"","meta":{"_acf_changed":false,"om_disable_all_campaigns":false,"_monsterinsights_skip_tracking":false,"_monsterinsights_sitenote_active":false,"_monsterinsights_sitenote_note":"","_monsterinsights_sitenote_category":0},"etheme_brands":[],"product_brand":[],"product_cat":[2131,8804,8815],"product_tag":[1280,4343,1254,2935,1255,167,4920],"class_list":{"0":"post-20192","1":"product","2":"type-product","3":"status-publish","4":"has-post-thumbnail","6":"product_cat-aderezos-salsas","7":"product_cat-salado-sin-tacc","8":"product_cat-salados-veganos","9":"product_tag-aderezos","10":"product_tag-gluten-free","11":"product_tag-pampagourmet","12":"product_tag-sales-y-especias","13":"product_tag-salsas","14":"product_tag-sin-tacc","15":"product_tag-without-tacc","17":"first","18":"instock","19":"taxable","20":"shipping-taxable","21":"purchasable","22":"product-type-simple"},"acf":[],"aioseo_notices":[],"_links":{"self":[{"href":"https:\/\/www.argensend.com\/en\/wp-json\/wp\/v2\/product\/20192","targetHints":{"allow":["GET"]}}],"collection":[{"href":"https:\/\/www.argensend.com\/en\/wp-json\/wp\/v2\/product"}],"about":[{"href":"https:\/\/www.argensend.com\/en\/wp-json\/wp\/v2\/types\/product"}],"replies":[{"embeddable":true,"href":"https:\/\/www.argensend.com\/en\/wp-json\/wp\/v2\/comments?post=20192"}],"version-history":[{"count":4,"href":"https:\/\/www.argensend.com\/en\/wp-json\/wp\/v2\/product\/20192\/revisions"}],"predecessor-version":[{"id":107452,"href":"https:\/\/www.argensend.com\/en\/wp-json\/wp\/v2\/product\/20192\/revisions\/107452"}],"wp:featuredmedia":[{"embeddable":true,"href":"https:\/\/www.argensend.com\/en\/wp-json\/wp\/v2\/media\/20172"}],"wp:attachment":[{"href":"https:\/\/www.argensend.com\/en\/wp-json\/wp\/v2\/media?parent=20192"}],"wp:term":[{"taxonomy":"brand","embeddable":true,"href":"https:\/\/www.argensend.com\/en\/wp-json\/wp\/v2\/etheme_brands?post=20192"},{"taxonomy":"product_brand","embeddable":true,"href":"https:\/\/www.argensend.com\/en\/wp-json\/wp\/v2\/product_brand?post=20192"},{"taxonomy":"product_cat","embeddable":true,"href":"https:\/\/www.argensend.com\/en\/wp-json\/wp\/v2\/product_cat?post=20192"},{"taxonomy":"product_tag","embeddable":true,"href":"https:\/\/www.argensend.com\/en\/wp-json\/wp\/v2\/product_tag?post=20192"}],"curies":[{"name":"wp","href":"https:\/\/api.w.org\/{rel}","templated":true}]}}