{"id":21461,"date":"2021-04-28T16:59:02","date_gmt":"2021-04-28T19:59:02","guid":{"rendered":"https:\/\/www.argensend.com\/?post_type=product&#038;p=21461"},"modified":"2024-12-06T16:03:03","modified_gmt":"2024-12-06T19:03:03","slug":"mi-camino-por-maria-eugenia-vidal","status":"publish","type":"product","link":"https:\/\/www.argensend.com\/en\/product\/mi-camino-por-maria-eugenia-vidal\/","title":{"rendered":"Mi Camino por Mar\u00eda Eugenia Vidal"},"content":{"rendered":"<p>\u00abLa gente nos demanda m\u00e1s humildad, nos demanda un proyecto en serio, nos demanda que la pol\u00edtica no sea un lugar oscuro donde es dif\u00edcil encontrar grandeza y generosidad, sino un lugar transformador, donde se puede cambiar la realidad. No son cambios f\u00e1ciles para la pol\u00edtica ni para la sociedad. No hay una sino muchas grietas construidas desde la desconfianza en el otro y desde la comodidad que otorga el prejuicio: es mucho m\u00e1s f\u00e1cil hacer pol\u00edtica si hay buenos y malos. Corruptos y honestos. Neoliberales y populistas. Ricos y pobres. Indiferentes y sensibles. Esta actitud nos trajo hasta ac\u00e1 y nos hace volver una y otra vez al mismo lugar. Yo creo que es mejor tomar otro camino, m\u00e1s dif\u00edcil, m\u00e1s largo, menos popular: el camino de tratar de entender al otro, de escuchar en serio en lugar de dar una respuesta autom\u00e1tica, de querer que la sociedad elija por convicci\u00f3n, no porque el otro es malo, sino porque nosotros somos mejores, aun cuando eso suponga un riesgo. Esto es para m\u00ed la pol\u00edtica\u00bb. <strong>Mar\u00eda Eugenia Vidal<\/strong><br \/>\n<label>N\u00famero de p\u00e1ginas: <\/label><span id=\"ctl00_ContentPlaceHolder1_rptFicha_ctl00_prop_paginas\">240 &#8211; <\/span><label>Peso: <\/label><span id=\"ctl00_ContentPlaceHolder1_rptFicha_ctl00_prop_peso\">290 &#8211; <\/span><label>Formato: <\/label><span id=\"ctl00_ContentPlaceHolder1_rptFicha_ctl00_prop_encuadernacion\">R\u00fastica &#8211; <\/span><label>Edici\u00f3n: <\/label><span id=\"ctl00_ContentPlaceHolder1_rptFicha_ctl00_prop_edicion\">2021 &#8211; <\/span><label>Idioma: <\/label><span id=\"ctl00_ContentPlaceHolder1_rptFicha_ctl00_prop_idioma\">Castellano<br \/>\n<\/span><\/p>\n<p><em>EN:<\/em> \u00abPeople demand more humility from us, they demand a serious project from us, they demand that politics be not a dark place where it is difficult to find greatness and generosity, but a transforming place, where reality can be changed. They are not easy changes for politics or society. There is not one but many cracks built from mistrust in the other and from the comfort that prejudice grants: it is much easier to do politics if there are good guys and bad guys. Corrupt and honest. Neoliberals and populists. Rich and poor. Indifferent and sensitive. This attitude brought us here and makes us return again and again to the same place. I believe that it is better to take another path, more difficult, longer, less popular: the path of trying to understand the other, of listening seriously instead of giving an automatic response, of wanting society to choose out of conviction, not because the other is bad, but because we are better, even when that involves a risk. This is politics for me\u00bb. <strong>Mar\u00eda Eugenia Vidal<\/strong><br \/>\nNumber of pages: 240 &#8211; Weight: 290 &#8211; Format: Paperback &#8211; Edition: 2021 &#8211; Language: Spanish<\/p>","protected":false},"excerpt":{"rendered":"<p>La exgobernadora bonaerense volver\u00e1 al ruedo pol\u00edtico con la presentaci\u00f3n de Mi camino, en el que repasa sus cuatro a\u00f1os de gesti\u00f3n en la provincia de Buenos Aires.<\/p>\n<p><em>EN:<\/em> The former Buenos Aires governor will return to the political arena with the presentation of My Way, in which she reviews her four years of management in the province of Buenos Aires.<\/p>","protected":false},"featured_media":21462,"comment_status":"closed","ping_status":"closed","template":"","meta":{"_acf_changed":false,"om_disable_all_campaigns":false,"_monsterinsights_skip_tracking":false,"_monsterinsights_sitenote_active":false,"_monsterinsights_sitenote_note":"","_monsterinsights_sitenote_category":0,"jetpack_post_was_ever_published":false},"etheme_brands":[],"product_brand":[],"product_cat":[685],"product_tag":[203,202,1466,1469,752,812,1465,811,815,1468,825,1467],"class_list":{"0":"post-21461","1":"product","2":"type-product","3":"status-publish","4":"has-post-thumbnail","6":"product_cat-libros","7":"product_tag-argentina","8":"product_tag-buenos-aires","9":"product_tag-eugenia","10":"product_tag-gobernadora","11":"product_tag-libro","12":"product_tag-macri","13":"product_tag-maria","14":"product_tag-mauricio","15":"product_tag-planeta","16":"product_tag-provincia","17":"product_tag-sudamericana","18":"product_tag-vidal","20":"first","21":"instock","22":"taxable","23":"shipping-taxable","24":"purchasable","25":"product-type-simple"},"acf":[],"aioseo_notices":[],"jetpack_sharing_enabled":true,"_links":{"self":[{"href":"https:\/\/www.argensend.com\/en\/wp-json\/wp\/v2\/product\/21461","targetHints":{"allow":["GET"]}}],"collection":[{"href":"https:\/\/www.argensend.com\/en\/wp-json\/wp\/v2\/product"}],"about":[{"href":"https:\/\/www.argensend.com\/en\/wp-json\/wp\/v2\/types\/product"}],"replies":[{"embeddable":true,"href":"https:\/\/www.argensend.com\/en\/wp-json\/wp\/v2\/comments?post=21461"}],"version-history":[{"count":1,"href":"https:\/\/www.argensend.com\/en\/wp-json\/wp\/v2\/product\/21461\/revisions"}],"predecessor-version":[{"id":78192,"href":"https:\/\/www.argensend.com\/en\/wp-json\/wp\/v2\/product\/21461\/revisions\/78192"}],"wp:featuredmedia":[{"embeddable":true,"href":"https:\/\/www.argensend.com\/en\/wp-json\/wp\/v2\/media\/21462"}],"wp:attachment":[{"href":"https:\/\/www.argensend.com\/en\/wp-json\/wp\/v2\/media?parent=21461"}],"wp:term":[{"taxonomy":"brand","embeddable":true,"href":"https:\/\/www.argensend.com\/en\/wp-json\/wp\/v2\/etheme_brands?post=21461"},{"taxonomy":"product_brand","embeddable":true,"href":"https:\/\/www.argensend.com\/en\/wp-json\/wp\/v2\/product_brand?post=21461"},{"taxonomy":"product_cat","embeddable":true,"href":"https:\/\/www.argensend.com\/en\/wp-json\/wp\/v2\/product_cat?post=21461"},{"taxonomy":"product_tag","embeddable":true,"href":"https:\/\/www.argensend.com\/en\/wp-json\/wp\/v2\/product_tag?post=21461"}],"curies":[{"name":"wp","href":"https:\/\/api.w.org\/{rel}","templated":true}]}}