{"id":21509,"date":"2021-04-28T22:10:04","date_gmt":"2021-04-29T01:10:04","guid":{"rendered":"https:\/\/www.argensend.com\/?post_type=product&#038;p=21509"},"modified":"2024-12-06T16:03:07","modified_gmt":"2024-12-06T19:03:07","slug":"churrera-semi-industrial","status":"publish","type":"product","link":"https:\/\/www.argensend.com\/en\/product\/churrera-semi-industrial\/","title":{"rendered":"Churrera Semi Industrial"},"content":{"rendered":"","protected":false},"excerpt":{"rendered":"<p>churrera semi industrial manual met\u00e1lica con cilindro de aluminio puntera estrella de acero inoxidable la mejor no se oxida y tampoco se rompe ni agarra germenes con el tiempo como las estrellas de pl\u00e1stico, gatillo reforzado s\u00faper resistente, consulte env\u00edo por mensajer\u00eda en caba y alrededores en el d\u00eda!<\/p>","protected":false},"featured_media":21511,"comment_status":"closed","ping_status":"closed","template":"","meta":{"_acf_changed":false,"om_disable_all_campaigns":false,"_monsterinsights_skip_tracking":false,"_monsterinsights_sitenote_active":false,"_monsterinsights_sitenote_note":"","_monsterinsights_sitenote_category":0},"etheme_brands":[],"product_brand":[],"product_cat":[606,2111],"product_tag":[],"class_list":{"0":"post-21509","1":"product","2":"type-product","3":"status-publish","4":"has-post-thumbnail","6":"product_cat-cocina-deco-bazar","7":"product_cat-proveeduria","9":"first","10":"instock","11":"taxable","12":"shipping-taxable","13":"purchasable","14":"product-type-simple"},"acf":[],"aioseo_notices":[],"_links":{"self":[{"href":"https:\/\/www.argensend.com\/en\/wp-json\/wp\/v2\/product\/21509","targetHints":{"allow":["GET"]}}],"collection":[{"href":"https:\/\/www.argensend.com\/en\/wp-json\/wp\/v2\/product"}],"about":[{"href":"https:\/\/www.argensend.com\/en\/wp-json\/wp\/v2\/types\/product"}],"replies":[{"embeddable":true,"href":"https:\/\/www.argensend.com\/en\/wp-json\/wp\/v2\/comments?post=21509"}],"version-history":[{"count":0,"href":"https:\/\/www.argensend.com\/en\/wp-json\/wp\/v2\/product\/21509\/revisions"}],"wp:featuredmedia":[{"embeddable":true,"href":"https:\/\/www.argensend.com\/en\/wp-json\/wp\/v2\/media\/21511"}],"wp:attachment":[{"href":"https:\/\/www.argensend.com\/en\/wp-json\/wp\/v2\/media?parent=21509"}],"wp:term":[{"taxonomy":"brand","embeddable":true,"href":"https:\/\/www.argensend.com\/en\/wp-json\/wp\/v2\/etheme_brands?post=21509"},{"taxonomy":"product_brand","embeddable":true,"href":"https:\/\/www.argensend.com\/en\/wp-json\/wp\/v2\/product_brand?post=21509"},{"taxonomy":"product_cat","embeddable":true,"href":"https:\/\/www.argensend.com\/en\/wp-json\/wp\/v2\/product_cat?post=21509"},{"taxonomy":"product_tag","embeddable":true,"href":"https:\/\/www.argensend.com\/en\/wp-json\/wp\/v2\/product_tag?post=21509"}],"curies":[{"name":"wp","href":"https:\/\/api.w.org\/{rel}","templated":true}]}}