{"id":21516,"date":"2021-04-29T08:58:22","date_gmt":"2021-04-29T11:58:22","guid":{"rendered":"https:\/\/www.argensend.com\/?post_type=product&#038;p=21516"},"modified":"2024-12-06T16:03:07","modified_gmt":"2024-12-06T19:03:07","slug":"maquina-galletitas-churros-decorador-torta-acero-20-discos","status":"publish","type":"product","link":"https:\/\/www.argensend.com\/en\/product\/maquina-galletitas-churros-decorador-torta-acero-20-discos\/","title":{"rendered":"Maquina Galletitas Churros Decorador Torta Acero 20 Discos"},"content":{"rendered":"","protected":false},"excerpt":{"rendered":"<p>MAQUINA PARA HACER GALLETITAS Y CHURROS<\/p>\n<p>* Dise\u00f1o ergon\u00f3mico \u2013 este dise\u00f1o elegante y simple hace que hornear galletas sea tan f\u00e1cil como una pieza.<\/p>\n<p>* 20 discos y 4 puntas de glaseado \u2013 para hacer pajitas de queso o su forma de galletas favorita para cada estado de \u00e1nimo y ocasi\u00f3n<\/p>\n<p>* Materiales de alta calidad: el acero inoxidable de la m\u00e1s alta calidad proporciona un producto no oxidado y duradero a tu colecci\u00f3n de utensilios de horno. Una elecci\u00f3n perfecta para cualquier cocina.<\/p>\n<p>* APTA PARA TODO TIPO DE EVENTOS<\/p>\n<p>* F\u00c1CIL DE USAR: retire la cubierta superior, inserte el dise\u00f1o de galleta deseado, rellene con masa, vuelva a colocar la parte superior y presione la manija<\/p>\n<p>* F\u00c1CIL DE LIMPIAR- Dise\u00f1o ergon\u00f3mico<\/p>\n<p>* Le permite producir r\u00e1pida y f\u00e1cilmente una variedad de galletas en forma atractiva<\/p>\n<p>&#8211; CARACTERISTICAS:<\/p>\n<p>\u2022 Capacidad para 200 gramos<\/p>\n<p>\u2022 Material: Aluminio y acero inoxidable.<\/p>\n<p>\u2022 Medidas: 5.5 cm de diametro x 21 cm de altura<\/p>\n<p>\u2022 Diametro de cada galleta: 5cm aprox.<\/p>\n<p>\u2022 Incluye:<\/p>\n<p>&#8211; 4 boquillas docaradoras.<\/p>\n<p>&#8211; 20 discos para galletas y churros.<\/p>","protected":false},"featured_media":21517,"comment_status":"closed","ping_status":"closed","template":"","meta":{"_acf_changed":false,"om_disable_all_campaigns":false,"_monsterinsights_skip_tracking":false,"_monsterinsights_sitenote_active":false,"_monsterinsights_sitenote_note":"","_monsterinsights_sitenote_category":0},"etheme_brands":[],"product_brand":[],"product_cat":[2111],"product_tag":[68,2033,2034],"class_list":{"0":"post-21516","1":"product","2":"type-product","3":"status-publish","4":"has-post-thumbnail","6":"product_cat-proveeduria","7":"product_tag-de","8":"product_tag-galleta","9":"product_tag-galletas","11":"first","12":"instock","13":"taxable","14":"shipping-taxable","15":"purchasable","16":"product-type-simple"},"acf":[],"aioseo_notices":[],"_links":{"self":[{"href":"https:\/\/www.argensend.com\/en\/wp-json\/wp\/v2\/product\/21516","targetHints":{"allow":["GET"]}}],"collection":[{"href":"https:\/\/www.argensend.com\/en\/wp-json\/wp\/v2\/product"}],"about":[{"href":"https:\/\/www.argensend.com\/en\/wp-json\/wp\/v2\/types\/product"}],"replies":[{"embeddable":true,"href":"https:\/\/www.argensend.com\/en\/wp-json\/wp\/v2\/comments?post=21516"}],"version-history":[{"count":1,"href":"https:\/\/www.argensend.com\/en\/wp-json\/wp\/v2\/product\/21516\/revisions"}],"predecessor-version":[{"id":97331,"href":"https:\/\/www.argensend.com\/en\/wp-json\/wp\/v2\/product\/21516\/revisions\/97331"}],"wp:featuredmedia":[{"embeddable":true,"href":"https:\/\/www.argensend.com\/en\/wp-json\/wp\/v2\/media\/21517"}],"wp:attachment":[{"href":"https:\/\/www.argensend.com\/en\/wp-json\/wp\/v2\/media?parent=21516"}],"wp:term":[{"taxonomy":"brand","embeddable":true,"href":"https:\/\/www.argensend.com\/en\/wp-json\/wp\/v2\/etheme_brands?post=21516"},{"taxonomy":"product_brand","embeddable":true,"href":"https:\/\/www.argensend.com\/en\/wp-json\/wp\/v2\/product_brand?post=21516"},{"taxonomy":"product_cat","embeddable":true,"href":"https:\/\/www.argensend.com\/en\/wp-json\/wp\/v2\/product_cat?post=21516"},{"taxonomy":"product_tag","embeddable":true,"href":"https:\/\/www.argensend.com\/en\/wp-json\/wp\/v2\/product_tag?post=21516"}],"curies":[{"name":"wp","href":"https:\/\/api.w.org\/{rel}","templated":true}]}}