{"id":21528,"date":"2021-04-29T11:22:10","date_gmt":"2021-04-29T14:22:10","guid":{"rendered":"https:\/\/www.argensend.com\/?post_type=product&#038;p=21528"},"modified":"2024-12-06T16:03:07","modified_gmt":"2024-12-06T19:03:07","slug":"juego-de-mesa-donde-viven-ruibal","status":"publish","type":"product","link":"https:\/\/www.argensend.com\/en\/product\/juego-de-mesa-donde-viven-ruibal\/","title":{"rendered":"Ruibal &#8211; D\u00f3nde Viven"},"content":{"rendered":"","protected":false},"excerpt":{"rendered":"<p>Un juego de coordinaci\u00f3n en el que los ni\u00f1os deben relacionar personas y animales con el lugar donde normalmente habitan.edad\u00a0+ 2 |\u00a0jugadores\u00a01 \u00f3 +\u00a0|\u00a0medidas\u00a0180x240x35 mm<\/p>","protected":false},"featured_media":21533,"comment_status":"closed","ping_status":"closed","template":"","meta":{"_acf_changed":false,"om_disable_all_campaigns":false,"_monsterinsights_skip_tracking":false,"_monsterinsights_sitenote_active":false,"_monsterinsights_sitenote_note":"","_monsterinsights_sitenote_category":0},"etheme_brands":[],"product_brand":[],"product_cat":[2236],"product_tag":[],"class_list":{"0":"post-21528","1":"product","2":"type-product","3":"status-publish","4":"has-post-thumbnail","6":"product_cat-juegos-mesa","8":"first","9":"instock","10":"taxable","11":"shipping-taxable","12":"purchasable","13":"product-type-simple"},"acf":[],"aioseo_notices":[],"_links":{"self":[{"href":"https:\/\/www.argensend.com\/en\/wp-json\/wp\/v2\/product\/21528","targetHints":{"allow":["GET"]}}],"collection":[{"href":"https:\/\/www.argensend.com\/en\/wp-json\/wp\/v2\/product"}],"about":[{"href":"https:\/\/www.argensend.com\/en\/wp-json\/wp\/v2\/types\/product"}],"replies":[{"embeddable":true,"href":"https:\/\/www.argensend.com\/en\/wp-json\/wp\/v2\/comments?post=21528"}],"version-history":[{"count":2,"href":"https:\/\/www.argensend.com\/en\/wp-json\/wp\/v2\/product\/21528\/revisions"}],"predecessor-version":[{"id":115795,"href":"https:\/\/www.argensend.com\/en\/wp-json\/wp\/v2\/product\/21528\/revisions\/115795"}],"wp:featuredmedia":[{"embeddable":true,"href":"https:\/\/www.argensend.com\/en\/wp-json\/wp\/v2\/media\/21533"}],"wp:attachment":[{"href":"https:\/\/www.argensend.com\/en\/wp-json\/wp\/v2\/media?parent=21528"}],"wp:term":[{"taxonomy":"brand","embeddable":true,"href":"https:\/\/www.argensend.com\/en\/wp-json\/wp\/v2\/etheme_brands?post=21528"},{"taxonomy":"product_brand","embeddable":true,"href":"https:\/\/www.argensend.com\/en\/wp-json\/wp\/v2\/product_brand?post=21528"},{"taxonomy":"product_cat","embeddable":true,"href":"https:\/\/www.argensend.com\/en\/wp-json\/wp\/v2\/product_cat?post=21528"},{"taxonomy":"product_tag","embeddable":true,"href":"https:\/\/www.argensend.com\/en\/wp-json\/wp\/v2\/product_tag?post=21528"}],"curies":[{"name":"wp","href":"https:\/\/api.w.org\/{rel}","templated":true}]}}