{"id":21608,"date":"2021-04-29T12:33:51","date_gmt":"2021-04-29T15:33:51","guid":{"rendered":"https:\/\/www.argensend.com\/?post_type=product&#038;p=21608"},"modified":"2025-04-21T16:42:55","modified_gmt":"2025-04-21T19:42:55","slug":"sobre-mix-crocante-de-semillas-para-ensaladas-40-gr-x-24-unidades","status":"publish","type":"product","link":"https:\/\/www.argensend.com\/en\/product\/sobre-mix-crocante-de-semillas-para-ensaladas-40-gr-x-24-unidades\/","title":{"rendered":"Sobre Mix Crocante de Semillas para Ensaladas 40gr &#8211; 24 Unidades"},"content":{"rendered":"","protected":false},"excerpt":{"rendered":"<p><strong>Una equilibrada mezcla de semillas que, por su variedad y cantidad, se convierte en la preferida de los consumidores m\u00e1s exigentes! Aportan sabor, una crocante textura, y adem\u00e1s convierten a su ensalada en un plato realmente \u00fanico. Puede utilizarse en otras preparaciones: en el relleno de hamburguesas, en un lomo grillado o con verduras al vapor.<\/strong><\/p>","protected":false},"featured_media":21539,"comment_status":"closed","ping_status":"closed","template":"","meta":{"_acf_changed":false,"om_disable_all_campaigns":false,"_monsterinsights_skip_tracking":false,"_monsterinsights_sitenote_active":false,"_monsterinsights_sitenote_note":"","_monsterinsights_sitenote_category":0},"etheme_brands":[],"product_brand":[],"product_cat":[2130],"product_tag":[1661,1831,1830,230,231,203,234,1259,1300,235,236,1264,775,232,233,1474,1650,1499,1829,1828],"class_list":{"0":"post-21608","1":"product","2":"type-product","3":"status-publish","4":"has-post-thumbnail","6":"product_cat-sal-especias","7":"product_tag-1661","8":"product_tag-1831","9":"product_tag-25-de-mayo","10":"product_tag-alimento","11":"product_tag-alimentos","12":"product_tag-argentina","13":"product_tag-argentine","14":"product_tag-comidas","15":"product_tag-crocante","16":"product_tag-delicias","17":"product_tag-delicious","18":"product_tag-ensaladas","19":"product_tag-especias","20":"product_tag-food","21":"product_tag-foods","22":"product_tag-hierbas-especias-1854","23":"product_tag-mayo","24":"product_tag-mix-semillas","25":"product_tag-semana-de-mayo","26":"product_tag-semana-especial","28":"first","29":"instock","30":"sale","31":"taxable","32":"shipping-taxable","33":"purchasable","34":"product-type-simple"},"acf":[],"aioseo_notices":[],"_links":{"self":[{"href":"https:\/\/www.argensend.com\/en\/wp-json\/wp\/v2\/product\/21608","targetHints":{"allow":["GET"]}}],"collection":[{"href":"https:\/\/www.argensend.com\/en\/wp-json\/wp\/v2\/product"}],"about":[{"href":"https:\/\/www.argensend.com\/en\/wp-json\/wp\/v2\/types\/product"}],"replies":[{"embeddable":true,"href":"https:\/\/www.argensend.com\/en\/wp-json\/wp\/v2\/comments?post=21608"}],"version-history":[{"count":2,"href":"https:\/\/www.argensend.com\/en\/wp-json\/wp\/v2\/product\/21608\/revisions"}],"predecessor-version":[{"id":107765,"href":"https:\/\/www.argensend.com\/en\/wp-json\/wp\/v2\/product\/21608\/revisions\/107765"}],"wp:featuredmedia":[{"embeddable":true,"href":"https:\/\/www.argensend.com\/en\/wp-json\/wp\/v2\/media\/21539"}],"wp:attachment":[{"href":"https:\/\/www.argensend.com\/en\/wp-json\/wp\/v2\/media?parent=21608"}],"wp:term":[{"taxonomy":"brand","embeddable":true,"href":"https:\/\/www.argensend.com\/en\/wp-json\/wp\/v2\/etheme_brands?post=21608"},{"taxonomy":"product_brand","embeddable":true,"href":"https:\/\/www.argensend.com\/en\/wp-json\/wp\/v2\/product_brand?post=21608"},{"taxonomy":"product_cat","embeddable":true,"href":"https:\/\/www.argensend.com\/en\/wp-json\/wp\/v2\/product_cat?post=21608"},{"taxonomy":"product_tag","embeddable":true,"href":"https:\/\/www.argensend.com\/en\/wp-json\/wp\/v2\/product_tag?post=21608"}],"curies":[{"name":"wp","href":"https:\/\/api.w.org\/{rel}","templated":true}]}}