{"id":21623,"date":"2021-04-29T13:07:06","date_gmt":"2021-04-29T16:07:06","guid":{"rendered":"https:\/\/www.argensend.com\/?post_type=product&#038;p=21623"},"modified":"2025-04-21T16:43:01","modified_gmt":"2025-04-21T19:43:01","slug":"sobre-semillas-de-zapallo-peladas-30-gr-x-24-unidades-nuevo","status":"publish","type":"product","link":"https:\/\/www.argensend.com\/en\/product\/sobre-semillas-de-zapallo-peladas-30-gr-x-24-unidades-nuevo\/","title":{"rendered":"Sobre Semillas de Zapallo Peladas 30gr &#8211; 24 Unidades NUEVO!"},"content":{"rendered":"","protected":false},"excerpt":{"rendered":"<p><strong>El snack perfecto! Crudas o levemente tostadas, con o sin sal, EXQUISITAs!! En ensaladas, solas, o para rellennos de zapallitos, alb\u00f3ndigas, pur\u00e9s&#8230; son muy nutritivas y s\u00faper crocantes!<\/strong><\/p>","protected":false},"featured_media":21537,"comment_status":"closed","ping_status":"closed","template":"","meta":{"_acf_changed":false,"om_disable_all_campaigns":false,"_monsterinsights_skip_tracking":false,"_monsterinsights_sitenote_active":false,"_monsterinsights_sitenote_note":"","_monsterinsights_sitenote_category":0},"etheme_brands":[],"product_brand":[],"product_cat":[75],"product_tag":[1661,1831,1830,230,231,203,234,1259,235,236,775,232,233,1474,1650,1510,1509,1829,1828,408,881],"class_list":{"0":"post-21623","1":"product","2":"type-product","3":"status-publish","4":"has-post-thumbnail","6":"product_cat-alimentos","7":"product_tag-1661","8":"product_tag-1831","9":"product_tag-25-de-mayo","10":"product_tag-alimento","11":"product_tag-alimentos","12":"product_tag-argentina","13":"product_tag-argentine","14":"product_tag-comidas","15":"product_tag-delicias","16":"product_tag-delicious","17":"product_tag-especias","18":"product_tag-food","19":"product_tag-foods","20":"product_tag-hierbas-especias-1854","21":"product_tag-mayo","22":"product_tag-nuevo","23":"product_tag-peladas","24":"product_tag-semana-de-mayo","25":"product_tag-semana-especial","26":"product_tag-semillas","27":"product_tag-zapallo","29":"first","30":"instock","31":"sale","32":"taxable","33":"shipping-taxable","34":"purchasable","35":"product-type-simple"},"acf":[],"aioseo_notices":[],"_links":{"self":[{"href":"https:\/\/www.argensend.com\/en\/wp-json\/wp\/v2\/product\/21623","targetHints":{"allow":["GET"]}}],"collection":[{"href":"https:\/\/www.argensend.com\/en\/wp-json\/wp\/v2\/product"}],"about":[{"href":"https:\/\/www.argensend.com\/en\/wp-json\/wp\/v2\/types\/product"}],"replies":[{"embeddable":true,"href":"https:\/\/www.argensend.com\/en\/wp-json\/wp\/v2\/comments?post=21623"}],"version-history":[{"count":2,"href":"https:\/\/www.argensend.com\/en\/wp-json\/wp\/v2\/product\/21623\/revisions"}],"predecessor-version":[{"id":105759,"href":"https:\/\/www.argensend.com\/en\/wp-json\/wp\/v2\/product\/21623\/revisions\/105759"}],"wp:featuredmedia":[{"embeddable":true,"href":"https:\/\/www.argensend.com\/en\/wp-json\/wp\/v2\/media\/21537"}],"wp:attachment":[{"href":"https:\/\/www.argensend.com\/en\/wp-json\/wp\/v2\/media?parent=21623"}],"wp:term":[{"taxonomy":"brand","embeddable":true,"href":"https:\/\/www.argensend.com\/en\/wp-json\/wp\/v2\/etheme_brands?post=21623"},{"taxonomy":"product_brand","embeddable":true,"href":"https:\/\/www.argensend.com\/en\/wp-json\/wp\/v2\/product_brand?post=21623"},{"taxonomy":"product_cat","embeddable":true,"href":"https:\/\/www.argensend.com\/en\/wp-json\/wp\/v2\/product_cat?post=21623"},{"taxonomy":"product_tag","embeddable":true,"href":"https:\/\/www.argensend.com\/en\/wp-json\/wp\/v2\/product_tag?post=21623"}],"curies":[{"name":"wp","href":"https:\/\/api.w.org\/{rel}","templated":true}]}}