{"id":21767,"date":"2021-04-30T14:25:05","date_gmt":"2021-04-30T17:25:05","guid":{"rendered":"https:\/\/www.argensend.com\/?post_type=product&#038;p=21767"},"modified":"2025-04-22T18:05:51","modified_gmt":"2025-04-22T21:05:51","slug":"cardamomo-entero-1854-45-gr-x-6-unidades","status":"publish","type":"product","link":"https:\/\/www.argensend.com\/en\/product\/cardamomo-entero-1854-45-gr-x-6-unidades\/","title":{"rendered":"1854 &#8211; Cardamomo Entero 45gr &#8211; 6 Unidades"},"content":{"rendered":"","protected":false},"excerpt":{"rendered":"<p>Hay que usarlo reci\u00e9n molido ya que pierde r\u00e1pidamente su sabor. Integrante de la familia del jengibre, comparte su sabor c\u00edtrico. Sirve para aromatizar tanto el t\u00e9 como el caf\u00e9. Muy bueno con carnes, flanes, postres, frutas y licores y en pasteler\u00eda.<\/p>\n<p>EN:<\/p>\n<p>It should be used freshly ground as it loses its flavor quickly. A member of the ginger family, it shares its citrus flavor. It is used to flavor both tea and coffee. Very good with meats, flans, desserts, fruits and liquors and in pastries.<\/p>","protected":false},"featured_media":21768,"comment_status":"closed","ping_status":"closed","template":"","meta":{"_acf_changed":false,"om_disable_all_campaigns":false,"_monsterinsights_skip_tracking":false,"_monsterinsights_sitenote_active":false,"_monsterinsights_sitenote_note":"","_monsterinsights_sitenote_category":0},"etheme_brands":[],"product_brand":[],"product_cat":[2130],"product_tag":[1269,230,231,203,234,224,1585,1259,235,236,775,232,233,1516,1586],"class_list":{"0":"post-21767","1":"product","2":"type-product","3":"status-publish","4":"has-post-thumbnail","6":"product_cat-sal-especias","7":"product_tag-6-unidades","8":"product_tag-alimento","9":"product_tag-alimentos","10":"product_tag-argentina","11":"product_tag-argentine","12":"product_tag-argentino","13":"product_tag-cardamomo-entero","14":"product_tag-comidas","15":"product_tag-delicias","16":"product_tag-delicious","17":"product_tag-especias","18":"product_tag-food","19":"product_tag-foods","20":"product_tag-hierbas-y-especias-1854","21":"product_tag-whole-cardamom","23":"first","24":"instock","25":"taxable","26":"shipping-taxable","27":"purchasable","28":"product-type-simple"},"acf":[],"aioseo_notices":[],"_links":{"self":[{"href":"https:\/\/www.argensend.com\/en\/wp-json\/wp\/v2\/product\/21767","targetHints":{"allow":["GET"]}}],"collection":[{"href":"https:\/\/www.argensend.com\/en\/wp-json\/wp\/v2\/product"}],"about":[{"href":"https:\/\/www.argensend.com\/en\/wp-json\/wp\/v2\/types\/product"}],"replies":[{"embeddable":true,"href":"https:\/\/www.argensend.com\/en\/wp-json\/wp\/v2\/comments?post=21767"}],"version-history":[{"count":4,"href":"https:\/\/www.argensend.com\/en\/wp-json\/wp\/v2\/product\/21767\/revisions"}],"predecessor-version":[{"id":97921,"href":"https:\/\/www.argensend.com\/en\/wp-json\/wp\/v2\/product\/21767\/revisions\/97921"}],"wp:featuredmedia":[{"embeddable":true,"href":"https:\/\/www.argensend.com\/en\/wp-json\/wp\/v2\/media\/21768"}],"wp:attachment":[{"href":"https:\/\/www.argensend.com\/en\/wp-json\/wp\/v2\/media?parent=21767"}],"wp:term":[{"taxonomy":"brand","embeddable":true,"href":"https:\/\/www.argensend.com\/en\/wp-json\/wp\/v2\/etheme_brands?post=21767"},{"taxonomy":"product_brand","embeddable":true,"href":"https:\/\/www.argensend.com\/en\/wp-json\/wp\/v2\/product_brand?post=21767"},{"taxonomy":"product_cat","embeddable":true,"href":"https:\/\/www.argensend.com\/en\/wp-json\/wp\/v2\/product_cat?post=21767"},{"taxonomy":"product_tag","embeddable":true,"href":"https:\/\/www.argensend.com\/en\/wp-json\/wp\/v2\/product_tag?post=21767"}],"curies":[{"name":"wp","href":"https:\/\/api.w.org\/{rel}","templated":true}]}}