{"id":21785,"date":"2021-04-30T14:46:50","date_gmt":"2021-04-30T17:46:50","guid":{"rendered":"https:\/\/www.argensend.com\/?post_type=product&#038;p=21785"},"modified":"2025-04-22T18:05:58","modified_gmt":"2025-04-22T21:05:58","slug":"enebro-bayas-1854-45-gr-x-6-unidades","status":"publish","type":"product","link":"https:\/\/www.argensend.com\/en\/product\/enebro-bayas-1854-45-gr-x-6-unidades\/","title":{"rendered":"1854 &#8211; Enebro Bayas 45gr &#8211; 6 Unidades"},"content":{"rendered":"","protected":false},"excerpt":{"rendered":"<p>Machacar un poco antes de utilizar para que se desprendan los sabores. Su aplicaci\u00f3n m\u00e1s frecuente es para la ginebra y algunos licores populares. Se utiliza en escabeche para carne o caza, rellenos, pat\u00e9s, salchichas y repollo. Tambi\u00e9n para infusionar en salsas.<\/p>\n<p>EN:<\/p>\n<p>Crush a little before use to release the flavors. Its most frequent application is for gin and some popular liquors. It is used in marinades for meat or game, stuffing, p\u00e2t\u00e9s, sausages and cabbage. It is also used to infuse sauces.<\/p>","protected":false},"featured_media":21786,"comment_status":"closed","ping_status":"closed","template":"","meta":{"_acf_changed":false,"om_disable_all_campaigns":false,"_monsterinsights_skip_tracking":false,"_monsterinsights_sitenote_active":false,"_monsterinsights_sitenote_note":"","_monsterinsights_sitenote_category":0},"etheme_brands":[],"product_brand":[],"product_cat":[2131,75],"product_tag":[1269,230,231,203,234,224,1259,235,236,1602,775,232,233,1516,1603],"class_list":{"0":"post-21785","1":"product","2":"type-product","3":"status-publish","4":"has-post-thumbnail","6":"product_cat-aderezos-salsas","7":"product_cat-alimentos","8":"product_tag-6-unidades","9":"product_tag-alimento","10":"product_tag-alimentos","11":"product_tag-argentina","12":"product_tag-argentine","13":"product_tag-argentino","14":"product_tag-comidas","15":"product_tag-delicias","16":"product_tag-delicious","17":"product_tag-enebro-bayas","18":"product_tag-especias","19":"product_tag-food","20":"product_tag-foods","21":"product_tag-hierbas-y-especias-1854","22":"product_tag-juniper-berries","24":"first","25":"instock","26":"taxable","27":"shipping-taxable","28":"purchasable","29":"product-type-simple"},"acf":[],"aioseo_notices":[],"_links":{"self":[{"href":"https:\/\/www.argensend.com\/en\/wp-json\/wp\/v2\/product\/21785","targetHints":{"allow":["GET"]}}],"collection":[{"href":"https:\/\/www.argensend.com\/en\/wp-json\/wp\/v2\/product"}],"about":[{"href":"https:\/\/www.argensend.com\/en\/wp-json\/wp\/v2\/types\/product"}],"replies":[{"embeddable":true,"href":"https:\/\/www.argensend.com\/en\/wp-json\/wp\/v2\/comments?post=21785"}],"version-history":[{"count":4,"href":"https:\/\/www.argensend.com\/en\/wp-json\/wp\/v2\/product\/21785\/revisions"}],"predecessor-version":[{"id":97934,"href":"https:\/\/www.argensend.com\/en\/wp-json\/wp\/v2\/product\/21785\/revisions\/97934"}],"wp:featuredmedia":[{"embeddable":true,"href":"https:\/\/www.argensend.com\/en\/wp-json\/wp\/v2\/media\/21786"}],"wp:attachment":[{"href":"https:\/\/www.argensend.com\/en\/wp-json\/wp\/v2\/media?parent=21785"}],"wp:term":[{"taxonomy":"brand","embeddable":true,"href":"https:\/\/www.argensend.com\/en\/wp-json\/wp\/v2\/etheme_brands?post=21785"},{"taxonomy":"product_brand","embeddable":true,"href":"https:\/\/www.argensend.com\/en\/wp-json\/wp\/v2\/product_brand?post=21785"},{"taxonomy":"product_cat","embeddable":true,"href":"https:\/\/www.argensend.com\/en\/wp-json\/wp\/v2\/product_cat?post=21785"},{"taxonomy":"product_tag","embeddable":true,"href":"https:\/\/www.argensend.com\/en\/wp-json\/wp\/v2\/product_tag?post=21785"}],"curies":[{"name":"wp","href":"https:\/\/api.w.org\/{rel}","templated":true}]}}