{"id":21788,"date":"2021-04-30T14:56:21","date_gmt":"2021-04-30T17:56:21","guid":{"rendered":"https:\/\/www.argensend.com\/?post_type=product&#038;p=21788"},"modified":"2024-12-06T16:03:38","modified_gmt":"2024-12-06T19:03:38","slug":"cera-sistema-espanol-perlas-natural-vegetal-con-miel-depimiel-800-gr","status":"publish","type":"product","link":"https:\/\/www.argensend.com\/en\/product\/cera-sistema-espanol-perlas-natural-vegetal-con-miel-depimiel-800-gr\/","title":{"rendered":"Depimiel &#8211; Cera Sistema Espa\u00f1ol Perlas Natural Vegetal con miel 200gr"},"content":{"rendered":"","protected":false},"excerpt":{"rendered":"<p>Cera sistema espa\u00f1ol en perlas<\/p>\n<p>Presentaci\u00f3n: 200 Grs.<\/p>\n<p>El sistema espa\u00f1ol es uno de los m\u00e9todos de depilaci\u00f3n m\u00e1s efectivos que existen en la actualidad.<\/p>\n<p>Consiste en calentar la cera y distribuirla sobre la superficie a depilar.<\/p>\n<p>Su uso disminuye la aparici\u00f3n paulatina del vello ya que lo extrae de ra\u00edz y mejora la textura de la piel con el paso del tiempo.<\/p>\n<p>Adem\u00e1s, deja la piel suave al tacto y permite su reutilizaci\u00f3n con el uso de filtros.<\/p>\n<p>La depilaci\u00f3n en perlas pertenece al sistema espa\u00f1ol, donde la cera se calienta y se la distribuye sobre la piel.<\/p>\n<p>Es conocida por su r\u00e1pida fusi\u00f3n y su mejor dosificaci\u00f3n: utiliz\u00e1s s\u00f3lo la cantidad que necesitas! De esta manera, ahorras tiempo y cera, permitiendo derretir \u00fanicamente lo necesario.<\/p>\n<p>&nbsp;<\/p>\n<p>Spanish system wax in pearls<\/p>\n<p>Presentation: 200 Grs.<\/p>\n<p>The Spanish system is one of the most effective depilation methods that exist today.<\/p>\n<p>It consists of heating the wax and distributing it over the surface to be depilated.<\/p>\n<p>Its use reduces the gradual appearance of hair as it removes it from the root and improves the texture of the skin over time.<\/p>\n<p>In addition, it leaves the skin soft to the touch and allows its reuse with the use of filters.<\/p>\n<p>Pearl waxing belongs to the Spanish system, where the wax is heated and distributed on the skin.<\/p>\n<p>It is known for its fast melting and better dosage: you use only the amount you need! In this way, you save time and wax, allowing you to melt only what you need.<\/p>","protected":false},"featured_media":21790,"comment_status":"closed","ping_status":"closed","template":"","meta":{"_acf_changed":false,"om_disable_all_campaigns":false,"_monsterinsights_skip_tracking":false,"_monsterinsights_sitenote_active":false,"_monsterinsights_sitenote_note":"","_monsterinsights_sitenote_category":0},"etheme_brands":[],"product_brand":[],"product_cat":[8819],"product_tag":[1612,1609,1619,1618,1617,1613,1616,199,857,211,1278],"class_list":{"0":"post-21788","1":"product","2":"type-product","3":"status-publish","4":"has-post-thumbnail","6":"product_cat-farmacia","7":"product_tag-belleza","8":"product_tag-cera","9":"product_tag-cosmeticos","10":"product_tag-cuidado","11":"product_tag-cuidados","12":"product_tag-depilacion","13":"product_tag-depilar","14":"product_tag-mujer","15":"product_tag-mujeres","16":"product_tag-piel","17":"product_tag-suave","19":"first","20":"instock","21":"taxable","22":"shipping-taxable","23":"purchasable","24":"product-type-simple"},"acf":[],"aioseo_notices":[],"_links":{"self":[{"href":"https:\/\/www.argensend.com\/en\/wp-json\/wp\/v2\/product\/21788","targetHints":{"allow":["GET"]}}],"collection":[{"href":"https:\/\/www.argensend.com\/en\/wp-json\/wp\/v2\/product"}],"about":[{"href":"https:\/\/www.argensend.com\/en\/wp-json\/wp\/v2\/types\/product"}],"replies":[{"embeddable":true,"href":"https:\/\/www.argensend.com\/en\/wp-json\/wp\/v2\/comments?post=21788"}],"version-history":[{"count":3,"href":"https:\/\/www.argensend.com\/en\/wp-json\/wp\/v2\/product\/21788\/revisions"}],"predecessor-version":[{"id":99381,"href":"https:\/\/www.argensend.com\/en\/wp-json\/wp\/v2\/product\/21788\/revisions\/99381"}],"wp:featuredmedia":[{"embeddable":true,"href":"https:\/\/www.argensend.com\/en\/wp-json\/wp\/v2\/media\/21790"}],"wp:attachment":[{"href":"https:\/\/www.argensend.com\/en\/wp-json\/wp\/v2\/media?parent=21788"}],"wp:term":[{"taxonomy":"brand","embeddable":true,"href":"https:\/\/www.argensend.com\/en\/wp-json\/wp\/v2\/etheme_brands?post=21788"},{"taxonomy":"product_brand","embeddable":true,"href":"https:\/\/www.argensend.com\/en\/wp-json\/wp\/v2\/product_brand?post=21788"},{"taxonomy":"product_cat","embeddable":true,"href":"https:\/\/www.argensend.com\/en\/wp-json\/wp\/v2\/product_cat?post=21788"},{"taxonomy":"product_tag","embeddable":true,"href":"https:\/\/www.argensend.com\/en\/wp-json\/wp\/v2\/product_tag?post=21788"}],"curies":[{"name":"wp","href":"https:\/\/api.w.org\/{rel}","templated":true}]}}