{"id":21791,"date":"2021-04-30T14:59:00","date_gmt":"2021-04-30T17:59:00","guid":{"rendered":"https:\/\/www.argensend.com\/?post_type=product&#038;p=21791"},"modified":"2024-12-06T16:03:39","modified_gmt":"2024-12-06T19:03:39","slug":"cera-sistema-espanol-perlas-natural-vegetal-con-lamina-negra-depimiel-800-gr","status":"publish","type":"product","link":"https:\/\/www.argensend.com\/en\/product\/cera-sistema-espanol-perlas-natural-vegetal-con-lamina-negra-depimiel-800-gr\/","title":{"rendered":"Depimiel &#8211; Cera Sistema Espa\u00f1ol Perlas Natural Vegetal con Lamina negra 200gr"},"content":{"rendered":"","protected":false},"excerpt":{"rendered":"<p>Cera sistema espa\u00f1ol en perlas<\/p>\n<p>Presentaci\u00f3n: 800 Grs.<\/p>\n<p>El sistema espa\u00f1ol es uno de los m\u00e9todos de depilaci\u00f3n m\u00e1s efectivos que existen en la actualidad.<\/p>\n<p>Consiste en calentar la cera y distribuirla sobre la superficie a depilar.<\/p>\n<p>Su uso disminuye la aparici\u00f3n paulatina del vello ya que lo extrae de ra\u00edz y mejora la textura de la piel con el paso del tiempo.<\/p>\n<p>Adem\u00e1s, deja la piel suave al tacto y permite su reutilizaci\u00f3n con el uso de filtros.<\/p>\n<p>La depilaci\u00f3n en perlas pertenece al sistema espa\u00f1ol, donde la cera se calienta y se la distribuye sobre la piel.<\/p>\n<p>Es conocida por su r\u00e1pida fusi\u00f3n y su mejor dosificaci\u00f3n: utiliz\u00e1s s\u00f3lo la cantidad que necesitas! De esta manera, ahorras tiempo y cera, permitiendo derretir \u00fanicamente lo necesario.<\/p>","protected":false},"featured_media":21792,"comment_status":"closed","ping_status":"closed","template":"","meta":{"_acf_changed":false,"om_disable_all_campaigns":false,"_monsterinsights_skip_tracking":false,"_monsterinsights_sitenote_active":false,"_monsterinsights_sitenote_note":"","_monsterinsights_sitenote_category":0},"etheme_brands":[],"product_brand":[],"product_cat":[8819],"product_tag":[1612,1609,1619,1618,1617,1613,1616,199,857,211,1278],"class_list":{"0":"post-21791","1":"product","2":"type-product","3":"status-publish","4":"has-post-thumbnail","6":"product_cat-farmacia","7":"product_tag-belleza","8":"product_tag-cera","9":"product_tag-cosmeticos","10":"product_tag-cuidado","11":"product_tag-cuidados","12":"product_tag-depilacion","13":"product_tag-depilar","14":"product_tag-mujer","15":"product_tag-mujeres","16":"product_tag-piel","17":"product_tag-suave","19":"first","20":"instock","21":"taxable","22":"shipping-taxable","23":"purchasable","24":"product-type-simple"},"acf":[],"aioseo_notices":[],"_links":{"self":[{"href":"https:\/\/www.argensend.com\/en\/wp-json\/wp\/v2\/product\/21791","targetHints":{"allow":["GET"]}}],"collection":[{"href":"https:\/\/www.argensend.com\/en\/wp-json\/wp\/v2\/product"}],"about":[{"href":"https:\/\/www.argensend.com\/en\/wp-json\/wp\/v2\/types\/product"}],"replies":[{"embeddable":true,"href":"https:\/\/www.argensend.com\/en\/wp-json\/wp\/v2\/comments?post=21791"}],"version-history":[{"count":4,"href":"https:\/\/www.argensend.com\/en\/wp-json\/wp\/v2\/product\/21791\/revisions"}],"predecessor-version":[{"id":99382,"href":"https:\/\/www.argensend.com\/en\/wp-json\/wp\/v2\/product\/21791\/revisions\/99382"}],"wp:featuredmedia":[{"embeddable":true,"href":"https:\/\/www.argensend.com\/en\/wp-json\/wp\/v2\/media\/21792"}],"wp:attachment":[{"href":"https:\/\/www.argensend.com\/en\/wp-json\/wp\/v2\/media?parent=21791"}],"wp:term":[{"taxonomy":"brand","embeddable":true,"href":"https:\/\/www.argensend.com\/en\/wp-json\/wp\/v2\/etheme_brands?post=21791"},{"taxonomy":"product_brand","embeddable":true,"href":"https:\/\/www.argensend.com\/en\/wp-json\/wp\/v2\/product_brand?post=21791"},{"taxonomy":"product_cat","embeddable":true,"href":"https:\/\/www.argensend.com\/en\/wp-json\/wp\/v2\/product_cat?post=21791"},{"taxonomy":"product_tag","embeddable":true,"href":"https:\/\/www.argensend.com\/en\/wp-json\/wp\/v2\/product_tag?post=21791"}],"curies":[{"name":"wp","href":"https:\/\/api.w.org\/{rel}","templated":true}]}}