{"id":21832,"date":"2021-04-30T15:53:23","date_gmt":"2021-04-30T18:53:23","guid":{"rendered":"https:\/\/www.argensend.com\/?post_type=product&#038;p=21832"},"modified":"2025-04-22T18:06:19","modified_gmt":"2025-04-22T21:06:19","slug":"sesamo-1854-80-gr-x-6-unidades","status":"publish","type":"product","link":"https:\/\/www.argensend.com\/en\/product\/sesamo-1854-80-gr-x-6-unidades\/","title":{"rendered":"1854 &#8211; S\u00e9samo 80gr &#8211; 6 Unidades"},"content":{"rendered":"","protected":false},"excerpt":{"rendered":"<p>El s\u00e9samo es ideal para guisos de pescados o pollo y reposter\u00eda. Las ensaladas con s\u00e9samo ganar\u00e1n en presencia y sabor. Es conveniente tostar las semillas ligeramente para liberar todo su aroma y sabor.<\/p>\n<p>EN:<\/p>\n<p>Sesame is ideal for fish or chicken stews and pastries. Salads with sesame will gain in presence and flavor. It is convenient to toast the seeds lightly to release all its aroma and flavor.<\/p>","protected":false},"featured_media":21833,"comment_status":"closed","ping_status":"closed","template":"","meta":{"_acf_changed":false,"om_disable_all_campaigns":false,"_monsterinsights_skip_tracking":false,"_monsterinsights_sitenote_active":false,"_monsterinsights_sitenote_note":"","_monsterinsights_sitenote_category":0},"etheme_brands":[],"product_brand":[],"product_cat":[2130],"product_tag":[1269,230,231,203,234,224,1259,235,236,775,232,233,1516,1634,1605],"class_list":{"0":"post-21832","1":"product","2":"type-product","3":"status-publish","4":"has-post-thumbnail","6":"product_cat-sal-especias","7":"product_tag-6-unidades","8":"product_tag-alimento","9":"product_tag-alimentos","10":"product_tag-argentina","11":"product_tag-argentine","12":"product_tag-argentino","13":"product_tag-comidas","14":"product_tag-delicias","15":"product_tag-delicious","16":"product_tag-especias","17":"product_tag-food","18":"product_tag-foods","19":"product_tag-hierbas-y-especias-1854","20":"product_tag-sesame","21":"product_tag-sesamo","23":"first","24":"instock","25":"taxable","26":"shipping-taxable","27":"purchasable","28":"product-type-simple"},"acf":[],"aioseo_notices":[],"_links":{"self":[{"href":"https:\/\/www.argensend.com\/en\/wp-json\/wp\/v2\/product\/21832","targetHints":{"allow":["GET"]}}],"collection":[{"href":"https:\/\/www.argensend.com\/en\/wp-json\/wp\/v2\/product"}],"about":[{"href":"https:\/\/www.argensend.com\/en\/wp-json\/wp\/v2\/types\/product"}],"replies":[{"embeddable":true,"href":"https:\/\/www.argensend.com\/en\/wp-json\/wp\/v2\/comments?post=21832"}],"version-history":[{"count":4,"href":"https:\/\/www.argensend.com\/en\/wp-json\/wp\/v2\/product\/21832\/revisions"}],"predecessor-version":[{"id":97984,"href":"https:\/\/www.argensend.com\/en\/wp-json\/wp\/v2\/product\/21832\/revisions\/97984"}],"wp:featuredmedia":[{"embeddable":true,"href":"https:\/\/www.argensend.com\/en\/wp-json\/wp\/v2\/media\/21833"}],"wp:attachment":[{"href":"https:\/\/www.argensend.com\/en\/wp-json\/wp\/v2\/media?parent=21832"}],"wp:term":[{"taxonomy":"brand","embeddable":true,"href":"https:\/\/www.argensend.com\/en\/wp-json\/wp\/v2\/etheme_brands?post=21832"},{"taxonomy":"product_brand","embeddable":true,"href":"https:\/\/www.argensend.com\/en\/wp-json\/wp\/v2\/product_brand?post=21832"},{"taxonomy":"product_cat","embeddable":true,"href":"https:\/\/www.argensend.com\/en\/wp-json\/wp\/v2\/product_cat?post=21832"},{"taxonomy":"product_tag","embeddable":true,"href":"https:\/\/www.argensend.com\/en\/wp-json\/wp\/v2\/product_tag?post=21832"}],"curies":[{"name":"wp","href":"https:\/\/api.w.org\/{rel}","templated":true}]}}