{"id":21908,"date":"2021-05-01T22:48:11","date_gmt":"2021-05-02T01:48:11","guid":{"rendered":"https:\/\/www.argensend.com\/?post_type=product&#038;p=21908"},"modified":"2025-04-21T17:04:38","modified_gmt":"2025-04-21T20:04:38","slug":"queso-semiduro-ahumado-mini-horma-saborizada-la-suerte-400grs","status":"publish","type":"product","link":"https:\/\/www.argensend.com\/en\/product\/queso-semiduro-ahumado-mini-horma-saborizada-la-suerte-400grs\/","title":{"rendered":"Queso Semiduro Ahumado Mini Horma Saborizada la Suerte 400gr"},"content":{"rendered":"","protected":false},"excerpt":{"rendered":"<p>El queso Ahumado de La Suerte<\/p>\n<p>Es un sabroso semiduro sometido a un proceso con le\u00f1a de roble pell\u00edn y raul\u00ed. De esta manera al sabor \u00fanico de la leche de tambo propio se suman el gusto y el perfume de maderas bien nuestras.<\/p>\n<p>El terroir envasado<\/p>","protected":false},"featured_media":21910,"comment_status":"closed","ping_status":"closed","template":"","meta":{"_acf_changed":false,"om_disable_all_campaigns":false,"_monsterinsights_skip_tracking":false,"_monsterinsights_sitenote_active":false,"_monsterinsights_sitenote_note":"","_monsterinsights_sitenote_category":0},"etheme_brands":[],"product_brand":[],"product_cat":[8572,1649],"product_tag":[10020],"class_list":{"0":"post-21908","1":"product","2":"type-product","3":"status-publish","4":"has-post-thumbnail","6":"product_cat-alimentos-tradicionales","7":"product_cat-quesos-fiambres","8":"product_tag-t10al","10":"first","11":"instock","12":"sale","13":"taxable","14":"shipping-taxable","15":"purchasable","16":"product-type-simple"},"acf":[],"aioseo_notices":[],"_links":{"self":[{"href":"https:\/\/www.argensend.com\/en\/wp-json\/wp\/v2\/product\/21908","targetHints":{"allow":["GET"]}}],"collection":[{"href":"https:\/\/www.argensend.com\/en\/wp-json\/wp\/v2\/product"}],"about":[{"href":"https:\/\/www.argensend.com\/en\/wp-json\/wp\/v2\/types\/product"}],"replies":[{"embeddable":true,"href":"https:\/\/www.argensend.com\/en\/wp-json\/wp\/v2\/comments?post=21908"}],"version-history":[{"count":3,"href":"https:\/\/www.argensend.com\/en\/wp-json\/wp\/v2\/product\/21908\/revisions"}],"predecessor-version":[{"id":107561,"href":"https:\/\/www.argensend.com\/en\/wp-json\/wp\/v2\/product\/21908\/revisions\/107561"}],"wp:featuredmedia":[{"embeddable":true,"href":"https:\/\/www.argensend.com\/en\/wp-json\/wp\/v2\/media\/21910"}],"wp:attachment":[{"href":"https:\/\/www.argensend.com\/en\/wp-json\/wp\/v2\/media?parent=21908"}],"wp:term":[{"taxonomy":"brand","embeddable":true,"href":"https:\/\/www.argensend.com\/en\/wp-json\/wp\/v2\/etheme_brands?post=21908"},{"taxonomy":"product_brand","embeddable":true,"href":"https:\/\/www.argensend.com\/en\/wp-json\/wp\/v2\/product_brand?post=21908"},{"taxonomy":"product_cat","embeddable":true,"href":"https:\/\/www.argensend.com\/en\/wp-json\/wp\/v2\/product_cat?post=21908"},{"taxonomy":"product_tag","embeddable":true,"href":"https:\/\/www.argensend.com\/en\/wp-json\/wp\/v2\/product_tag?post=21908"}],"curies":[{"name":"wp","href":"https:\/\/api.w.org\/{rel}","templated":true}]}}