{"id":22049,"date":"2021-05-04T08:53:15","date_gmt":"2021-05-04T11:53:15","guid":{"rendered":"https:\/\/www.argensend.com\/?post_type=product&#038;p=22049"},"modified":"2024-12-06T16:03:57","modified_gmt":"2024-12-06T19:03:57","slug":"talco-liquido-diabettx-x-70-ml","status":"publish","type":"product","link":"https:\/\/www.argensend.com\/en\/product\/talco-liquido-diabettx-x-70-ml\/","title":{"rendered":"Talco L\u00edquido Diabettx 70ml"},"content":{"rendered":"","protected":false},"excerpt":{"rendered":"<section class=\"product-description-container\">\n<div class=\"product-description active\">\n<div class=\"productDescription\">\n<h3>Descripci\u00f3n:<\/h3>\n<p>Es un talco l\u00edquido es una emulsi\u00f3n que absorbe la humedad de la piel, dise\u00f1ado especialmente desarrollado para las personas que padecen diabetes.<\/p>\n<h3>Modo de uso:<\/h3>\n<p>V\u00eda de administraci\u00f3n t\u00f3pica: Aplicar sobre la piel limpia y seca en zonas de pliegues. Esparcir el producto con la mano y lavarse luego de cada aplicaci\u00f3n. Al cabo de unos segundos el talco l\u00edquido se seca, dejando una pel\u00edcula protectora. Repetir las veces que sea necesario.<\/p>\n<\/div>\n<div class=\"product-modules\"><\/div>\n<\/div>\n<\/section>\n<section class=\"product-footer\">\n<section class=\"snippets-product\"><\/section>\n<section class=\"related-product\">\n<div class=\"section-container active\"><\/div>\n<\/section>\n<\/section>","protected":false},"featured_media":22050,"comment_status":"closed","ping_status":"closed","template":"","meta":{"_acf_changed":false,"om_disable_all_campaigns":false,"_monsterinsights_skip_tracking":false,"_monsterinsights_sitenote_active":false,"_monsterinsights_sitenote_note":"","_monsterinsights_sitenote_category":0},"etheme_brands":[],"product_brand":[],"product_cat":[3141,8819],"product_tag":[456,463,462],"class_list":{"0":"post-22049","1":"product","2":"type-product","3":"status-publish","4":"has-post-thumbnail","6":"product_cat-diabetes","7":"product_cat-farmacia","8":"product_tag-crema","9":"product_tag-crema-para-bebes","10":"product_tag-hipoglos","12":"first","13":"outofstock","14":"taxable","15":"shipping-taxable","16":"purchasable","17":"product-type-simple"},"acf":[],"aioseo_notices":[],"_links":{"self":[{"href":"https:\/\/www.argensend.com\/en\/wp-json\/wp\/v2\/product\/22049","targetHints":{"allow":["GET"]}}],"collection":[{"href":"https:\/\/www.argensend.com\/en\/wp-json\/wp\/v2\/product"}],"about":[{"href":"https:\/\/www.argensend.com\/en\/wp-json\/wp\/v2\/types\/product"}],"replies":[{"embeddable":true,"href":"https:\/\/www.argensend.com\/en\/wp-json\/wp\/v2\/comments?post=22049"}],"version-history":[{"count":3,"href":"https:\/\/www.argensend.com\/en\/wp-json\/wp\/v2\/product\/22049\/revisions"}],"predecessor-version":[{"id":99408,"href":"https:\/\/www.argensend.com\/en\/wp-json\/wp\/v2\/product\/22049\/revisions\/99408"}],"wp:featuredmedia":[{"embeddable":true,"href":"https:\/\/www.argensend.com\/en\/wp-json\/wp\/v2\/media\/22050"}],"wp:attachment":[{"href":"https:\/\/www.argensend.com\/en\/wp-json\/wp\/v2\/media?parent=22049"}],"wp:term":[{"taxonomy":"brand","embeddable":true,"href":"https:\/\/www.argensend.com\/en\/wp-json\/wp\/v2\/etheme_brands?post=22049"},{"taxonomy":"product_brand","embeddable":true,"href":"https:\/\/www.argensend.com\/en\/wp-json\/wp\/v2\/product_brand?post=22049"},{"taxonomy":"product_cat","embeddable":true,"href":"https:\/\/www.argensend.com\/en\/wp-json\/wp\/v2\/product_cat?post=22049"},{"taxonomy":"product_tag","embeddable":true,"href":"https:\/\/www.argensend.com\/en\/wp-json\/wp\/v2\/product_tag?post=22049"}],"curies":[{"name":"wp","href":"https:\/\/api.w.org\/{rel}","templated":true}]}}