{"id":22082,"date":"2021-05-04T15:36:45","date_gmt":"2021-05-04T18:36:45","guid":{"rendered":"https:\/\/www.argensend.com\/?post_type=product&#038;p=22082"},"modified":"2024-12-06T16:03:58","modified_gmt":"2024-12-06T19:03:58","slug":"night-renew-cantidad-10-ampollas","status":"publish","type":"product","link":"https:\/\/www.argensend.com\/en\/product\/night-renew-cantidad-10-ampollas\/","title":{"rendered":"Marti Derm Night Renew Cantidad 10 Ampollas"},"content":{"rendered":"","protected":false},"excerpt":{"rendered":"<div class=\"et_pb_row et_pb_row_4 et_pb_row_4col\">\n<div class=\"et_pb_column et_pb_column_1_4 et_pb_column_9 et_pb_css_mix_blend_mode_passthrough\">\n<div class=\"et_pb_module et_pb_text et_pb_text_9 et_pb_text_align_left et_pb_bg_layout_light\">\n<div class=\"et_pb_text_inner\">\n<div class=\"col-md-2 useCol\">\n<div class=\"useNumberBlock bgUses-1\"><strong>.<\/strong>\u00a0<span class=\"fGreen f20\">Agitar\u00a0<\/span>suavemente la ampolla.<\/div>\n<\/div>\n<div class=\"col-md-2 useCol\">\n<div class=\"useNumberBlock bgUses-2\"><strong>2.\u00a0<\/strong><span class=\"fGreen f20\">Apoyar\u00a0<\/span>la ampolla sobre una superficie lisa y colocar el EASY OPEN sobre e\u0301sta ejerciendo una ligera presio\u0301n hacia abajo hasta oi\u0301r \u201cclick\u201d.<\/div>\n<\/div>\n<div class=\"col-md-2 useCol\">\n<div class=\"useNumberBlock bgUses-3\"><strong>3.\u00a0<\/strong><span class=\"fGreen f20\">Retirar\u00a0<\/span>el EASY OPEN y la parte superior de la ampolla. Colocar el dosificador sobre la ampolla hasta la li\u0301nea.<\/div>\n<\/div>\n<div class=\"col-md-2 useCol\">\n<div class=\"useNumberBlock bgUses-4\"><strong>4.\u00a0<\/strong><span class=\"fGreen f20\">Verter<strong class=\"useItem\">\u00a0<\/strong><\/span>la mitad del contenido sobre la mano y aplicar. Conservar la ampolla sobre la base, colocando el tapo\u0301n sobre el dosificador.<\/div>\n<\/div>\n<p>&nbsp;<\/p>\n<p>&nbsp;<\/p>\n<\/div>\n<\/div>\n<\/div>\n<div class=\"et_pb_column et_pb_column_1_4 et_pb_column_10 et_pb_css_mix_blend_mode_passthrough\">\n<div class=\"et_pb_module et_pb_text et_pb_text_10 et_pb_text_align_left et_pb_bg_layout_light\">\n<div class=\"et_pb_text_inner\">\n<p><strong>ACTIVOS PRINCIPALES<\/strong><\/p>\n<p>&nbsp;<\/p>\n<\/div>\n<\/div>\n<div class=\"et_pb_module et_pb_text et_pb_text_11 et_pb_text_align_left et_pb_bg_layout_light\">\n<div class=\"et_pb_text_inner\">\n<p><strong>\u2022\u00a0<\/strong><strong>Alfa Hidroxi\u00e1cidos<\/strong><\/p>\n<div class=\"col-md-4 offset-1 pb-3\">\n<div>Sustancias naturales con acci\u00f3n regeneradora y renovadora, gracias a su suave capacidad exfoliante.<\/div>\n<\/div>\n<div class=\"col-md-4 offset-1 pb-3\">\n<div class=\"f20 fBold fGreen pb-2\"><strong>\u2022\u00a0Col\u00e1geno Marino<\/strong><\/div>\n<div>Hidrata, protege y da estructura a la piel.<\/div>\n<\/div>\n<\/div>\n<\/div>\n<\/div>\n<div class=\"et_pb_column et_pb_column_1_4 et_pb_column_11 et_pb_css_mix_blend_mode_passthrough et-last-child\">\n<div class=\"et_pb_module et_pb_text et_pb_text_12 et_pb_text_align_left et_pb_bg_layout_light\">\n<div class=\"et_pb_text_inner\">\n<p><strong>BENEFICIOS<\/strong><\/p>\n<p>&nbsp;<\/p>\n<\/div>\n<\/div>\n<div class=\"et_pb_module et_pb_text et_pb_text_13 et_pb_text_align_left et_pb_bg_layout_light\">\n<div class=\"et_pb_text_inner\">Las Night Renew Ampollas, por su contenido en alfahidroxi\u00e1cidos, realizan una suave exfoliaci\u00f3n de las capas superficiales de la piel. El col\u00e1geno marino, junto con el \u00e1cido hialur\u00f3nico, evita la p\u00e9rdida de agua y estimula la producci\u00f3n de col\u00e1geno y elastina, a la vez que hidrata, protege y da estructura a la piel. Tambi\u00e9n disminuye las arrugas, alisa y suaviza la piel, y unifica el tono. Adem\u00e1s, potencia la penetraci\u00f3n de otros productos que est\u00e1n especialmente indicados por la noche.<\/div>\n<\/div>\n<\/div>\n<\/div>\n<div class=\"et_pb_row et_pb_row_5\">\n<div class=\"et_pb_column et_pb_column_4_4 et_pb_column_12 et_pb_css_mix_blend_mode_passthrough et-last-child\">\n<div class=\"et_pb_module et_pb_wc_related_products et_pb_wc_related_products_0 et_pb_bg_layout_\">\n<div class=\"et_pb_module_inner\"><\/div>\n<\/div>\n<\/div>\n<\/div>","protected":false},"featured_media":22084,"comment_status":"closed","ping_status":"closed","template":"","meta":{"_acf_changed":false,"om_disable_all_campaigns":false,"_monsterinsights_skip_tracking":false,"_monsterinsights_sitenote_active":false,"_monsterinsights_sitenote_note":"","_monsterinsights_sitenote_category":0},"etheme_brands":[],"product_brand":[],"product_cat":[8819],"product_tag":[456,463,462],"class_list":{"0":"post-22082","1":"product","2":"type-product","3":"status-publish","4":"has-post-thumbnail","6":"product_cat-farmacia","7":"product_tag-crema","8":"product_tag-crema-para-bebes","9":"product_tag-hipoglos","11":"first","12":"instock","13":"taxable","14":"shipping-taxable","15":"purchasable","16":"product-type-simple"},"acf":[],"aioseo_notices":[],"_links":{"self":[{"href":"https:\/\/www.argensend.com\/en\/wp-json\/wp\/v2\/product\/22082","targetHints":{"allow":["GET"]}}],"collection":[{"href":"https:\/\/www.argensend.com\/en\/wp-json\/wp\/v2\/product"}],"about":[{"href":"https:\/\/www.argensend.com\/en\/wp-json\/wp\/v2\/types\/product"}],"replies":[{"embeddable":true,"href":"https:\/\/www.argensend.com\/en\/wp-json\/wp\/v2\/comments?post=22082"}],"version-history":[{"count":2,"href":"https:\/\/www.argensend.com\/en\/wp-json\/wp\/v2\/product\/22082\/revisions"}],"predecessor-version":[{"id":99416,"href":"https:\/\/www.argensend.com\/en\/wp-json\/wp\/v2\/product\/22082\/revisions\/99416"}],"wp:featuredmedia":[{"embeddable":true,"href":"https:\/\/www.argensend.com\/en\/wp-json\/wp\/v2\/media\/22084"}],"wp:attachment":[{"href":"https:\/\/www.argensend.com\/en\/wp-json\/wp\/v2\/media?parent=22082"}],"wp:term":[{"taxonomy":"brand","embeddable":true,"href":"https:\/\/www.argensend.com\/en\/wp-json\/wp\/v2\/etheme_brands?post=22082"},{"taxonomy":"product_brand","embeddable":true,"href":"https:\/\/www.argensend.com\/en\/wp-json\/wp\/v2\/product_brand?post=22082"},{"taxonomy":"product_cat","embeddable":true,"href":"https:\/\/www.argensend.com\/en\/wp-json\/wp\/v2\/product_cat?post=22082"},{"taxonomy":"product_tag","embeddable":true,"href":"https:\/\/www.argensend.com\/en\/wp-json\/wp\/v2\/product_tag?post=22082"}],"curies":[{"name":"wp","href":"https:\/\/api.w.org\/{rel}","templated":true}]}}