{"id":22142,"date":"2021-05-05T15:53:12","date_gmt":"2021-05-05T18:53:12","guid":{"rendered":"https:\/\/www.argensend.com\/?post_type=product&#038;p=22142"},"modified":"2025-04-22T18:06:04","modified_gmt":"2025-04-22T21:06:04","slug":"molinillo-premium-limon-y-sal-1854-140-gr-x-6-unidades","status":"publish","type":"product","link":"https:\/\/www.argensend.com\/en\/product\/molinillo-premium-limon-y-sal-1854-140-gr-x-6-unidades\/","title":{"rendered":"1854 &#8211; Molinillo Premium Lim\u00f3n y Sal 140gr &#8211; 6 Unidades"},"content":{"rendered":"","protected":false},"excerpt":{"rendered":"<div class=\"row row-text-product\">El lim\u00f3n es sin duda alguna uno de los ingredientes m\u00e1s famosos y utilizados en nuestra cocina, para preparar comidas. Podes agregar 1854 Lim\u00f3n &amp; Sal en tus ensaladas, milanesas, cerdo. Ideal para verduras al vapor.<\/div>\n<div><\/div>\n<div>EN:<\/div>\n<div>Lemon is undoubtedly one of the most famous ingredients used in our kitchen to prepare meals. You can add 1854 Lemon &amp; Salt to your salads, breaded meat, pork. Ideal for steamed vegetables.<\/div>\n<div><\/div>\n<div><\/div>\n<div class=\"row row-text-product\"><\/div>","protected":false},"featured_media":22143,"comment_status":"closed","ping_status":"closed","template":"","meta":{"_acf_changed":false,"om_disable_all_campaigns":false,"_monsterinsights_skip_tracking":false,"_monsterinsights_sitenote_active":false,"_monsterinsights_sitenote_note":"","_monsterinsights_sitenote_category":0},"etheme_brands":[],"product_brand":[],"product_cat":[2130],"product_tag":[1269,230,231,203,234,224,1259,235,236,1500,1526,1264,775,232,233,1516,1674,1675,1667,704],"class_list":{"0":"post-22142","1":"product","2":"type-product","3":"status-publish","4":"has-post-thumbnail","6":"product_cat-sal-especias","7":"product_tag-6-unidades","8":"product_tag-alimento","9":"product_tag-alimentos","10":"product_tag-argentina","11":"product_tag-argentine","12":"product_tag-argentino","13":"product_tag-comidas","14":"product_tag-delicias","15":"product_tag-delicious","16":"product_tag-desayuno","17":"product_tag-ensalada","18":"product_tag-ensaladas","19":"product_tag-especias","20":"product_tag-food","21":"product_tag-foods","22":"product_tag-hierbas-y-especias-1854","23":"product_tag-lemon-and-salt","24":"product_tag-limon-y-sal","25":"product_tag-molinillo","26":"product_tag-premium","28":"first","29":"instock","30":"taxable","31":"shipping-taxable","32":"purchasable","33":"product-type-simple"},"acf":[],"aioseo_notices":[],"_links":{"self":[{"href":"https:\/\/www.argensend.com\/en\/wp-json\/wp\/v2\/product\/22142","targetHints":{"allow":["GET"]}}],"collection":[{"href":"https:\/\/www.argensend.com\/en\/wp-json\/wp\/v2\/product"}],"about":[{"href":"https:\/\/www.argensend.com\/en\/wp-json\/wp\/v2\/types\/product"}],"replies":[{"embeddable":true,"href":"https:\/\/www.argensend.com\/en\/wp-json\/wp\/v2\/comments?post=22142"}],"version-history":[{"count":4,"href":"https:\/\/www.argensend.com\/en\/wp-json\/wp\/v2\/product\/22142\/revisions"}],"predecessor-version":[{"id":97955,"href":"https:\/\/www.argensend.com\/en\/wp-json\/wp\/v2\/product\/22142\/revisions\/97955"}],"wp:featuredmedia":[{"embeddable":true,"href":"https:\/\/www.argensend.com\/en\/wp-json\/wp\/v2\/media\/22143"}],"wp:attachment":[{"href":"https:\/\/www.argensend.com\/en\/wp-json\/wp\/v2\/media?parent=22142"}],"wp:term":[{"taxonomy":"brand","embeddable":true,"href":"https:\/\/www.argensend.com\/en\/wp-json\/wp\/v2\/etheme_brands?post=22142"},{"taxonomy":"product_brand","embeddable":true,"href":"https:\/\/www.argensend.com\/en\/wp-json\/wp\/v2\/product_brand?post=22142"},{"taxonomy":"product_cat","embeddable":true,"href":"https:\/\/www.argensend.com\/en\/wp-json\/wp\/v2\/product_cat?post=22142"},{"taxonomy":"product_tag","embeddable":true,"href":"https:\/\/www.argensend.com\/en\/wp-json\/wp\/v2\/product_tag?post=22142"}],"curies":[{"name":"wp","href":"https:\/\/api.w.org\/{rel}","templated":true}]}}