{"id":22144,"date":"2021-05-05T15:55:00","date_gmt":"2021-05-05T18:55:00","guid":{"rendered":"https:\/\/www.argensend.com\/?post_type=product&#038;p=22144"},"modified":"2025-04-22T18:06:05","modified_gmt":"2025-04-22T21:06:05","slug":"molinillo-premium-limon-sal-y-pimienta-1854-120-gr-x-6-unidades","status":"publish","type":"product","link":"https:\/\/www.argensend.com\/en\/product\/molinillo-premium-limon-sal-y-pimienta-1854-120-gr-x-6-unidades\/","title":{"rendered":"1854 &#8211; Molinillo Premium Lim\u00f3n, Sal y Pimienta 120gr &#8211; 6 Unidades"},"content":{"rendered":"","protected":false},"excerpt":{"rendered":"<div class=\"row row-text-product\">\n<p>La pimienta con lim\u00f3n es un conocido condimento que se puede aplicar a todo, desde pollo hasta pescado. 1854 Lim\u00f3n, Sal &amp; Pimienta es ampliamente utilizado porque el sabor a lim\u00f3n dulce es el complemento ideal para el sabor de la pimienta. Esos mismos sabores funcionan bien cuando se disfruta de una sabrosa y picante salsa de pimienta y lim\u00f3n. Ingredientes: Sal Gruesa, Limon en Polvo, Pimienta Negra en Granos.<\/p>\n<p>EN:<\/p>\n<p>Lemon pepper is a well-known seasoning that can be applied to everything from chicken to fish. 1854 Lemon, Salt &amp; Pepper is widely used because the sweet lemon flavor is the ideal complement to the pepper flavor. Those same flavors work well when enjoyed with a savory, tangy lemon pepper sauce. Ingredients: Coarse Salt, Lemon Powder, Black Peppercorns.<\/p>\n<\/div>\n<div class=\"row row-text-product\"><\/div>\n<div class=\"row row-text-product\"><\/div>","protected":false},"featured_media":22145,"comment_status":"closed","ping_status":"closed","template":"","meta":{"_acf_changed":false,"om_disable_all_campaigns":false,"_monsterinsights_skip_tracking":false,"_monsterinsights_sitenote_active":false,"_monsterinsights_sitenote_note":"","_monsterinsights_sitenote_category":0},"etheme_brands":[],"product_brand":[],"product_cat":[2130],"product_tag":[1269,230,231,203,234,224,1259,235,236,1500,1526,1264,775,232,233,1516,1674,1675,1667,1676,777,704],"class_list":{"0":"post-22144","1":"product","2":"type-product","3":"status-publish","4":"has-post-thumbnail","6":"product_cat-sal-especias","7":"product_tag-6-unidades","8":"product_tag-alimento","9":"product_tag-alimentos","10":"product_tag-argentina","11":"product_tag-argentine","12":"product_tag-argentino","13":"product_tag-comidas","14":"product_tag-delicias","15":"product_tag-delicious","16":"product_tag-desayuno","17":"product_tag-ensalada","18":"product_tag-ensaladas","19":"product_tag-especias","20":"product_tag-food","21":"product_tag-foods","22":"product_tag-hierbas-y-especias-1854","23":"product_tag-lemon-and-salt","24":"product_tag-limon-y-sal","25":"product_tag-molinillo","26":"product_tag-pepper","27":"product_tag-pimienta","28":"product_tag-premium","30":"first","31":"instock","32":"taxable","33":"shipping-taxable","34":"purchasable","35":"product-type-simple"},"acf":[],"aioseo_notices":[],"_links":{"self":[{"href":"https:\/\/www.argensend.com\/en\/wp-json\/wp\/v2\/product\/22144","targetHints":{"allow":["GET"]}}],"collection":[{"href":"https:\/\/www.argensend.com\/en\/wp-json\/wp\/v2\/product"}],"about":[{"href":"https:\/\/www.argensend.com\/en\/wp-json\/wp\/v2\/types\/product"}],"replies":[{"embeddable":true,"href":"https:\/\/www.argensend.com\/en\/wp-json\/wp\/v2\/comments?post=22144"}],"version-history":[{"count":4,"href":"https:\/\/www.argensend.com\/en\/wp-json\/wp\/v2\/product\/22144\/revisions"}],"predecessor-version":[{"id":97956,"href":"https:\/\/www.argensend.com\/en\/wp-json\/wp\/v2\/product\/22144\/revisions\/97956"}],"wp:featuredmedia":[{"embeddable":true,"href":"https:\/\/www.argensend.com\/en\/wp-json\/wp\/v2\/media\/22145"}],"wp:attachment":[{"href":"https:\/\/www.argensend.com\/en\/wp-json\/wp\/v2\/media?parent=22144"}],"wp:term":[{"taxonomy":"brand","embeddable":true,"href":"https:\/\/www.argensend.com\/en\/wp-json\/wp\/v2\/etheme_brands?post=22144"},{"taxonomy":"product_brand","embeddable":true,"href":"https:\/\/www.argensend.com\/en\/wp-json\/wp\/v2\/product_brand?post=22144"},{"taxonomy":"product_cat","embeddable":true,"href":"https:\/\/www.argensend.com\/en\/wp-json\/wp\/v2\/product_cat?post=22144"},{"taxonomy":"product_tag","embeddable":true,"href":"https:\/\/www.argensend.com\/en\/wp-json\/wp\/v2\/product_tag?post=22144"}],"curies":[{"name":"wp","href":"https:\/\/api.w.org\/{rel}","templated":true}]}}