{"id":22187,"date":"2021-05-06T14:47:12","date_gmt":"2021-05-06T17:47:12","guid":{"rendered":"https:\/\/www.argensend.com\/?post_type=product&#038;p=22187"},"modified":"2024-12-06T16:04:08","modified_gmt":"2024-12-06T19:04:08","slug":"10-paquetes-porcelana-fria-nicron-de-color-a-eleccion","status":"publish","type":"product","link":"https:\/\/www.argensend.com\/en\/product\/10-paquetes-porcelana-fria-nicron-de-color-a-eleccion\/","title":{"rendered":"10 Paquetes Porcelana Fr\u00eda Nicron de Color a Elecci\u00f3n"},"content":{"rendered":"","protected":false},"excerpt":{"rendered":"<p>10 PAQUETES DE PORCELANA FR\u00cdA NICRON COLOR<\/p>\n<p>Contenido: 250g cada paquete<\/p>\n<p>Colores a elecci\u00f3n<\/p>\n<p>Colores disponibles: Azul &#8211; Rojo &#8211; Verde &#8211; Amarillo &#8211; Marron &#8211; Piel &#8211; Rosa Fluo &#8211; Blanco &#8211; Negro<\/p>","protected":false},"featured_media":22189,"comment_status":"closed","ping_status":"closed","template":"","meta":{"_acf_changed":false,"om_disable_all_campaigns":false,"_monsterinsights_skip_tracking":false,"_monsterinsights_sitenote_active":false,"_monsterinsights_sitenote_note":"","_monsterinsights_sitenote_category":0},"etheme_brands":[],"product_brand":[],"product_cat":[8792,8793],"product_tag":[],"class_list":{"0":"post-22187","1":"product","2":"type-product","3":"status-publish","4":"has-post-thumbnail","6":"product_cat-arte","7":"product_cat-cotillon","9":"first","10":"instock","11":"taxable","12":"shipping-taxable","13":"purchasable","14":"product-type-simple"},"acf":[],"aioseo_notices":[],"_links":{"self":[{"href":"https:\/\/www.argensend.com\/en\/wp-json\/wp\/v2\/product\/22187","targetHints":{"allow":["GET"]}}],"collection":[{"href":"https:\/\/www.argensend.com\/en\/wp-json\/wp\/v2\/product"}],"about":[{"href":"https:\/\/www.argensend.com\/en\/wp-json\/wp\/v2\/types\/product"}],"replies":[{"embeddable":true,"href":"https:\/\/www.argensend.com\/en\/wp-json\/wp\/v2\/comments?post=22187"}],"version-history":[{"count":4,"href":"https:\/\/www.argensend.com\/en\/wp-json\/wp\/v2\/product\/22187\/revisions"}],"predecessor-version":[{"id":106763,"href":"https:\/\/www.argensend.com\/en\/wp-json\/wp\/v2\/product\/22187\/revisions\/106763"}],"wp:featuredmedia":[{"embeddable":true,"href":"https:\/\/www.argensend.com\/en\/wp-json\/wp\/v2\/media\/22189"}],"wp:attachment":[{"href":"https:\/\/www.argensend.com\/en\/wp-json\/wp\/v2\/media?parent=22187"}],"wp:term":[{"taxonomy":"brand","embeddable":true,"href":"https:\/\/www.argensend.com\/en\/wp-json\/wp\/v2\/etheme_brands?post=22187"},{"taxonomy":"product_brand","embeddable":true,"href":"https:\/\/www.argensend.com\/en\/wp-json\/wp\/v2\/product_brand?post=22187"},{"taxonomy":"product_cat","embeddable":true,"href":"https:\/\/www.argensend.com\/en\/wp-json\/wp\/v2\/product_cat?post=22187"},{"taxonomy":"product_tag","embeddable":true,"href":"https:\/\/www.argensend.com\/en\/wp-json\/wp\/v2\/product_tag?post=22187"}],"curies":[{"name":"wp","href":"https:\/\/api.w.org\/{rel}","templated":true}]}}