{"id":22193,"date":"2021-05-06T14:51:44","date_gmt":"2021-05-06T17:51:44","guid":{"rendered":"https:\/\/www.argensend.com\/?post_type=product&#038;p=22193"},"modified":"2025-04-22T18:06:12","modified_gmt":"2025-04-22T21:06:12","slug":"molinillo-premium-sal-marina-1854-120-gr-x-6-unidades","status":"publish","type":"product","link":"https:\/\/www.argensend.com\/en\/product\/molinillo-premium-sal-marina-1854-120-gr-x-6-unidades\/","title":{"rendered":"1854 &#8211; Molinillo Premium Sal Marina 120gr &#8211; 6 Unidades"},"content":{"rendered":"","protected":false},"excerpt":{"rendered":"<div class=\"row row-text-product\">Su uso en recetas crudas, como ensaladas, o como condimento en platos ya cocinados a\u00f1ade m\u00e1s sabor que la sal com\u00fan debido al mayor tama\u00f1o de los cristales. 1854 Sal Marina es ideal para sazonar todo tipo de comidas.<\/div>\n<div><\/div>\n<div>EN:<\/div>\n<div><\/div>\n<div>Its use in raw recipes, such as salads, or as a seasoning in already cooked dishes adds more flavor than common salt due to the larger size of the crystals. 1854 Sea Salt is ideal for seasoning all types of foods.<\/div>\n<div><\/div>\n<div><\/div>\n<div class=\"row row-text-product\"><\/div>","protected":false},"featured_media":22194,"comment_status":"closed","ping_status":"closed","template":"","meta":{"_acf_changed":false,"om_disable_all_campaigns":false,"_monsterinsights_skip_tracking":false,"_monsterinsights_sitenote_active":false,"_monsterinsights_sitenote_note":"","_monsterinsights_sitenote_category":0},"etheme_brands":[],"product_brand":[],"product_cat":[2130],"product_tag":[1269,230,231,203,234,224,1259,235,236,1526,1264,775,232,233,1516,1667,704,1689,1690],"class_list":{"0":"post-22193","1":"product","2":"type-product","3":"status-publish","4":"has-post-thumbnail","6":"product_cat-sal-especias","7":"product_tag-6-unidades","8":"product_tag-alimento","9":"product_tag-alimentos","10":"product_tag-argentina","11":"product_tag-argentine","12":"product_tag-argentino","13":"product_tag-comidas","14":"product_tag-delicias","15":"product_tag-delicious","16":"product_tag-ensalada","17":"product_tag-ensaladas","18":"product_tag-especias","19":"product_tag-food","20":"product_tag-foods","21":"product_tag-hierbas-y-especias-1854","22":"product_tag-molinillo","23":"product_tag-premium","24":"product_tag-sal-marina","25":"product_tag-sea-salt","27":"first","28":"instock","29":"taxable","30":"shipping-taxable","31":"purchasable","32":"product-type-simple"},"acf":[],"aioseo_notices":[],"_links":{"self":[{"href":"https:\/\/www.argensend.com\/en\/wp-json\/wp\/v2\/product\/22193","targetHints":{"allow":["GET"]}}],"collection":[{"href":"https:\/\/www.argensend.com\/en\/wp-json\/wp\/v2\/product"}],"about":[{"href":"https:\/\/www.argensend.com\/en\/wp-json\/wp\/v2\/types\/product"}],"replies":[{"embeddable":true,"href":"https:\/\/www.argensend.com\/en\/wp-json\/wp\/v2\/comments?post=22193"}],"version-history":[{"count":4,"href":"https:\/\/www.argensend.com\/en\/wp-json\/wp\/v2\/product\/22193\/revisions"}],"predecessor-version":[{"id":97967,"href":"https:\/\/www.argensend.com\/en\/wp-json\/wp\/v2\/product\/22193\/revisions\/97967"}],"wp:featuredmedia":[{"embeddable":true,"href":"https:\/\/www.argensend.com\/en\/wp-json\/wp\/v2\/media\/22194"}],"wp:attachment":[{"href":"https:\/\/www.argensend.com\/en\/wp-json\/wp\/v2\/media?parent=22193"}],"wp:term":[{"taxonomy":"brand","embeddable":true,"href":"https:\/\/www.argensend.com\/en\/wp-json\/wp\/v2\/etheme_brands?post=22193"},{"taxonomy":"product_brand","embeddable":true,"href":"https:\/\/www.argensend.com\/en\/wp-json\/wp\/v2\/product_brand?post=22193"},{"taxonomy":"product_cat","embeddable":true,"href":"https:\/\/www.argensend.com\/en\/wp-json\/wp\/v2\/product_cat?post=22193"},{"taxonomy":"product_tag","embeddable":true,"href":"https:\/\/www.argensend.com\/en\/wp-json\/wp\/v2\/product_tag?post=22193"}],"curies":[{"name":"wp","href":"https:\/\/api.w.org\/{rel}","templated":true}]}}