{"id":22926,"date":"2021-05-15T21:48:27","date_gmt":"2021-05-16T00:48:27","guid":{"rendered":"https:\/\/www.argensend.com\/?post_type=product&#038;p=22926"},"modified":"2025-04-21T20:59:23","modified_gmt":"2025-04-21T23:59:23","slug":"3-unidades-premezcla-para-milanesas-de-soja-jumala-400grs-c-u","status":"publish","type":"product","link":"https:\/\/www.argensend.com\/en\/product\/3-unidades-premezcla-para-milanesas-de-soja-jumala-400grs-c-u\/","title":{"rendered":"Jumala &#8211; Premezcla para Milanesas de Soja 400gr &#8211; 3 Unidades"},"content":{"rendered":"","protected":false},"excerpt":{"rendered":"<p>UN NUEVO PLATO SE INSTALA EN TU MESA: MILANESAS DE SOJA<\/p>\n<p>APTO VEGANO<\/p>\n<p>No contiene colesterol<\/p>\n<p>No contiene grasas trans<\/p>\n<p>Cada paquete rinde 10 milanesas<\/p>\n<p>Proteina vegetal<\/p>\n<p>F\u00e0cil de Preparar<\/p>\n<p>En tus comidas estaba faltando algo, y descubrimos que era. Nueva premezcla para milanesas de soja \u201cJumal\u00e1\u201d. Rica, nutritiva y f\u00e1ciles de hacer.<\/p>\n<p>Al llegar a tu casa del trabajo o de la universidad uno de los mayores desaf\u00edos es pensar que se cena o que se almuerza. Jumal\u00e1 lanza al mercado la pre mezcla para milanesas de soja; una alternativa f\u00e1cil y rica que lleg\u00f3 para quedarse en tu mesa.<\/p>\n<p>Para hacerla no necesitas m\u00e1s que diez minutos, agua y ganas de amasar. Las milanesas de soja son un grandioso alimento tanto para los vegetarianos como para los que buscan cuidar su silueta. Es rica en fibra, prote\u00edna a la vez que baja en grasa, colesterol y sodio.<\/p>\n<p>Esta opci\u00f3n no solo es buena para aquellos que cuidan su figura, sino que es una gran opci\u00f3n para la familia. Unos ricos s\u00e1ndwiches para los m\u00e1s peque\u00f1os es una manera divertida y f\u00e1cil de acercar a ellos un alimento no tradicional.<\/p>\n<p>A la napolitana, al horno o fritas, acompa\u00f1adas de una fresca ensalada o un rico pur\u00e9 la milanesa de soja es el alimento ideal para la familia. \u00bfProbaste alguna vez la milanesa de soja rellena? Es la opci\u00f3n ideal para disfrutar con amigos.<\/p>\n<p>La premezcla es la salvaci\u00f3n para esos momentos en que los chicos caen con sus amigos a casa sin avisar y no sabes que hacer, no busques m\u00e1s, la milanesa de soja es la opci\u00f3n ideal para salir del paso.<\/p>\n<p>Como ver\u00e1s hay muchas ideas para acompa\u00f1ar la milanesa de soja s\u00f3lo ten\u00e9s que hacerte idea, ser creativo y buscar la forma m\u00e1s f\u00e1cil para prepararlas.<\/p>\n<p>A partir de ahora, en tu cocina no puede faltar este nuevo producto de Jumala. Que el aroma m\u00e1s rico inunde tu cocina y el sabor m\u00e1s rico sea parte de tu familia.<\/p>\n<p>&nbsp;<\/p>\n<p>A NEW DISH IS ON YOUR TABLE: SOYA MILANESAS<\/p>\n<p>SUITABLE VEGAN<\/p>\n<p>Does not contain cholesterol<\/p>\n<p>Does not contain trans fats<\/p>\n<p>Each package yields 10 milanesas<\/p>\n<p>Vegetable protein<\/p>\n<p>Easy to prepare<\/p>\n<p>Something was missing in your meals, and we found out what it was. New premix for soy milanesas &#8220;Jumal\u00e1&#8221;. Rich, nutritious and easy to make.<\/p>\n<p>When you get home from work or college, one of the biggest challenges is thinking about what to have for dinner or lunch. Jumal\u00e1 launches to the market the pre-mix for soy milanesas; an easy and tasty alternative that is here to stay on your table.<\/p>\n<p>To make it, you only need ten minutes, water and the desire to knead. Soy milanesas are a great food both for vegetarians and for those who want to take care of their silhouette. It is rich in fiber, protein while low in fat, cholesterol and sodium.<\/p>\n<p>This option is not only good for those watching their figure, but is a great option for the family. Yummy sandwiches for the little ones are a fun and easy way to bring a non-traditional food to them.<\/p>\n<p>Neapolitan style, baked or fried, accompanied by a fresh salad or a delicious puree, soybean milanesa is the ideal food for the family. Have you ever tried stuffed soybean milanesa? It is the ideal option to enjoy with friends.<\/p>\n<p>The premix is the salvation for those moments when the kids drop by with their friends at home without warning and you don&#8217;t know what to do, look no further, soy milanesa is the ideal option to get out of the way.<\/p>\n<p>As you will see, there are many ideas to accompany soy milanesa, you just have to get the idea, be creative and look for the easiest way to prepare them.<\/p>\n<p>From now on, this new Jumala product is a must in your kitchen. May the richest aroma flood your kitchen and the richest flavor be part of your family.<\/p>","protected":false},"featured_media":22927,"comment_status":"closed","ping_status":"closed","template":"","meta":{"_acf_changed":false,"om_disable_all_campaigns":false,"_monsterinsights_skip_tracking":false,"_monsterinsights_sitenote_active":false,"_monsterinsights_sitenote_note":"","_monsterinsights_sitenote_category":0},"etheme_brands":[],"product_brand":[],"product_cat":[8797,8815],"product_tag":[767,602,762,578,60,764,766,763,601,167,382,765],"class_list":{"0":"post-22926","1":"product","2":"type-product","3":"status-publish","4":"has-post-thumbnail","6":"product_cat-premezclas","7":"product_cat-salados-veganos","8":"product_tag-bajas-calorias","9":"product_tag-caseinate","10":"product_tag-caseinato","11":"product_tag-cocinar","12":"product_tag-dulce-de-leche","13":"product_tag-jalea","14":"product_tag-light","15":"product_tag-manjar","16":"product_tag-repostero","17":"product_tag-sin-tacc","18":"product_tag-sweet-jam","19":"product_tag-whiout-tacc","21":"first","22":"outofstock","23":"sale","24":"taxable","25":"shipping-taxable","26":"purchasable","27":"product-type-simple"},"acf":[],"aioseo_notices":[],"_links":{"self":[{"href":"https:\/\/www.argensend.com\/en\/wp-json\/wp\/v2\/product\/22926","targetHints":{"allow":["GET"]}}],"collection":[{"href":"https:\/\/www.argensend.com\/en\/wp-json\/wp\/v2\/product"}],"about":[{"href":"https:\/\/www.argensend.com\/en\/wp-json\/wp\/v2\/types\/product"}],"replies":[{"embeddable":true,"href":"https:\/\/www.argensend.com\/en\/wp-json\/wp\/v2\/comments?post=22926"}],"version-history":[{"count":3,"href":"https:\/\/www.argensend.com\/en\/wp-json\/wp\/v2\/product\/22926\/revisions"}],"predecessor-version":[{"id":102615,"href":"https:\/\/www.argensend.com\/en\/wp-json\/wp\/v2\/product\/22926\/revisions\/102615"}],"wp:featuredmedia":[{"embeddable":true,"href":"https:\/\/www.argensend.com\/en\/wp-json\/wp\/v2\/media\/22927"}],"wp:attachment":[{"href":"https:\/\/www.argensend.com\/en\/wp-json\/wp\/v2\/media?parent=22926"}],"wp:term":[{"taxonomy":"brand","embeddable":true,"href":"https:\/\/www.argensend.com\/en\/wp-json\/wp\/v2\/etheme_brands?post=22926"},{"taxonomy":"product_brand","embeddable":true,"href":"https:\/\/www.argensend.com\/en\/wp-json\/wp\/v2\/product_brand?post=22926"},{"taxonomy":"product_cat","embeddable":true,"href":"https:\/\/www.argensend.com\/en\/wp-json\/wp\/v2\/product_cat?post=22926"},{"taxonomy":"product_tag","embeddable":true,"href":"https:\/\/www.argensend.com\/en\/wp-json\/wp\/v2\/product_tag?post=22926"}],"curies":[{"name":"wp","href":"https:\/\/api.w.org\/{rel}","templated":true}]}}