{"id":22934,"date":"2021-05-15T22:20:41","date_gmt":"2021-05-16T01:20:41","guid":{"rendered":"https:\/\/www.argensend.com\/?post_type=product&#038;p=22934"},"modified":"2024-12-06T16:04:59","modified_gmt":"2024-12-06T19:04:59","slug":"molde-de-noquis-noquera","status":"publish","type":"product","link":"https:\/\/www.argensend.com\/en\/product\/molde-de-noquis-noquera\/","title":{"rendered":"Molde de \u00d1oquis \u00d1oquera"},"content":{"rendered":"","protected":false},"excerpt":{"rendered":"<p>\u00d1oquera express<\/p>\n<p>\u00d1oquis en solo 3 pasos!!!<\/p>\n<p>1 &#8211; Introduzca la masa de \u00f1oquis en el contenedor.<\/p>\n<p>2 &#8211; Presione el inyector hasta lograr el largo que se desea.<\/p>\n<p>3 &#8211; Deslice el cortador cil\u00edndrico para dividir los \u00f1oquis.<\/p>\n<p>Realizado en: pl\u00e1stico.<\/p>\n<p>Medidas: di\u00e1metro 8,5 x 14 cm de altura.<\/p>","protected":false},"featured_media":22935,"comment_status":"closed","ping_status":"closed","template":"","meta":{"_acf_changed":false,"om_disable_all_campaigns":false,"_monsterinsights_skip_tracking":false,"_monsterinsights_sitenote_active":false,"_monsterinsights_sitenote_note":"","_monsterinsights_sitenote_category":0},"etheme_brands":[],"product_brand":[],"product_cat":[606,2111],"product_tag":[],"class_list":{"0":"post-22934","1":"product","2":"type-product","3":"status-publish","4":"has-post-thumbnail","6":"product_cat-cocina-deco-bazar","7":"product_cat-proveeduria","9":"first","10":"instock","11":"taxable","12":"shipping-taxable","13":"purchasable","14":"product-type-simple"},"acf":[],"aioseo_notices":[],"_links":{"self":[{"href":"https:\/\/www.argensend.com\/en\/wp-json\/wp\/v2\/product\/22934","targetHints":{"allow":["GET"]}}],"collection":[{"href":"https:\/\/www.argensend.com\/en\/wp-json\/wp\/v2\/product"}],"about":[{"href":"https:\/\/www.argensend.com\/en\/wp-json\/wp\/v2\/types\/product"}],"replies":[{"embeddable":true,"href":"https:\/\/www.argensend.com\/en\/wp-json\/wp\/v2\/comments?post=22934"}],"version-history":[{"count":1,"href":"https:\/\/www.argensend.com\/en\/wp-json\/wp\/v2\/product\/22934\/revisions"}],"predecessor-version":[{"id":103611,"href":"https:\/\/www.argensend.com\/en\/wp-json\/wp\/v2\/product\/22934\/revisions\/103611"}],"wp:featuredmedia":[{"embeddable":true,"href":"https:\/\/www.argensend.com\/en\/wp-json\/wp\/v2\/media\/22935"}],"wp:attachment":[{"href":"https:\/\/www.argensend.com\/en\/wp-json\/wp\/v2\/media?parent=22934"}],"wp:term":[{"taxonomy":"brand","embeddable":true,"href":"https:\/\/www.argensend.com\/en\/wp-json\/wp\/v2\/etheme_brands?post=22934"},{"taxonomy":"product_brand","embeddable":true,"href":"https:\/\/www.argensend.com\/en\/wp-json\/wp\/v2\/product_brand?post=22934"},{"taxonomy":"product_cat","embeddable":true,"href":"https:\/\/www.argensend.com\/en\/wp-json\/wp\/v2\/product_cat?post=22934"},{"taxonomy":"product_tag","embeddable":true,"href":"https:\/\/www.argensend.com\/en\/wp-json\/wp\/v2\/product_tag?post=22934"}],"curies":[{"name":"wp","href":"https:\/\/api.w.org\/{rel}","templated":true}]}}