{"id":23656,"date":"2021-05-19T15:39:34","date_gmt":"2021-05-19T18:39:34","guid":{"rendered":"https:\/\/www.argensend.com\/?post_type=product&#038;p=23656"},"modified":"2025-04-22T13:09:46","modified_gmt":"2025-04-22T16:09:46","slug":"fibras-del-sol-budin-de-vainilla-con-semillas","status":"publish","type":"product","link":"https:\/\/www.argensend.com\/en\/product\/fibras-del-sol-budin-de-vainilla-con-semillas\/","title":{"rendered":"Fibras del Sol &#8211; Bud\u00edn de Vainilla con Semillas"},"content":{"rendered":"","protected":false},"excerpt":{"rendered":"<p>Bud\u00edn De Veinilla Con Semillas De S\u00e9samo Negro, Ch\u00eda, Girasol, Avena y Lino<\/p>","protected":false},"featured_media":23657,"comment_status":"closed","ping_status":"closed","template":"","meta":{"_acf_changed":false,"om_disable_all_campaigns":false,"_monsterinsights_skip_tracking":false,"_monsterinsights_sitenote_active":false,"_monsterinsights_sitenote_note":"","_monsterinsights_sitenote_category":0},"etheme_brands":[],"product_brand":[],"product_cat":[75,2165],"product_tag":[1897,4294,1898,1373,675,408,1803,9447,1442,10631],"class_list":{"0":"post-23656","1":"product","2":"type-product","3":"status-publish","4":"has-post-thumbnail","6":"product_cat-alimentos","7":"product_cat-navidad","8":"product_tag-budin","9":"product_tag-christmas","10":"product_tag-fibra-del-sol","11":"product_tag-harinas","12":"product_tag-navidad","13":"product_tag-semillas","14":"product_tag-vainilla","15":"product_tag-x-mas","16":"product_tag-xmas","17":"product_tag-xmass24","19":"first","20":"outofstock","21":"taxable","22":"shipping-taxable","23":"purchasable","24":"product-type-simple"},"acf":[],"aioseo_notices":[],"_links":{"self":[{"href":"https:\/\/www.argensend.com\/en\/wp-json\/wp\/v2\/product\/23656","targetHints":{"allow":["GET"]}}],"collection":[{"href":"https:\/\/www.argensend.com\/en\/wp-json\/wp\/v2\/product"}],"about":[{"href":"https:\/\/www.argensend.com\/en\/wp-json\/wp\/v2\/types\/product"}],"replies":[{"embeddable":true,"href":"https:\/\/www.argensend.com\/en\/wp-json\/wp\/v2\/comments?post=23656"}],"version-history":[{"count":2,"href":"https:\/\/www.argensend.com\/en\/wp-json\/wp\/v2\/product\/23656\/revisions"}],"predecessor-version":[{"id":101813,"href":"https:\/\/www.argensend.com\/en\/wp-json\/wp\/v2\/product\/23656\/revisions\/101813"}],"wp:featuredmedia":[{"embeddable":true,"href":"https:\/\/www.argensend.com\/en\/wp-json\/wp\/v2\/media\/23657"}],"wp:attachment":[{"href":"https:\/\/www.argensend.com\/en\/wp-json\/wp\/v2\/media?parent=23656"}],"wp:term":[{"taxonomy":"brand","embeddable":true,"href":"https:\/\/www.argensend.com\/en\/wp-json\/wp\/v2\/etheme_brands?post=23656"},{"taxonomy":"product_brand","embeddable":true,"href":"https:\/\/www.argensend.com\/en\/wp-json\/wp\/v2\/product_brand?post=23656"},{"taxonomy":"product_cat","embeddable":true,"href":"https:\/\/www.argensend.com\/en\/wp-json\/wp\/v2\/product_cat?post=23656"},{"taxonomy":"product_tag","embeddable":true,"href":"https:\/\/www.argensend.com\/en\/wp-json\/wp\/v2\/product_tag?post=23656"}],"curies":[{"name":"wp","href":"https:\/\/api.w.org\/{rel}","templated":true}]}}