{"id":24309,"date":"2021-05-22T17:12:00","date_gmt":"2021-05-22T20:12:00","guid":{"rendered":"https:\/\/www.argensend.com\/?post_type=product&#038;p=24309"},"modified":"2025-04-22T17:59:06","modified_gmt":"2025-04-22T20:59:06","slug":"mayonesa-natural-arytza-con-ajo-29kg-uso-gastronomico","status":"publish","type":"product","link":"https:\/\/www.argensend.com\/en\/product\/mayonesa-natural-arytza-con-ajo-29kg-uso-gastronomico\/","title":{"rendered":"Arytza &#8211; Mayonesa Natural con Ajo para Uso Gastron\u00f3mico 2,9kg"},"content":{"rendered":"","protected":false},"excerpt":{"rendered":"<p>\u2022 100% Natural &#8211; Sin Aditivos<\/p>\n<p>\u2022 Realizada con Aceite de Girasol Alto Ol\u00e9ico<\/p>\n<p>\u2022 Sin TACC &#8211; Libre de Gluten &#8211; Apto Cel\u00edacos<\/p>\n<p>\u2022 Sin Conservantes: Utilizamos yemas pasteurizadas, vinagre y lim\u00f3n org\u00e1nico, estos ingredientes son m\u00e1s que suficientes para que la mayonesa se conserve perfectamente de modo natural, sin agregados qu\u00edmicos, ni conservantes artificiales.<\/p>\n<p>PRESENTACI\u00d3N:<\/p>\n<p>1 Mayonesa en balde pl\u00e1stico de 2,9 kg.<\/p>","protected":false},"featured_media":24311,"comment_status":"closed","ping_status":"closed","template":"","meta":{"_acf_changed":false,"om_disable_all_campaigns":false,"_monsterinsights_skip_tracking":false,"_monsterinsights_sitenote_active":false,"_monsterinsights_sitenote_note":"","_monsterinsights_sitenote_category":0,"jetpack_post_was_ever_published":false},"etheme_brands":[],"product_brand":[],"product_cat":[2131,2111],"product_tag":[7705,7704,778,203,234,224,7701,5063,7703,1534,7702,946,4260,4264],"class_list":{"0":"post-24309","1":"product","2":"type-product","3":"status-publish","4":"has-post-thumbnail","6":"product_cat-aderezos-salsas","7":"product_cat-proveeduria","8":"product_tag-102-29-oz","9":"product_tag-2-9-kg","10":"product_tag-ajo","11":"product_tag-argentina","12":"product_tag-argentine","13":"product_tag-argentino","14":"product_tag-arytza","15":"product_tag-garlic","16":"product_tag-gastronomico","17":"product_tag-mayonesa","18":"product_tag-mayonnaise","19":"product_tag-natural","20":"product_tag-use","21":"product_tag-uso","23":"first","24":"instock","25":"taxable","26":"shipping-taxable","27":"purchasable","28":"product-type-simple"},"acf":[],"aioseo_notices":[],"jetpack_sharing_enabled":true,"_links":{"self":[{"href":"https:\/\/www.argensend.com\/en\/wp-json\/wp\/v2\/product\/24309","targetHints":{"allow":["GET"]}}],"collection":[{"href":"https:\/\/www.argensend.com\/en\/wp-json\/wp\/v2\/product"}],"about":[{"href":"https:\/\/www.argensend.com\/en\/wp-json\/wp\/v2\/types\/product"}],"replies":[{"embeddable":true,"href":"https:\/\/www.argensend.com\/en\/wp-json\/wp\/v2\/comments?post=24309"}],"version-history":[{"count":5,"href":"https:\/\/www.argensend.com\/en\/wp-json\/wp\/v2\/product\/24309\/revisions"}],"predecessor-version":[{"id":106864,"href":"https:\/\/www.argensend.com\/en\/wp-json\/wp\/v2\/product\/24309\/revisions\/106864"}],"wp:featuredmedia":[{"embeddable":true,"href":"https:\/\/www.argensend.com\/en\/wp-json\/wp\/v2\/media\/24311"}],"wp:attachment":[{"href":"https:\/\/www.argensend.com\/en\/wp-json\/wp\/v2\/media?parent=24309"}],"wp:term":[{"taxonomy":"brand","embeddable":true,"href":"https:\/\/www.argensend.com\/en\/wp-json\/wp\/v2\/etheme_brands?post=24309"},{"taxonomy":"product_brand","embeddable":true,"href":"https:\/\/www.argensend.com\/en\/wp-json\/wp\/v2\/product_brand?post=24309"},{"taxonomy":"product_cat","embeddable":true,"href":"https:\/\/www.argensend.com\/en\/wp-json\/wp\/v2\/product_cat?post=24309"},{"taxonomy":"product_tag","embeddable":true,"href":"https:\/\/www.argensend.com\/en\/wp-json\/wp\/v2\/product_tag?post=24309"}],"curies":[{"name":"wp","href":"https:\/\/api.w.org\/{rel}","templated":true}]}}