{"id":24764,"date":"2021-05-29T19:35:20","date_gmt":"2021-05-29T22:35:20","guid":{"rendered":"https:\/\/www.argensend.com\/?post_type=product&#038;p=24764"},"modified":"2025-04-21T14:20:48","modified_gmt":"2025-04-21T17:20:48","slug":"la-cumbrecita-yerba-mate-limon-500-gr","status":"publish","type":"product","link":"https:\/\/www.argensend.com\/en\/product\/la-cumbrecita-yerba-mate-limon-500-gr\/","title":{"rendered":"La Cumbrecita &#8211; Yerba Mate Lim\u00f3n 500gr"},"content":{"rendered":"<div class=\"ui-pdp-container__row\">\n<div class=\"ui-pdp-container__col col-1\">\n<div class=\"ui-pdp-collapsable ui-pdp-description-collapse\">\n<div class=\"ui-pdp-collapsable__container\">\n<div class=\"ui-pdp-description pl-45 pr-45 ui-pdp-collapsable--is-collapsed\">\n<p class=\"ui-pdp-description__content\">Sum\u00e9rgete en la experiencia revitalizante de Yerba La Cumbrecita Sabor Lim\u00f3n. Esta selecci\u00f3n premium de 500g, compuesta por hierbas naturales, es la compa\u00f1era perfecta para tus momentos de pausa y bienestar. Su sabor c\u00edtrico y refrescante, combinado con propiedades digestivas, convierte cada sorbo en un viaje sensorial que equilibra cuerpo y mente.<\/p>\n<p>La Cumbrecita se compromete con la calidad y la salud, por eso esta yerba mate no solo es deliciosa, sino tambi\u00e9n libre de gluten y org\u00e1nica, asegurando que cada taza sea pura y beneficiosa. El envase pr\u00e1ctico preserva la frescura y el aroma intenso, mientras que su composici\u00f3n con palo mantiene la autenticidad de la tradici\u00f3n mate.<\/p>\n<p>Ideal para los amantes de las infusiones que buscan una opci\u00f3n saludable sin renunciar al sabor. La Yerba La Cumbrecita Sabor Lim\u00f3n es perfecta para compartir o disfrutar en solitario, proporcionando un momento de tranquilidad en tu d\u00eda a d\u00eda. Con cada preparaci\u00f3n, te invita a relajarte y disfrutar de la naturaleza en su expresi\u00f3n m\u00e1s pura.<\/p>\n<p>Con Yerba La Cumbrecita Sabor Lim\u00f3n, te aseguras una experiencia de mate superior. Su calidad premium y su sabor \u00fanico son el resultado de una cuidadosa selecci\u00f3n de ingredientes y un compromiso con la excelencia. Haz de tu ritual del mate un acto de indulgencia y salud con esta elecci\u00f3n excepcional.<\/p>\n<\/div>\n<\/div>\n<\/div>\n<\/div>\n<\/div>\n<div class=\"ui-pdp-container__row\">\n<div class=\"ui-pdp-container__col col-1\"><\/div>\n<\/div>\n<div class=\"ui-pdp-container__row ui-pdp-recommendations-row\">\n<div class=\"ui-pdp-container__col col-1\">\n<div class=\"ui-pdp-spot-middle\">\n<section class=\"ui-recommendations-carousel-wrapper-ref\">\n<div class=\"ui-recommendations-carousel-snapped mt-40 mb-40 ui-pdp-spot-middle__separator recos-override__card-vertical\">\n<div class=\"ui-recommendations-carousel-snapped__header\">\n<div class=\"ui-recommendations-carousel-snapped__header-titles\"><\/div>\n<\/div>\n<\/div>\n<\/section>\n<\/div>\n<\/div>\n<\/div>","protected":false},"excerpt":{"rendered":"<p>Yerba La Cumbrecita Sabor Lim\u00f3n<\/p>","protected":false},"featured_media":24765,"comment_status":"closed","ping_status":"closed","template":"","meta":{"_acf_changed":false,"om_disable_all_campaigns":false,"_monsterinsights_skip_tracking":false,"_monsterinsights_sitenote_active":false,"_monsterinsights_sitenote_note":"","_monsterinsights_sitenote_category":0},"etheme_brands":[],"product_brand":[],"product_cat":[2124],"product_tag":[203,234,6943,3206,225,6935,3387,1132,165,6937,228,567,163],"class_list":{"0":"post-24764","1":"product","2":"type-product","3":"status-publish","4":"has-post-thumbnail","6":"product_cat-yerbas","7":"product_tag-argentina","8":"product_tag-argentine","9":"product_tag-gramo","10":"product_tag-green","11":"product_tag-infusion","12":"product_tag-la-cumbrecita","13":"product_tag-lemon","14":"product_tag-limon","15":"product_tag-mate","16":"product_tag-onza","17":"product_tag-tradicional","18":"product_tag-verde","19":"product_tag-yerba","21":"first","22":"instock","23":"taxable","24":"shipping-taxable","25":"purchasable","26":"product-type-simple"},"acf":[],"aioseo_notices":[],"_links":{"self":[{"href":"https:\/\/www.argensend.com\/en\/wp-json\/wp\/v2\/product\/24764","targetHints":{"allow":["GET"]}}],"collection":[{"href":"https:\/\/www.argensend.com\/en\/wp-json\/wp\/v2\/product"}],"about":[{"href":"https:\/\/www.argensend.com\/en\/wp-json\/wp\/v2\/types\/product"}],"replies":[{"embeddable":true,"href":"https:\/\/www.argensend.com\/en\/wp-json\/wp\/v2\/comments?post=24764"}],"version-history":[{"count":5,"href":"https:\/\/www.argensend.com\/en\/wp-json\/wp\/v2\/product\/24764\/revisions"}],"predecessor-version":[{"id":116427,"href":"https:\/\/www.argensend.com\/en\/wp-json\/wp\/v2\/product\/24764\/revisions\/116427"}],"wp:featuredmedia":[{"embeddable":true,"href":"https:\/\/www.argensend.com\/en\/wp-json\/wp\/v2\/media\/24765"}],"wp:attachment":[{"href":"https:\/\/www.argensend.com\/en\/wp-json\/wp\/v2\/media?parent=24764"}],"wp:term":[{"taxonomy":"brand","embeddable":true,"href":"https:\/\/www.argensend.com\/en\/wp-json\/wp\/v2\/etheme_brands?post=24764"},{"taxonomy":"product_brand","embeddable":true,"href":"https:\/\/www.argensend.com\/en\/wp-json\/wp\/v2\/product_brand?post=24764"},{"taxonomy":"product_cat","embeddable":true,"href":"https:\/\/www.argensend.com\/en\/wp-json\/wp\/v2\/product_cat?post=24764"},{"taxonomy":"product_tag","embeddable":true,"href":"https:\/\/www.argensend.com\/en\/wp-json\/wp\/v2\/product_tag?post=24764"}],"curies":[{"name":"wp","href":"https:\/\/api.w.org\/{rel}","templated":true}]}}