{"id":24768,"date":"2021-05-29T19:41:40","date_gmt":"2021-05-29T22:41:40","guid":{"rendered":"https:\/\/www.argensend.com\/?post_type=product&#038;p=24768"},"modified":"2025-04-21T14:20:47","modified_gmt":"2025-04-21T17:20:47","slug":"nobleza-gaucha-yerba-mate-suave-1-kg-x-3-unidades-yerba-mate-soft-35-27-oz-x-3-units","status":"publish","type":"product","link":"https:\/\/www.argensend.com\/en\/product\/nobleza-gaucha-yerba-mate-suave-1-kg-x-3-unidades-yerba-mate-soft-35-27-oz-x-3-units\/","title":{"rendered":"Nobleza Gaucha &#8211; Yerba Mate Suave 1kg &#8211; 3 Unidades"},"content":{"rendered":"<div class=\"ui-pdp-container__row\">\n<div class=\"ui-pdp-container__col col-1\">\n<div class=\"ui-pdp-collapsable ui-pdp-description-collapse\">\n<div class=\"ui-pdp-collapsable__container\">\n<div class=\"ui-pdp-description pl-45 pr-45 ui-pdp-collapsable--is-collapsed\">\n<p class=\"ui-pdp-description__content\">Disfruta de la aut\u00e9ntica tradici\u00f3n argentina con la Yerba Mate Nobleza Gaucha Suave Sin Tacc de 1 kg. Esta yerba mate de alta calidad y sabor suave es perfecta para aquellos que buscan una experiencia de mate m\u00e1s delicada y equilibrada. La marca Nobleza Gaucha es reconocida por su compromiso con la calidad y la satisfacci\u00f3n del cliente, lo que garantiza que est\u00e1s eligiendo un producto de confianza. Adem\u00e1s, esta yerba mate viene en una pr\u00e1ctica bolsa que facilita su almacenamiento y conservaci\u00f3n. Como beneficio adicional, la yerba mate es rica en antioxidantes, lo que contribuye a mantener tu salud y bienestar. No esperes m\u00e1s para disfrutar de un buen mate con Nobleza Gaucha Suave Sin Tacc.<\/p>\n<\/div>\n<\/div>\n<\/div>\n<\/div>\n<\/div>","protected":false},"excerpt":{"rendered":"<p>Yerba Mate Nobleza Gaucha Suave Sin Tacc de 1 kg<\/p>","protected":false},"featured_media":24767,"comment_status":"closed","ping_status":"closed","template":"","meta":{"_acf_changed":false,"om_disable_all_campaigns":false,"_monsterinsights_skip_tracking":false,"_monsterinsights_sitenote_active":false,"_monsterinsights_sitenote_note":"","_monsterinsights_sitenote_category":0},"etheme_brands":[],"product_brand":[],"product_cat":[2124],"product_tag":[1268,203,234,1073,6893,6943,225,769,165,6892,6937,3316,1278,228,4033,751,163],"class_list":{"0":"post-24768","1":"product","2":"type-product","3":"status-publish","4":"has-post-thumbnail","6":"product_cat-yerbas","7":"product_tag-3-unidades","8":"product_tag-argentina","9":"product_tag-argentine","10":"product_tag-blanca","11":"product_tag-gaucha","12":"product_tag-gramo","13":"product_tag-infusion","14":"product_tag-kilo","15":"product_tag-mate","16":"product_tag-nobleza","17":"product_tag-onza","18":"product_tag-soft","19":"product_tag-suave","20":"product_tag-tradicional","21":"product_tag-units","22":"product_tag-white","23":"product_tag-yerba","25":"first","26":"instock","27":"taxable","28":"shipping-taxable","29":"purchasable","30":"product-type-simple"},"acf":[],"aioseo_notices":[],"_links":{"self":[{"href":"https:\/\/www.argensend.com\/en\/wp-json\/wp\/v2\/product\/24768","targetHints":{"allow":["GET"]}}],"collection":[{"href":"https:\/\/www.argensend.com\/en\/wp-json\/wp\/v2\/product"}],"about":[{"href":"https:\/\/www.argensend.com\/en\/wp-json\/wp\/v2\/types\/product"}],"replies":[{"embeddable":true,"href":"https:\/\/www.argensend.com\/en\/wp-json\/wp\/v2\/comments?post=24768"}],"version-history":[{"count":4,"href":"https:\/\/www.argensend.com\/en\/wp-json\/wp\/v2\/product\/24768\/revisions"}],"predecessor-version":[{"id":116424,"href":"https:\/\/www.argensend.com\/en\/wp-json\/wp\/v2\/product\/24768\/revisions\/116424"}],"wp:featuredmedia":[{"embeddable":true,"href":"https:\/\/www.argensend.com\/en\/wp-json\/wp\/v2\/media\/24767"}],"wp:attachment":[{"href":"https:\/\/www.argensend.com\/en\/wp-json\/wp\/v2\/media?parent=24768"}],"wp:term":[{"taxonomy":"brand","embeddable":true,"href":"https:\/\/www.argensend.com\/en\/wp-json\/wp\/v2\/etheme_brands?post=24768"},{"taxonomy":"product_brand","embeddable":true,"href":"https:\/\/www.argensend.com\/en\/wp-json\/wp\/v2\/product_brand?post=24768"},{"taxonomy":"product_cat","embeddable":true,"href":"https:\/\/www.argensend.com\/en\/wp-json\/wp\/v2\/product_cat?post=24768"},{"taxonomy":"product_tag","embeddable":true,"href":"https:\/\/www.argensend.com\/en\/wp-json\/wp\/v2\/product_tag?post=24768"}],"curies":[{"name":"wp","href":"https:\/\/api.w.org\/{rel}","templated":true}]}}