{"id":24769,"date":"2021-05-29T19:42:55","date_gmt":"2021-05-29T22:42:55","guid":{"rendered":"https:\/\/www.argensend.com\/?post_type=product&#038;p=24769"},"modified":"2025-04-21T14:20:47","modified_gmt":"2025-04-21T17:20:47","slug":"nobleza-gaucha-yerba-mate-suave-500-gr","status":"publish","type":"product","link":"https:\/\/www.argensend.com\/en\/product\/nobleza-gaucha-yerba-mate-suave-500-gr\/","title":{"rendered":"Nobleza Gaucha &#8211; Yerba Mate Suave 500gr"},"content":{"rendered":"<p>Yerba Suave Nobleza Gaucha Sin Tacc x 500g<\/p>\n<p>Disfruta de una infusi\u00f3n tradicional con la Yerba Suave Nobleza Gaucha, ahora en su versi\u00f3n sin TACC, ideal para quienes llevan una dieta libre de gluten. Este paquete de 500g te ofrece el equilibrio perfecto entre sabor y suavidad, manteniendo la calidad y la tradici\u00f3n de una de las yerbas m\u00e1s reconocidas. Ideal para compartir momentos \u00fanicos o para acompa\u00f1arte en tu rutina diaria.<\/p>","protected":false},"excerpt":{"rendered":"<p>Yerba Suave Nobleza Gaucha Sin Tacc x 500g<\/p>","protected":false},"featured_media":24770,"comment_status":"closed","ping_status":"closed","template":"","meta":{"_acf_changed":false,"om_disable_all_campaigns":false,"_monsterinsights_skip_tracking":false,"_monsterinsights_sitenote_active":false,"_monsterinsights_sitenote_note":"","_monsterinsights_sitenote_category":0},"etheme_brands":[],"product_brand":[],"product_cat":[2124],"product_tag":[203,234,1073,6893,6943,225,769,165,6892,6937,3316,1278,228,751,163],"class_list":{"0":"post-24769","1":"product","2":"type-product","3":"status-publish","4":"has-post-thumbnail","6":"product_cat-yerbas","7":"product_tag-argentina","8":"product_tag-argentine","9":"product_tag-blanca","10":"product_tag-gaucha","11":"product_tag-gramo","12":"product_tag-infusion","13":"product_tag-kilo","14":"product_tag-mate","15":"product_tag-nobleza","16":"product_tag-onza","17":"product_tag-soft","18":"product_tag-suave","19":"product_tag-tradicional","20":"product_tag-white","21":"product_tag-yerba","23":"first","24":"instock","25":"taxable","26":"shipping-taxable","27":"purchasable","28":"product-type-simple"},"acf":[],"aioseo_notices":[],"_links":{"self":[{"href":"https:\/\/www.argensend.com\/en\/wp-json\/wp\/v2\/product\/24769","targetHints":{"allow":["GET"]}}],"collection":[{"href":"https:\/\/www.argensend.com\/en\/wp-json\/wp\/v2\/product"}],"about":[{"href":"https:\/\/www.argensend.com\/en\/wp-json\/wp\/v2\/types\/product"}],"replies":[{"embeddable":true,"href":"https:\/\/www.argensend.com\/en\/wp-json\/wp\/v2\/comments?post=24769"}],"version-history":[{"count":4,"href":"https:\/\/www.argensend.com\/en\/wp-json\/wp\/v2\/product\/24769\/revisions"}],"predecessor-version":[{"id":116422,"href":"https:\/\/www.argensend.com\/en\/wp-json\/wp\/v2\/product\/24769\/revisions\/116422"}],"wp:featuredmedia":[{"embeddable":true,"href":"https:\/\/www.argensend.com\/en\/wp-json\/wp\/v2\/media\/24770"}],"wp:attachment":[{"href":"https:\/\/www.argensend.com\/en\/wp-json\/wp\/v2\/media?parent=24769"}],"wp:term":[{"taxonomy":"brand","embeddable":true,"href":"https:\/\/www.argensend.com\/en\/wp-json\/wp\/v2\/etheme_brands?post=24769"},{"taxonomy":"product_brand","embeddable":true,"href":"https:\/\/www.argensend.com\/en\/wp-json\/wp\/v2\/product_brand?post=24769"},{"taxonomy":"product_cat","embeddable":true,"href":"https:\/\/www.argensend.com\/en\/wp-json\/wp\/v2\/product_cat?post=24769"},{"taxonomy":"product_tag","embeddable":true,"href":"https:\/\/www.argensend.com\/en\/wp-json\/wp\/v2\/product_tag?post=24769"}],"curies":[{"name":"wp","href":"https:\/\/api.w.org\/{rel}","templated":true}]}}