{"id":24836,"date":"2021-05-30T13:20:18","date_gmt":"2021-05-30T16:20:18","guid":{"rendered":"https:\/\/www.argensend.com\/?post_type=product&#038;p=24836"},"modified":"2025-04-21T14:20:44","modified_gmt":"2025-04-21T17:20:44","slug":"adelgamate-yerba-mate-naranja-cosecha-especial-con-hierbas-naturales-500-gr-yerba-mate-orange-special-harvest-with-natural-herbs-17-63-oz","status":"publish","type":"product","link":"https:\/\/www.argensend.com\/en\/product\/adelgamate-yerba-mate-naranja-cosecha-especial-con-hierbas-naturales-500-gr-yerba-mate-orange-special-harvest-with-natural-herbs-17-63-oz\/","title":{"rendered":"Adelgamate &#8211; Yerba Mate Naranja Cosecha Especial con Hierbas Naturales 500gr"},"content":{"rendered":"<p>Sum\u00e9rgete en la experiencia revitalizante de Yerba Mate Adelgamate Naranja + Hierbas. Esta exquisita mezcla de 500g combina el sabor tradicional del mate con un toque c\u00edtrico y la frescura de hierbas seleccionadas, creando una infusi\u00f3n perfecta para tus momentos de pausa y bienestar. Con cada sorbo, disfrutar\u00e1s de una yerba compuesta que no solo deleita tus sentidos, sino que tambi\u00e9n se alinea con tus elecciones conscientes al ser libre de gluten.<\/p>\n<p>La marca Adelga Mate se compromete con la calidad y el sabor, por lo que esta yerba mate con palo asegura una experiencia aut\u00e9ntica y un sabor duradero. El envase de 500g es pr\u00e1ctico y preserva la frescura de la yerba, garantizando que cada mate sea tan bueno como el primero. Adem\u00e1s, la combinaci\u00f3n de naranja y hierbas naturales proporciona una nota arom\u00e1tica \u00fanica que diferencia a este producto de otros en el mercado.<\/p>\n<p>Ideal para quienes buscan mantener un estilo de vida saludable, esta yerba mate no contiene gluten y es una opci\u00f3n segura para cel\u00edacos o cualquier persona que desee evitar esta prote\u00edna. Aunque no es org\u00e1nica, su composici\u00f3n natural y su cuidadosa selecci\u00f3n de ingredientes la convierten en una elecci\u00f3n preferida para los amantes del mate.<\/p>\n<p>Prep\u00e1rate para una jornada llena de energ\u00eda y sabor con Yerba Mate Adelgamate Naranja + Hierbas. Ya sea para comenzar el d\u00eda con vitalidad o para compartir un momento de conexi\u00f3n con amigos, esta yerba mate es la compa\u00f1era ideal. Disfruta de la tradici\u00f3n del mate con un giro innovador y saludable.<\/p>","protected":false},"excerpt":{"rendered":"<p>Yerba Mate Adelgamate Naranja + Hierbas<\/p>","protected":false},"featured_media":24837,"comment_status":"closed","ping_status":"closed","template":"","meta":{"_acf_changed":false,"om_disable_all_campaigns":false,"_monsterinsights_skip_tracking":false,"_monsterinsights_sitenote_active":false,"_monsterinsights_sitenote_note":"","_monsterinsights_sitenote_category":0},"etheme_brands":[],"product_brand":[],"product_cat":[2124],"product_tag":[6940,1236,203,234,6938,1000,6939,3965,884,225,165,1138,5025,3222,3507,163],"class_list":{"0":"post-24836","1":"product","2":"type-product","3":"status-publish","4":"has-post-thumbnail","6":"product_cat-yerbas","7":"product_tag-adelgamate","8":"product_tag-amarillo","9":"product_tag-argentina","10":"product_tag-argentine","11":"product_tag-cosecha","12":"product_tag-especial","13":"product_tag-harvest","14":"product_tag-herbs","15":"product_tag-hierbas","16":"product_tag-infusion","17":"product_tag-mate","18":"product_tag-naranja","19":"product_tag-naturales","20":"product_tag-orange","21":"product_tag-yellow","22":"product_tag-yerba","24":"first","25":"instock","26":"taxable","27":"shipping-taxable","28":"purchasable","29":"product-type-simple"},"acf":[],"aioseo_notices":[],"_links":{"self":[{"href":"https:\/\/www.argensend.com\/en\/wp-json\/wp\/v2\/product\/24836","targetHints":{"allow":["GET"]}}],"collection":[{"href":"https:\/\/www.argensend.com\/en\/wp-json\/wp\/v2\/product"}],"about":[{"href":"https:\/\/www.argensend.com\/en\/wp-json\/wp\/v2\/types\/product"}],"replies":[{"embeddable":true,"href":"https:\/\/www.argensend.com\/en\/wp-json\/wp\/v2\/comments?post=24836"}],"version-history":[{"count":4,"href":"https:\/\/www.argensend.com\/en\/wp-json\/wp\/v2\/product\/24836\/revisions"}],"predecessor-version":[{"id":116417,"href":"https:\/\/www.argensend.com\/en\/wp-json\/wp\/v2\/product\/24836\/revisions\/116417"}],"wp:featuredmedia":[{"embeddable":true,"href":"https:\/\/www.argensend.com\/en\/wp-json\/wp\/v2\/media\/24837"}],"wp:attachment":[{"href":"https:\/\/www.argensend.com\/en\/wp-json\/wp\/v2\/media?parent=24836"}],"wp:term":[{"taxonomy":"brand","embeddable":true,"href":"https:\/\/www.argensend.com\/en\/wp-json\/wp\/v2\/etheme_brands?post=24836"},{"taxonomy":"product_brand","embeddable":true,"href":"https:\/\/www.argensend.com\/en\/wp-json\/wp\/v2\/product_brand?post=24836"},{"taxonomy":"product_cat","embeddable":true,"href":"https:\/\/www.argensend.com\/en\/wp-json\/wp\/v2\/product_cat?post=24836"},{"taxonomy":"product_tag","embeddable":true,"href":"https:\/\/www.argensend.com\/en\/wp-json\/wp\/v2\/product_tag?post=24836"}],"curies":[{"name":"wp","href":"https:\/\/api.w.org\/{rel}","templated":true}]}}