{"id":26998,"date":"2021-06-08T10:33:53","date_gmt":"2021-06-08T13:33:53","guid":{"rendered":"https:\/\/www.argensend.com\/producto\/yerbera-y-azucarera-eco-cuero-mickey-mouse-2\/"},"modified":"2024-12-06T16:11:31","modified_gmt":"2024-12-06T19:11:31","slug":"mickey-mouse-yerbera-y-azucarera-eco-cuero","status":"publish","type":"product","link":"https:\/\/www.argensend.com\/en\/product\/mickey-mouse-yerbera-y-azucarera-eco-cuero\/","title":{"rendered":"Mickey Mouse &#8211; Yerbera y Azucarera Mickey Mouse"},"content":{"rendered":"","protected":false},"excerpt":{"rendered":"<p>Originales juegos de mate &#8211; yerbera y azucarera totalmente personalizados, revestidos en Vinilo de alta densidad. H\u00edper duradero, lavable, higi\u00e9nico. Las tapas de las mismas tambi\u00e9n llevan dise\u00f1o.<\/p>\n<p>EN.<br \/>\nOriginal mate &#8211; yerbera and sugar bowl sets, fully customised, coated in high density vinyl. Hyper durable, washable, hygienic. The lids also have a design on them!<\/p>","protected":false},"featured_media":62377,"comment_status":"closed","ping_status":"closed","template":"","meta":{"_acf_changed":false,"om_disable_all_campaigns":false,"_monsterinsights_skip_tracking":false,"_monsterinsights_sitenote_active":false,"_monsterinsights_sitenote_note":"","_monsterinsights_sitenote_category":0},"etheme_brands":[],"product_brand":[],"product_cat":[2144],"product_tag":[899,203,224,2088,1076,3220,158,3574,165,2089,2094,219,3496,5840,163,1077],"class_list":{"0":"post-26998","1":"product","2":"type-product","3":"status-publish","4":"has-post-thumbnail","6":"product_cat-yerberas-azucareras","7":"product_tag-899","8":"product_tag-argentina","9":"product_tag-argentino","10":"product_tag-azucar","11":"product_tag-azucarera","12":"product_tag-bowl","13":"product_tag-clasico","14":"product_tag-dos","15":"product_tag-mate","16":"product_tag-mates","17":"product_tag-mickey","18":"product_tag-mouse","19":"product_tag-sugar","20":"product_tag-two","21":"product_tag-yerba","22":"product_tag-yerbera","24":"first","25":"instock","26":"taxable","27":"shipping-taxable","28":"purchasable","29":"product-type-simple"},"acf":[],"aioseo_notices":[],"_links":{"self":[{"href":"https:\/\/www.argensend.com\/en\/wp-json\/wp\/v2\/product\/26998","targetHints":{"allow":["GET"]}}],"collection":[{"href":"https:\/\/www.argensend.com\/en\/wp-json\/wp\/v2\/product"}],"about":[{"href":"https:\/\/www.argensend.com\/en\/wp-json\/wp\/v2\/types\/product"}],"replies":[{"embeddable":true,"href":"https:\/\/www.argensend.com\/en\/wp-json\/wp\/v2\/comments?post=26998"}],"version-history":[{"count":4,"href":"https:\/\/www.argensend.com\/en\/wp-json\/wp\/v2\/product\/26998\/revisions"}],"predecessor-version":[{"id":103494,"href":"https:\/\/www.argensend.com\/en\/wp-json\/wp\/v2\/product\/26998\/revisions\/103494"}],"wp:featuredmedia":[{"embeddable":true,"href":"https:\/\/www.argensend.com\/en\/wp-json\/wp\/v2\/media\/62377"}],"wp:attachment":[{"href":"https:\/\/www.argensend.com\/en\/wp-json\/wp\/v2\/media?parent=26998"}],"wp:term":[{"taxonomy":"brand","embeddable":true,"href":"https:\/\/www.argensend.com\/en\/wp-json\/wp\/v2\/etheme_brands?post=26998"},{"taxonomy":"product_brand","embeddable":true,"href":"https:\/\/www.argensend.com\/en\/wp-json\/wp\/v2\/product_brand?post=26998"},{"taxonomy":"product_cat","embeddable":true,"href":"https:\/\/www.argensend.com\/en\/wp-json\/wp\/v2\/product_cat?post=26998"},{"taxonomy":"product_tag","embeddable":true,"href":"https:\/\/www.argensend.com\/en\/wp-json\/wp\/v2\/product_tag?post=26998"}],"curies":[{"name":"wp","href":"https:\/\/api.w.org\/{rel}","templated":true}]}}