{"id":27235,"date":"2021-06-11T11:30:24","date_gmt":"2021-06-11T14:30:24","guid":{"rendered":"https:\/\/www.argensend.com\/?post_type=product&#038;p=27235"},"modified":"2024-12-06T16:11:40","modified_gmt":"2024-12-06T19:11:40","slug":"combo-familia-seleccion-argentina-13-articulos","status":"publish","type":"product","link":"https:\/\/www.argensend.com\/en\/product\/combo-familia-seleccion-argentina-13-articulos\/","title":{"rendered":"Combo Familia Selecci\u00f3n Argentina &#8211; 13 Art\u00edculos"},"content":{"rendered":"","protected":false},"excerpt":{"rendered":"<p>Combo para alentar a la Selecci\u00f3n Argentina en la Copa Am\u00e9rica 2021.<\/p>\n<p>El combo contiene:<\/p>\n<p>1 Gorro pa\u00f1o surtido.<br \/>\n1 Gorro pa\u00f1o galera.<br \/>\n1 Gorro pa\u00f1o pelota.<br \/>\n1 Vuvuzela celeste y blanca<br \/>\n6 Corneta doble con cord\u00f3n.<br \/>\n1 Vincha red social Argentina.<br \/>\n1 Labial duo celeste y blanco.<br \/>\n1 Mano de tela gigante Me Gusta.<\/p>","protected":false},"featured_media":27236,"comment_status":"closed","ping_status":"closed","template":"","meta":{"_acf_changed":false,"om_disable_all_campaigns":false,"_monsterinsights_skip_tracking":false,"_monsterinsights_sitenote_active":false,"_monsterinsights_sitenote_note":"","_monsterinsights_sitenote_category":0},"etheme_brands":[],"product_brand":[],"product_cat":[9012,8793,1212],"product_tag":[203,234,224,8938,8937,2102,1050,3666,1213,3352,3252,8939],"class_list":{"0":"post-27235","1":"product","2":"type-product","3":"status-publish","4":"has-post-thumbnail","6":"product_cat-argentina-campeon-del-mundo","7":"product_cat-cotillon","8":"product_cat-seleccion-argentina","9":"product_tag-argentina","10":"product_tag-argentine","11":"product_tag-argentino","12":"product_tag-copa-mundial","13":"product_tag-cotillon","14":"product_tag-equipo","15":"product_tag-futbol","16":"product_tag-national","17":"product_tag-seleccion","18":"product_tag-soccer","19":"product_tag-team","20":"product_tag-wolrd-cup","22":"first","23":"instock","24":"taxable","25":"shipping-taxable","26":"purchasable","27":"product-type-simple"},"acf":[],"aioseo_notices":[],"_links":{"self":[{"href":"https:\/\/www.argensend.com\/en\/wp-json\/wp\/v2\/product\/27235","targetHints":{"allow":["GET"]}}],"collection":[{"href":"https:\/\/www.argensend.com\/en\/wp-json\/wp\/v2\/product"}],"about":[{"href":"https:\/\/www.argensend.com\/en\/wp-json\/wp\/v2\/types\/product"}],"replies":[{"embeddable":true,"href":"https:\/\/www.argensend.com\/en\/wp-json\/wp\/v2\/comments?post=27235"}],"version-history":[{"count":1,"href":"https:\/\/www.argensend.com\/en\/wp-json\/wp\/v2\/product\/27235\/revisions"}],"predecessor-version":[{"id":72481,"href":"https:\/\/www.argensend.com\/en\/wp-json\/wp\/v2\/product\/27235\/revisions\/72481"}],"wp:featuredmedia":[{"embeddable":true,"href":"https:\/\/www.argensend.com\/en\/wp-json\/wp\/v2\/media\/27236"}],"wp:attachment":[{"href":"https:\/\/www.argensend.com\/en\/wp-json\/wp\/v2\/media?parent=27235"}],"wp:term":[{"taxonomy":"brand","embeddable":true,"href":"https:\/\/www.argensend.com\/en\/wp-json\/wp\/v2\/etheme_brands?post=27235"},{"taxonomy":"product_brand","embeddable":true,"href":"https:\/\/www.argensend.com\/en\/wp-json\/wp\/v2\/product_brand?post=27235"},{"taxonomy":"product_cat","embeddable":true,"href":"https:\/\/www.argensend.com\/en\/wp-json\/wp\/v2\/product_cat?post=27235"},{"taxonomy":"product_tag","embeddable":true,"href":"https:\/\/www.argensend.com\/en\/wp-json\/wp\/v2\/product_tag?post=27235"}],"curies":[{"name":"wp","href":"https:\/\/api.w.org\/{rel}","templated":true}]}}