{"id":27342,"date":"2021-06-13T22:01:31","date_gmt":"2021-06-14T01:01:31","guid":{"rendered":"https:\/\/www.argensend.com\/?post_type=product&#038;p=27342"},"modified":"2024-12-06T16:11:42","modified_gmt":"2024-12-06T19:11:42","slug":"juego-cuchillos-tradicional-tramontina-taco-madera-8-piezas","status":"publish","type":"product","link":"https:\/\/www.argensend.com\/en\/product\/juego-cuchillos-tradicional-tramontina-taco-madera-8-piezas\/","title":{"rendered":"Tramontina &#8211; Juego 8 Piezas de Cuchillos Tradicional Taco Madera"},"content":{"rendered":"","protected":false},"excerpt":{"rendered":"<p>CARACTER\u00cdSTICAS<\/p>\n<p>Los mangos de madera natural con terminaci\u00f3n pulida le dan un toque r\u00fastico a la l\u00ednea Tradicional. Los cubiertos se pueden llevar a la mesa en las comidas del d\u00eda a d\u00eda. Los cuchillos tienen filo de gran durabilidad, porque reciben tratamiento t\u00e9rmico. El formato de las l\u00e1minas y el espesor del acero ofrecen mayor resistencia y tiempo de utilizaci\u00f3n.<\/p>\n<p>INCLUYE:<\/p>\n<p>\u2022 1 Cuchillo para Legumbres y Frutas 3&#8243;<\/p>\n<p>\u2022 1 Cuchillo para frutas 4&#8243;<\/p>\n<p>\u2022 1 Cuchillo para Asado 5&#8243;<\/p>\n<p>\u2022 1 Cuchillo para Cocina 6&#8221;<\/p>\n<p>\u2022 1 Cuchillo para Pan 7&#8243;<\/p>\n<p>\u2022 1 Cuchillo para Chef 8&#8221;<\/p>\n<p>\u2022 1 Tenedor Trinchante<\/p>\n<p>\u2022 1 Taco de Madera<\/p>","protected":false},"featured_media":27343,"comment_status":"closed","ping_status":"closed","template":"","meta":{"_acf_changed":false,"om_disable_all_campaigns":false,"_monsterinsights_skip_tracking":false,"_monsterinsights_sitenote_active":false,"_monsterinsights_sitenote_note":"","_monsterinsights_sitenote_category":0},"etheme_brands":[],"product_brand":[],"product_cat":[3320],"product_tag":[1831,1830,312,311,314,313,1650,1829,1828,310,315],"class_list":{"0":"post-27342","1":"product","2":"type-product","3":"status-publish","4":"has-post-thumbnail","6":"product_cat-cocina","7":"product_tag-1831","8":"product_tag-25-de-mayo","9":"product_tag-asado","10":"product_tag-cuchillo","11":"product_tag-knife","12":"product_tag-madera","13":"product_tag-mayo","14":"product_tag-semana-de-mayo","15":"product_tag-semana-especial","16":"product_tag-tramontina","17":"product_tag-wood","19":"first","20":"instock","21":"taxable","22":"shipping-taxable","23":"purchasable","24":"product-type-simple"},"acf":[],"aioseo_notices":[],"_links":{"self":[{"href":"https:\/\/www.argensend.com\/en\/wp-json\/wp\/v2\/product\/27342","targetHints":{"allow":["GET"]}}],"collection":[{"href":"https:\/\/www.argensend.com\/en\/wp-json\/wp\/v2\/product"}],"about":[{"href":"https:\/\/www.argensend.com\/en\/wp-json\/wp\/v2\/types\/product"}],"replies":[{"embeddable":true,"href":"https:\/\/www.argensend.com\/en\/wp-json\/wp\/v2\/comments?post=27342"}],"version-history":[{"count":2,"href":"https:\/\/www.argensend.com\/en\/wp-json\/wp\/v2\/product\/27342\/revisions"}],"predecessor-version":[{"id":106325,"href":"https:\/\/www.argensend.com\/en\/wp-json\/wp\/v2\/product\/27342\/revisions\/106325"}],"wp:featuredmedia":[{"embeddable":true,"href":"https:\/\/www.argensend.com\/en\/wp-json\/wp\/v2\/media\/27343"}],"wp:attachment":[{"href":"https:\/\/www.argensend.com\/en\/wp-json\/wp\/v2\/media?parent=27342"}],"wp:term":[{"taxonomy":"brand","embeddable":true,"href":"https:\/\/www.argensend.com\/en\/wp-json\/wp\/v2\/etheme_brands?post=27342"},{"taxonomy":"product_brand","embeddable":true,"href":"https:\/\/www.argensend.com\/en\/wp-json\/wp\/v2\/product_brand?post=27342"},{"taxonomy":"product_cat","embeddable":true,"href":"https:\/\/www.argensend.com\/en\/wp-json\/wp\/v2\/product_cat?post=27342"},{"taxonomy":"product_tag","embeddable":true,"href":"https:\/\/www.argensend.com\/en\/wp-json\/wp\/v2\/product_tag?post=27342"}],"curies":[{"name":"wp","href":"https:\/\/api.w.org\/{rel}","templated":true}]}}