{"id":27975,"date":"2021-06-19T14:01:19","date_gmt":"2021-06-19T17:01:19","guid":{"rendered":"https:\/\/www.argensend.com\/?post_type=product&#038;p=27975"},"modified":"2024-12-06T16:11:54","modified_gmt":"2024-12-06T19:11:54","slug":"freestyle-libre-1-sensor","status":"publish","type":"product","link":"https:\/\/www.argensend.com\/en\/product\/freestyle-libre-1-sensor\/","title":{"rendered":"Freestyle Libre &#8211; Sensor"},"content":{"rendered":"<p>El sensor FreeStyle Libre se aplica en la parte posterior del brazo, con un sencillo dispositivo desechable denominado aplicador. Cuando se aplica el sensor, se inserta un filamento esterilizado, fino y flexible justo por debajo de la piel. Se mantiene en su posici\u00f3n con una peque\u00f1a almohadilla adhesiva.<\/p>\n<p>Para obtener una lectura de glucosa, solo tiene que realizar un r\u00e1pido escaneo del sensor, poniendo el lector o su tel\u00e9fono, en el caso de que utilice la aplicaci\u00f3n FreeStyle LibreLink, sobre el sensor<br \/>\nObtenci\u00f3n de lecturas<\/p>\n<p>Cada vez que hace una lectura del sensor obtiene la lectura de glucosa actual, las \u00faltimas 8 horas de su historial de glucosa y una flecha de tendencia que muestra si su glucosa est\u00e1 subiendo, bajando o cambiando lentamente. El lector puede hacer lecturas a trav\u00e9s de la ropa de hasta 4 mm de grosor.<\/p>\n<p>Importante: El sistema de monitorizaci\u00f3n FLASH de glucosa est\u00e1 indicado para medir los niveles de glucosa en el liquido intersticial en personas de, al menos, 4 a\u00f1os de edad. La indicaci\u00f3n en ni\u00f1os (4-17 a\u00f1os de edad) est\u00e1 limitada a la supervisi\u00f3n de un adulto de m\u00ednimo 18 a\u00f1os de edad<\/p>\n<ul>\n<li>Tama\u00f1o peque\u00f1o (35 mm x 5 mm): Discreto, c\u00f3modo de llevar bajo la ropa<\/li>\n<li>Ll\u00e9velo en el cuerpo durante 14 d\u00edas: Solo es necesario aplicar un sensor nuevo cada 2 semanas<\/li>\n<li>No requiere calibraci\u00f3n con pinchazos en los dedos<\/li>\n<li>Se puede utilizar en el agua hasta un metro de profundidad y por 30 minutos<\/li>\n<\/ul>","protected":false},"excerpt":{"rendered":"<p>La garant\u00eda de este producto corresponde al fabricante (no tiene devoluci\u00f3n).<br \/>\nUna vez abierto el producto ante cualquier duda o consulta debe comunicarse con el laboratorio.<\/p>\n<p>Para la utilizaci\u00f3n de los productos FreeStyle se debe descargar la aplicaci\u00f3n <strong>FreeStyle LibreLink &#8211; AR.<\/strong><\/p>","protected":false},"featured_media":27977,"comment_status":"closed","ping_status":"closed","template":"","meta":{"_acf_changed":false,"om_disable_all_campaigns":false,"_monsterinsights_skip_tracking":false,"_monsterinsights_sitenote_active":false,"_monsterinsights_sitenote_note":"","_monsterinsights_sitenote_category":0},"etheme_brands":[],"product_brand":[],"product_cat":[3141],"product_tag":[10474,9903,456,9902,9904],"class_list":{"0":"post-27975","1":"product","2":"type-product","3":"status-publish","4":"has-post-thumbnail","6":"product_cat-diabetes","7":"product_tag-abbot","8":"product_tag-abbot_freestyle","9":"product_tag-crema","10":"product_tag-sensor","11":"product_tag-sensor-freestyle","13":"first","14":"instock","15":"sale","16":"taxable","17":"shipping-taxable","18":"purchasable","19":"product-type-simple"},"acf":[],"aioseo_notices":[],"_links":{"self":[{"href":"https:\/\/www.argensend.com\/en\/wp-json\/wp\/v2\/product\/27975","targetHints":{"allow":["GET"]}}],"collection":[{"href":"https:\/\/www.argensend.com\/en\/wp-json\/wp\/v2\/product"}],"about":[{"href":"https:\/\/www.argensend.com\/en\/wp-json\/wp\/v2\/types\/product"}],"replies":[{"embeddable":true,"href":"https:\/\/www.argensend.com\/en\/wp-json\/wp\/v2\/comments?post=27975"}],"version-history":[{"count":3,"href":"https:\/\/www.argensend.com\/en\/wp-json\/wp\/v2\/product\/27975\/revisions"}],"predecessor-version":[{"id":85676,"href":"https:\/\/www.argensend.com\/en\/wp-json\/wp\/v2\/product\/27975\/revisions\/85676"}],"wp:featuredmedia":[{"embeddable":true,"href":"https:\/\/www.argensend.com\/en\/wp-json\/wp\/v2\/media\/27977"}],"wp:attachment":[{"href":"https:\/\/www.argensend.com\/en\/wp-json\/wp\/v2\/media?parent=27975"}],"wp:term":[{"taxonomy":"brand","embeddable":true,"href":"https:\/\/www.argensend.com\/en\/wp-json\/wp\/v2\/etheme_brands?post=27975"},{"taxonomy":"product_brand","embeddable":true,"href":"https:\/\/www.argensend.com\/en\/wp-json\/wp\/v2\/product_brand?post=27975"},{"taxonomy":"product_cat","embeddable":true,"href":"https:\/\/www.argensend.com\/en\/wp-json\/wp\/v2\/product_cat?post=27975"},{"taxonomy":"product_tag","embeddable":true,"href":"https:\/\/www.argensend.com\/en\/wp-json\/wp\/v2\/product_tag?post=27975"}],"curies":[{"name":"wp","href":"https:\/\/api.w.org\/{rel}","templated":true}]}}