{"id":27983,"date":"2021-06-19T18:00:05","date_gmt":"2021-06-19T21:00:05","guid":{"rendered":"https:\/\/www.argensend.com\/?post_type=product&#038;p=27983"},"modified":"2025-04-21T14:20:27","modified_gmt":"2025-04-21T17:20:27","slug":"mananita-yerba-mate-con-palo-paquete-4flex-500-gr-yerba-mate-with-palo-package-4flex-17-63-oz","status":"publish","type":"product","link":"https:\/\/www.argensend.com\/en\/product\/mananita-yerba-mate-con-palo-paquete-4flex-500-gr-yerba-mate-with-palo-package-4flex-17-63-oz\/","title":{"rendered":"Ma\u00f1anita &#8211; Yerba Mate con Palo Paquete 4flex 500gr"},"content":{"rendered":"<p>Disfruta de una experiencia \u00fanica con la Yerba Mate Ma\u00f1anita 4 Flex Con Palo Sin Tacc de 1kg. Esta yerba mate de marca reconocida y calidad garantizada te ofrece un sabor suave y equilibrado, ideal para compartir con amigos y familiares en cualquier momento del d\u00eda. Al ser libre de gluten, es apta para cel\u00edacos y aquellos que buscan una opci\u00f3n m\u00e1s saludable en su mate. Adem\u00e1s, su presentaci\u00f3n con palo y bajo contenido de polvo asegura una infusi\u00f3n m\u00e1s limpia y sin residuos, permiti\u00e9ndote disfrutar de un mate perfecto en cada cebada. No esperes m\u00e1s para probar la Yerba Mate Ma\u00f1anita 4 Flex Con Palo Sin Tacc 1kg y lleva tu experiencia matera al siguiente nivel.<\/p>","protected":false},"excerpt":{"rendered":"<p>Yerba Mate Ma\u00f1anita<\/p>","protected":false},"featured_media":27984,"comment_status":"closed","ping_status":"closed","template":"","meta":{"_acf_changed":false,"om_disable_all_campaigns":false,"_monsterinsights_skip_tracking":false,"_monsterinsights_sitenote_active":false,"_monsterinsights_sitenote_note":"","_monsterinsights_sitenote_category":0},"etheme_brands":[],"product_brand":[],"product_cat":[2124],"product_tag":[3269,93,1236,203,234,898,225,3268,165,5236,5772,301,9997,228,6924,163],"class_list":{"0":"post-27983","1":"product","2":"type-product","3":"status-publish","4":"has-post-thumbnail","6":"product_cat-yerbas","7":"product_tag-4-flex","8":"product_tag-93","9":"product_tag-amarillo","10":"product_tag-argentina","11":"product_tag-argentine","12":"product_tag-gr","13":"product_tag-infusion","14":"product_tag-mananita","15":"product_tag-mate","16":"product_tag-package","17":"product_tag-palo","18":"product_tag-paquete","19":"product_tag-t10bi","20":"product_tag-tradicional","21":"product_tag-yellos","22":"product_tag-yerba","24":"first","25":"instock","26":"taxable","27":"shipping-taxable","28":"purchasable","29":"product-type-simple"},"acf":[],"aioseo_notices":[],"_links":{"self":[{"href":"https:\/\/www.argensend.com\/en\/wp-json\/wp\/v2\/product\/27983","targetHints":{"allow":["GET"]}}],"collection":[{"href":"https:\/\/www.argensend.com\/en\/wp-json\/wp\/v2\/product"}],"about":[{"href":"https:\/\/www.argensend.com\/en\/wp-json\/wp\/v2\/types\/product"}],"replies":[{"embeddable":true,"href":"https:\/\/www.argensend.com\/en\/wp-json\/wp\/v2\/comments?post=27983"}],"version-history":[{"count":3,"href":"https:\/\/www.argensend.com\/en\/wp-json\/wp\/v2\/product\/27983\/revisions"}],"predecessor-version":[{"id":116393,"href":"https:\/\/www.argensend.com\/en\/wp-json\/wp\/v2\/product\/27983\/revisions\/116393"}],"wp:featuredmedia":[{"embeddable":true,"href":"https:\/\/www.argensend.com\/en\/wp-json\/wp\/v2\/media\/27984"}],"wp:attachment":[{"href":"https:\/\/www.argensend.com\/en\/wp-json\/wp\/v2\/media?parent=27983"}],"wp:term":[{"taxonomy":"brand","embeddable":true,"href":"https:\/\/www.argensend.com\/en\/wp-json\/wp\/v2\/etheme_brands?post=27983"},{"taxonomy":"product_brand","embeddable":true,"href":"https:\/\/www.argensend.com\/en\/wp-json\/wp\/v2\/product_brand?post=27983"},{"taxonomy":"product_cat","embeddable":true,"href":"https:\/\/www.argensend.com\/en\/wp-json\/wp\/v2\/product_cat?post=27983"},{"taxonomy":"product_tag","embeddable":true,"href":"https:\/\/www.argensend.com\/en\/wp-json\/wp\/v2\/product_tag?post=27983"}],"curies":[{"name":"wp","href":"https:\/\/api.w.org\/{rel}","templated":true}]}}