{"id":28038,"date":"2021-06-19T22:35:16","date_gmt":"2021-06-20T01:35:16","guid":{"rendered":"https:\/\/www.argensend.com\/?post_type=product&#038;p=28038"},"modified":"2024-12-06T16:11:56","modified_gmt":"2024-12-06T19:11:56","slug":"taza-de-perro-puppy-mug","status":"publish","type":"product","link":"https:\/\/www.argensend.com\/en\/product\/taza-de-perro-puppy-mug\/","title":{"rendered":"Taza de Perro \/ Puppy Mug"},"content":{"rendered":"","protected":false},"excerpt":{"rendered":"<div dir=\"ltr\">Un dise\u00f1o pensado para recibir\u00a0el d\u00eda junto a tu mejor amigo est\u00e9s donde est\u00e9s!<br \/>\nCapacidad: 250cc<br \/>\nMaterial: cer\u00e1mica.<\/div>\n<div dir=\"ltr\"><\/div>\n<div dir=\"ltr\">A design designed to welcome the day with your best friend wherever you are!<br \/>\nCapacity: 250cc<br \/>\nMaterial: ceramic.<\/div>","protected":false},"featured_media":27608,"comment_status":"closed","ping_status":"closed","template":"","meta":{"_acf_changed":false,"om_disable_all_campaigns":false,"_monsterinsights_skip_tracking":false,"_monsterinsights_sitenote_active":false,"_monsterinsights_sitenote_note":"","_monsterinsights_sitenote_category":0},"etheme_brands":[],"product_brand":[],"product_cat":[606],"product_tag":[95,3225,3224,3223,3230,3227,3152,3229,3228,3226,2169],"class_list":{"0":"post-28038","1":"product","2":"type-product","3":"status-publish","4":"has-post-thumbnail","6":"product_cat-cocina-deco-bazar","7":"product_tag-95","8":"product_tag-cc","9":"product_tag-ceramic","10":"product_tag-ceramica","11":"product_tag-cute","12":"product_tag-dog","13":"product_tag-mug","14":"product_tag-perrito","15":"product_tag-perro","16":"product_tag-puppy","17":"product_tag-taza","19":"first","20":"instock","21":"sale","22":"taxable","23":"shipping-taxable","24":"purchasable","25":"product-type-simple"},"acf":[],"aioseo_notices":[],"_links":{"self":[{"href":"https:\/\/www.argensend.com\/en\/wp-json\/wp\/v2\/product\/28038","targetHints":{"allow":["GET"]}}],"collection":[{"href":"https:\/\/www.argensend.com\/en\/wp-json\/wp\/v2\/product"}],"about":[{"href":"https:\/\/www.argensend.com\/en\/wp-json\/wp\/v2\/types\/product"}],"replies":[{"embeddable":true,"href":"https:\/\/www.argensend.com\/en\/wp-json\/wp\/v2\/comments?post=28038"}],"version-history":[{"count":2,"href":"https:\/\/www.argensend.com\/en\/wp-json\/wp\/v2\/product\/28038\/revisions"}],"predecessor-version":[{"id":106171,"href":"https:\/\/www.argensend.com\/en\/wp-json\/wp\/v2\/product\/28038\/revisions\/106171"}],"wp:featuredmedia":[{"embeddable":true,"href":"https:\/\/www.argensend.com\/en\/wp-json\/wp\/v2\/media\/27608"}],"wp:attachment":[{"href":"https:\/\/www.argensend.com\/en\/wp-json\/wp\/v2\/media?parent=28038"}],"wp:term":[{"taxonomy":"brand","embeddable":true,"href":"https:\/\/www.argensend.com\/en\/wp-json\/wp\/v2\/etheme_brands?post=28038"},{"taxonomy":"product_brand","embeddable":true,"href":"https:\/\/www.argensend.com\/en\/wp-json\/wp\/v2\/product_brand?post=28038"},{"taxonomy":"product_cat","embeddable":true,"href":"https:\/\/www.argensend.com\/en\/wp-json\/wp\/v2\/product_cat?post=28038"},{"taxonomy":"product_tag","embeddable":true,"href":"https:\/\/www.argensend.com\/en\/wp-json\/wp\/v2\/product_tag?post=28038"}],"curies":[{"name":"wp","href":"https:\/\/api.w.org\/{rel}","templated":true}]}}