{"id":28189,"date":"2021-06-23T22:04:27","date_gmt":"2021-06-24T01:04:27","guid":{"rendered":"https:\/\/www.argensend.com\/?post_type=product&#038;p=28189"},"modified":"2024-12-06T16:12:08","modified_gmt":"2024-12-06T19:12:08","slug":"generala-premium-bisonte-con-cubilete-cuero-y-dados","status":"publish","type":"product","link":"https:\/\/www.argensend.com\/en\/product\/generala-premium-bisonte-con-cubilete-cuero-y-dados\/","title":{"rendered":"Generala Premium &#8211; Cubilete Cuero y Dados"},"content":{"rendered":"","protected":false},"excerpt":{"rendered":"<p>Ideal para esos d\u00edas en los que nos quedamos en casa o pod\u00e9s llevarlo en tus viajes o en tus salidas al aire libre. Ideal para jugar en familia o con amigos. Prueba tu suerte y \u00e9chate al juego. Contiene: 1 Cubilete Cuero &#8211; 5 Dados. Edad recomendada: +4 A\u00f1os<\/p>","protected":false},"featured_media":28190,"comment_status":"closed","ping_status":"closed","template":"","meta":{"_acf_changed":false,"om_disable_all_campaigns":false,"_monsterinsights_skip_tracking":false,"_monsterinsights_sitenote_active":false,"_monsterinsights_sitenote_note":"","_monsterinsights_sitenote_category":0},"etheme_brands":[],"product_brand":[],"product_cat":[2236],"product_tag":[10631],"class_list":{"0":"post-28189","1":"product","2":"type-product","3":"status-publish","4":"has-post-thumbnail","6":"product_cat-juegos-mesa","7":"product_tag-xmass24","9":"first","10":"instock","11":"taxable","12":"shipping-taxable","13":"purchasable","14":"product-type-simple"},"acf":[],"aioseo_notices":[],"_links":{"self":[{"href":"https:\/\/www.argensend.com\/en\/wp-json\/wp\/v2\/product\/28189","targetHints":{"allow":["GET"]}}],"collection":[{"href":"https:\/\/www.argensend.com\/en\/wp-json\/wp\/v2\/product"}],"about":[{"href":"https:\/\/www.argensend.com\/en\/wp-json\/wp\/v2\/types\/product"}],"replies":[{"embeddable":true,"href":"https:\/\/www.argensend.com\/en\/wp-json\/wp\/v2\/comments?post=28189"}],"version-history":[{"count":3,"href":"https:\/\/www.argensend.com\/en\/wp-json\/wp\/v2\/product\/28189\/revisions"}],"predecessor-version":[{"id":115700,"href":"https:\/\/www.argensend.com\/en\/wp-json\/wp\/v2\/product\/28189\/revisions\/115700"}],"wp:featuredmedia":[{"embeddable":true,"href":"https:\/\/www.argensend.com\/en\/wp-json\/wp\/v2\/media\/28190"}],"wp:attachment":[{"href":"https:\/\/www.argensend.com\/en\/wp-json\/wp\/v2\/media?parent=28189"}],"wp:term":[{"taxonomy":"brand","embeddable":true,"href":"https:\/\/www.argensend.com\/en\/wp-json\/wp\/v2\/etheme_brands?post=28189"},{"taxonomy":"product_brand","embeddable":true,"href":"https:\/\/www.argensend.com\/en\/wp-json\/wp\/v2\/product_brand?post=28189"},{"taxonomy":"product_cat","embeddable":true,"href":"https:\/\/www.argensend.com\/en\/wp-json\/wp\/v2\/product_cat?post=28189"},{"taxonomy":"product_tag","embeddable":true,"href":"https:\/\/www.argensend.com\/en\/wp-json\/wp\/v2\/product_tag?post=28189"}],"curies":[{"name":"wp","href":"https:\/\/api.w.org\/{rel}","templated":true}]}}