{"id":28219,"date":"2021-06-24T16:55:42","date_gmt":"2021-06-24T19:55:42","guid":{"rendered":"https:\/\/www.argensend.com\/?post_type=product&#038;p=28219"},"modified":"2025-04-21T13:49:23","modified_gmt":"2025-04-21T16:49:23","slug":"mananita-yerba-mate-con-palo-paquete-4flex-250-gr-yerba-mate-with-palo-package-4flex-8-81-oz","status":"publish","type":"product","link":"https:\/\/www.argensend.com\/en\/product\/mananita-yerba-mate-con-palo-paquete-4flex-250-gr-yerba-mate-with-palo-package-4flex-8-81-oz\/","title":{"rendered":"Ma\u00f1anita &#8211; Yerba Mate con Palo Paquete 4fle- 250gr"},"content":{"rendered":"<div class=\"ui-pdp-container__row\">\n<div class=\"ui-pdp-container__col col-1\">\n<div class=\"ui-pdp-collapsable ui-pdp-description-collapse\">\n<div class=\"ui-pdp-collapsable__container\">\n<div class=\"ui-pdp-description pl-45 pr-45 ui-pdp-collapsable--is-collapsed\">\n<p class=\"ui-pdp-description__content\">Despierta tus sentidos cada ma\u00f1ana con la Yerba Mate Ma\u00f1anita Bcp Bajo Polvo 250g 4flex Sin Tacc. Esta exquisita selecci\u00f3n de yerba mate con palo es ideal para quienes buscan disfrutar de la tradici\u00f3n del mate sin renunciar a sus necesidades diet\u00e9ticas, ya que es completamente libre de gluten. Su cuidadoso proceso de molienda garantiza un bajo contenido de polvo, ofreciendo una infusi\u00f3n m\u00e1s limpia y placentera.<\/p>\n<p>La marca Ma\u00f1anita es sin\u00f3nimo de calidad y compromiso con el bienestar de sus consumidores. Por ello, esta yerba mate no contiene sabores a\u00f1adidos, permiti\u00e9ndote apreciar el gusto puro y natural de una de las bebidas m\u00e1s emblem\u00e1ticas de Sudam\u00e9rica. El envase de 250g es perfecto para mantener la frescura del producto y asegurar que cada mate sea tan bueno como el primero.<\/p>\n<p>Ya sea para comenzar el d\u00eda con energ\u00eda o para compartir momentos especiales con amigos y familia, la Yerba Mate Ma\u00f1anita es la compa\u00f1era ideal. Su formato pr\u00e1ctico y su calidad superior la convierten en una elecci\u00f3n inteligente para los amantes del mate. Disfruta de la autenticidad de un producto que respeta tus preferencias y enriquece tus pausas diarias.<\/p>\n<p>Incorpora a tu rutina un h\u00e1bito saludable y lleno de tradici\u00f3n con la Yerba Mate Ma\u00f1anita. Vive la experiencia de un mate sin complicaciones y con todo el sabor que mereces. Haz de cada sorbo un momento para recordar y deja que la Yerba Mate Ma\u00f1anita sea parte de tus ma\u00f1anas y de cada instante de pura conexi\u00f3n con la cultura del mate.<\/p>\n<\/div>\n<\/div>\n<\/div>\n<\/div>\n<\/div>\n<div class=\"ui-pdp-container__row\">\n<div class=\"ui-pdp-container__col col-1\"><\/div>\n<\/div>\n<div class=\"ui-pdp-container__row ui-pdp-recommendations-row\">\n<div class=\"ui-pdp-container__col col-1\">\n<div class=\"ui-pdp-spot-middle\">\n<section class=\"ui-recommendations-carousel-wrapper-ref\">\n<div class=\"ui-recommendations-carousel-snapped mt-40 mb-40 ui-pdp-spot-middle__separator recos-override__card-vertical\">\n<div class=\"ui-recommendations-carousel-snapped__header\">\n<div class=\"ui-recommendations-carousel-snapped__header-titles\"><\/div>\n<\/div>\n<\/div>\n<\/section>\n<\/div>\n<\/div>\n<\/div>","protected":false},"excerpt":{"rendered":"<p>Yerba Mate Ma\u00f1anita<\/p>","protected":false},"featured_media":27984,"comment_status":"closed","ping_status":"closed","template":"","meta":{"_acf_changed":false,"om_disable_all_campaigns":false,"_monsterinsights_skip_tracking":false,"_monsterinsights_sitenote_active":false,"_monsterinsights_sitenote_note":"","_monsterinsights_sitenote_category":0},"etheme_brands":[],"product_brand":[],"product_cat":[2124],"product_tag":[95,3269,1236,203,234,898,225,3268,165,5236,5772,301,228,6924,163],"class_list":{"0":"post-28219","1":"product","2":"type-product","3":"status-publish","4":"has-post-thumbnail","6":"product_cat-yerbas","7":"product_tag-95","8":"product_tag-4-flex","9":"product_tag-amarillo","10":"product_tag-argentina","11":"product_tag-argentine","12":"product_tag-gr","13":"product_tag-infusion","14":"product_tag-mananita","15":"product_tag-mate","16":"product_tag-package","17":"product_tag-palo","18":"product_tag-paquete","19":"product_tag-tradicional","20":"product_tag-yellos","21":"product_tag-yerba","23":"first","24":"instock","25":"taxable","26":"shipping-taxable","27":"purchasable","28":"product-type-simple"},"acf":[],"aioseo_notices":[],"_links":{"self":[{"href":"https:\/\/www.argensend.com\/en\/wp-json\/wp\/v2\/product\/28219","targetHints":{"allow":["GET"]}}],"collection":[{"href":"https:\/\/www.argensend.com\/en\/wp-json\/wp\/v2\/product"}],"about":[{"href":"https:\/\/www.argensend.com\/en\/wp-json\/wp\/v2\/types\/product"}],"replies":[{"embeddable":true,"href":"https:\/\/www.argensend.com\/en\/wp-json\/wp\/v2\/comments?post=28219"}],"version-history":[{"count":5,"href":"https:\/\/www.argensend.com\/en\/wp-json\/wp\/v2\/product\/28219\/revisions"}],"predecessor-version":[{"id":116392,"href":"https:\/\/www.argensend.com\/en\/wp-json\/wp\/v2\/product\/28219\/revisions\/116392"}],"wp:featuredmedia":[{"embeddable":true,"href":"https:\/\/www.argensend.com\/en\/wp-json\/wp\/v2\/media\/27984"}],"wp:attachment":[{"href":"https:\/\/www.argensend.com\/en\/wp-json\/wp\/v2\/media?parent=28219"}],"wp:term":[{"taxonomy":"brand","embeddable":true,"href":"https:\/\/www.argensend.com\/en\/wp-json\/wp\/v2\/etheme_brands?post=28219"},{"taxonomy":"product_brand","embeddable":true,"href":"https:\/\/www.argensend.com\/en\/wp-json\/wp\/v2\/product_brand?post=28219"},{"taxonomy":"product_cat","embeddable":true,"href":"https:\/\/www.argensend.com\/en\/wp-json\/wp\/v2\/product_cat?post=28219"},{"taxonomy":"product_tag","embeddable":true,"href":"https:\/\/www.argensend.com\/en\/wp-json\/wp\/v2\/product_tag?post=28219"}],"curies":[{"name":"wp","href":"https:\/\/api.w.org\/{rel}","templated":true}]}}