{"id":28355,"date":"2021-06-25T11:02:41","date_gmt":"2021-06-25T14:02:41","guid":{"rendered":"https:\/\/www.argensend.com\/?post_type=product&#038;p=28355"},"modified":"2025-08-29T10:07:32","modified_gmt":"2025-08-29T13:07:32","slug":"1888-saenz-sidra-750-ml-cider-750-ml","status":"publish","type":"product","link":"https:\/\/www.argensend.com\/en\/product\/1888-saenz-sidra-750-ml-cider-750-ml\/","title":{"rendered":"1888 &#8211; Sidra S\u00e1enz Briones &#8211; 750ml"},"content":{"rendered":"","protected":false},"excerpt":{"rendered":"<p>Sidra 1888 est\u00e1 elaborada con las mejores manzanas Red Delicious seleccionadas y cosechadas en el Alto Valle de Rio Negro. Su sabor \u00fanico y dulzor equilibrado la convierten en una sidra especial para acompa\u00f1ar cada ocasi\u00f3n.<\/p>","protected":false},"featured_media":28227,"comment_status":"closed","ping_status":"closed","template":"","meta":{"_acf_changed":false,"om_disable_all_campaigns":false,"_monsterinsights_skip_tracking":false,"_monsterinsights_sitenote_active":false,"_monsterinsights_sitenote_note":"","_monsterinsights_sitenote_category":0},"etheme_brands":[],"product_brand":[],"product_cat":[2165,2992],"product_tag":[7010,203,234,224,4294,3644,675,3643,9447,1442,10631],"class_list":{"0":"post-28355","1":"product","2":"type-product","3":"status-publish","4":"has-post-thumbnail","6":"product_cat-navidad","7":"product_cat-sidra","8":"product_tag-1888-saenz","9":"product_tag-argentina","10":"product_tag-argentine","11":"product_tag-argentino","12":"product_tag-christmas","13":"product_tag-cider","14":"product_tag-navidad","15":"product_tag-sidra","16":"product_tag-x-mas","17":"product_tag-xmas","18":"product_tag-xmass24","20":"first","21":"instock","22":"sale","23":"taxable","24":"shipping-taxable","25":"purchasable","26":"product-type-simple"},"acf":[],"aioseo_notices":[],"_links":{"self":[{"href":"https:\/\/www.argensend.com\/en\/wp-json\/wp\/v2\/product\/28355","targetHints":{"allow":["GET"]}}],"collection":[{"href":"https:\/\/www.argensend.com\/en\/wp-json\/wp\/v2\/product"}],"about":[{"href":"https:\/\/www.argensend.com\/en\/wp-json\/wp\/v2\/types\/product"}],"replies":[{"embeddable":true,"href":"https:\/\/www.argensend.com\/en\/wp-json\/wp\/v2\/comments?post=28355"}],"version-history":[{"count":5,"href":"https:\/\/www.argensend.com\/en\/wp-json\/wp\/v2\/product\/28355\/revisions"}],"predecessor-version":[{"id":115842,"href":"https:\/\/www.argensend.com\/en\/wp-json\/wp\/v2\/product\/28355\/revisions\/115842"}],"wp:featuredmedia":[{"embeddable":true,"href":"https:\/\/www.argensend.com\/en\/wp-json\/wp\/v2\/media\/28227"}],"wp:attachment":[{"href":"https:\/\/www.argensend.com\/en\/wp-json\/wp\/v2\/media?parent=28355"}],"wp:term":[{"taxonomy":"brand","embeddable":true,"href":"https:\/\/www.argensend.com\/en\/wp-json\/wp\/v2\/etheme_brands?post=28355"},{"taxonomy":"product_brand","embeddable":true,"href":"https:\/\/www.argensend.com\/en\/wp-json\/wp\/v2\/product_brand?post=28355"},{"taxonomy":"product_cat","embeddable":true,"href":"https:\/\/www.argensend.com\/en\/wp-json\/wp\/v2\/product_cat?post=28355"},{"taxonomy":"product_tag","embeddable":true,"href":"https:\/\/www.argensend.com\/en\/wp-json\/wp\/v2\/product_tag?post=28355"}],"curies":[{"name":"wp","href":"https:\/\/api.w.org\/{rel}","templated":true}]}}