{"id":28434,"date":"2021-06-27T15:17:36","date_gmt":"2021-06-27T18:17:36","guid":{"rendered":"https:\/\/www.argensend.com\/?post_type=product&#038;p=28434"},"modified":"2024-12-06T16:12:15","modified_gmt":"2024-12-06T19:12:15","slug":"recetas-argentinas-de-mi-cocina","status":"publish","type":"product","link":"https:\/\/www.argensend.com\/en\/product\/recetas-argentinas-de-mi-cocina\/","title":{"rendered":"RECETAS ARGENTINAS de MI COCINA"},"content":{"rendered":"","protected":false},"excerpt":{"rendered":"<p>La gastronom\u00eda argentina es el resultado de la fusi\u00f3n de la comida criolla; propia de la \u00e9poca colonial; la nativa; legado de los pueblos originarios; y el aporte sustancial de las grandes corrientes migratorias europeas; principalmente espa\u00f1ola e italiana. Tanta diversidad de elementos a lo largo del tiempo; m\u00e1s que una fusi\u00f3n; provoc\u00f3 una feliz confusi\u00f3n en la que poco a poco se fue conformando una variada gama de comidas que sabemos propias y que le dan identidad a la cocina argentina.<br \/>\nEste libro re\u00fane lo mejor de nuestros ingredientes; nuestra tradici\u00f3n; nuestra t\u00e9cnica y lo que es m\u00e1s<br \/>\nimportante; el compromiso de mejorar cada d\u00eda.<br \/>\nEstas son las recetas de mi cocina.<br \/>\nQuedan invitados a disfrutarlas.<\/p>","protected":false},"featured_media":28435,"comment_status":"closed","ping_status":"closed","template":"","meta":{"_acf_changed":false,"om_disable_all_campaigns":false,"_monsterinsights_skip_tracking":false,"_monsterinsights_sitenote_active":false,"_monsterinsights_sitenote_note":"","_monsterinsights_sitenote_category":0},"etheme_brands":[],"product_brand":[],"product_cat":[685],"product_tag":[1753,1752,1149,1007,1749,1762,1743,1750,1744,1766,1193,1767,1081,1754,1763,1764,1768,1192,1751,1765],"class_list":{"0":"post-28434","1":"product","2":"type-product","3":"status-publish","4":"has-post-thumbnail","6":"product_cat-libros","7":"product_tag-carteleras","8":"product_tag-carteles","9":"product_tag-casa","10":"product_tag-chapa","11":"product_tag-chapon","12":"product_tag-club-del-poster","13":"product_tag-decoracion","14":"product_tag-decoration","15":"product_tag-decorativo","16":"product_tag-duro","17":"product_tag-fileteado","18":"product_tag-firme","19":"product_tag-home","20":"product_tag-melaticos","21":"product_tag-metal","22":"product_tag-metalico","23":"product_tag-personalizado","24":"product_tag-porteno","25":"product_tag-poster","26":"product_tag-rigido","28":"first","29":"instock","30":"taxable","31":"shipping-taxable","32":"purchasable","33":"product-type-simple"},"acf":[],"aioseo_notices":[],"_links":{"self":[{"href":"https:\/\/www.argensend.com\/en\/wp-json\/wp\/v2\/product\/28434","targetHints":{"allow":["GET"]}}],"collection":[{"href":"https:\/\/www.argensend.com\/en\/wp-json\/wp\/v2\/product"}],"about":[{"href":"https:\/\/www.argensend.com\/en\/wp-json\/wp\/v2\/types\/product"}],"replies":[{"embeddable":true,"href":"https:\/\/www.argensend.com\/en\/wp-json\/wp\/v2\/comments?post=28434"}],"version-history":[{"count":2,"href":"https:\/\/www.argensend.com\/en\/wp-json\/wp\/v2\/product\/28434\/revisions"}],"predecessor-version":[{"id":104789,"href":"https:\/\/www.argensend.com\/en\/wp-json\/wp\/v2\/product\/28434\/revisions\/104789"}],"wp:featuredmedia":[{"embeddable":true,"href":"https:\/\/www.argensend.com\/en\/wp-json\/wp\/v2\/media\/28435"}],"wp:attachment":[{"href":"https:\/\/www.argensend.com\/en\/wp-json\/wp\/v2\/media?parent=28434"}],"wp:term":[{"taxonomy":"brand","embeddable":true,"href":"https:\/\/www.argensend.com\/en\/wp-json\/wp\/v2\/etheme_brands?post=28434"},{"taxonomy":"product_brand","embeddable":true,"href":"https:\/\/www.argensend.com\/en\/wp-json\/wp\/v2\/product_brand?post=28434"},{"taxonomy":"product_cat","embeddable":true,"href":"https:\/\/www.argensend.com\/en\/wp-json\/wp\/v2\/product_cat?post=28434"},{"taxonomy":"product_tag","embeddable":true,"href":"https:\/\/www.argensend.com\/en\/wp-json\/wp\/v2\/product_tag?post=28434"}],"curies":[{"name":"wp","href":"https:\/\/api.w.org\/{rel}","templated":true}]}}