{"id":28436,"date":"2021-06-27T15:19:54","date_gmt":"2021-06-27T18:19:54","guid":{"rendered":"https:\/\/www.argensend.com\/?post_type=product&#038;p=28436"},"modified":"2024-12-06T16:12:15","modified_gmt":"2024-12-06T19:12:15","slug":"claudio-olijavetzky-libro-panaderia-argentina-cooking-book-argentine-bakery-by-claudio-olijavetzky","status":"publish","type":"product","link":"https:\/\/www.argensend.com\/en\/product\/claudio-olijavetzky-libro-panaderia-argentina-cooking-book-argentine-bakery-by-claudio-olijavetzky\/","title":{"rendered":"Claudio Olijavetzky &#8211; Libro Panader\u00eda Argentina Claudio Olijavetzky"},"content":{"rendered":"","protected":false},"excerpt":{"rendered":"<p>&#8216;RECETAS DELICIOSAS Y PROBADAS<br \/>\nDice Osvaldo Gross: \u00bfCon los textos de Claudio Olijavetzky aprenderemos a seleccionar los mejores ingredientes; la exactitud de las t\u00e9cnicas; los cuidados en la cocci\u00f3n y esa alquimia que transforma las materias primas en ef\u00edmeras obras de arte\u00bf.<br \/>\nMedialunas de grasa y de manteca; cremonas; vigilantes; pan dulce; pletzalaj; facturas; panes integrales; pan de campo; rosca de reyes&#8230; En PANADER\u00cdA ARGENTINA est\u00e1n todos los secretos para preparar en casa los panificados que tanto deseamos.&#8217;<\/p>","protected":false},"featured_media":28437,"comment_status":"closed","ping_status":"closed","template":"","meta":{"_acf_changed":false,"om_disable_all_campaigns":false,"_monsterinsights_skip_tracking":false,"_monsterinsights_sitenote_active":false,"_monsterinsights_sitenote_note":"","_monsterinsights_sitenote_category":0},"etheme_brands":[],"product_brand":[],"product_cat":[685],"product_tag":[203,234,224,4778,755,7958,788,3754,4725,752,5240,4726],"class_list":{"0":"post-28436","1":"product","2":"type-product","3":"status-publish","4":"has-post-thumbnail","6":"product_cat-libros","7":"product_tag-argentina","8":"product_tag-argentine","9":"product_tag-argentino","10":"product_tag-bakery","11":"product_tag-book","12":"product_tag-claudio-olijavetzky","13":"product_tag-cocina","14":"product_tag-cooking","15":"product_tag-lectura","16":"product_tag-libro","17":"product_tag-panaderia","18":"product_tag-reading","20":"first","21":"instock","22":"taxable","23":"shipping-taxable","24":"purchasable","25":"product-type-simple"},"acf":[],"aioseo_notices":[],"_links":{"self":[{"href":"https:\/\/www.argensend.com\/en\/wp-json\/wp\/v2\/product\/28436","targetHints":{"allow":["GET"]}}],"collection":[{"href":"https:\/\/www.argensend.com\/en\/wp-json\/wp\/v2\/product"}],"about":[{"href":"https:\/\/www.argensend.com\/en\/wp-json\/wp\/v2\/types\/product"}],"replies":[{"embeddable":true,"href":"https:\/\/www.argensend.com\/en\/wp-json\/wp\/v2\/comments?post=28436"}],"version-history":[{"count":3,"href":"https:\/\/www.argensend.com\/en\/wp-json\/wp\/v2\/product\/28436\/revisions"}],"predecessor-version":[{"id":78129,"href":"https:\/\/www.argensend.com\/en\/wp-json\/wp\/v2\/product\/28436\/revisions\/78129"}],"wp:featuredmedia":[{"embeddable":true,"href":"https:\/\/www.argensend.com\/en\/wp-json\/wp\/v2\/media\/28437"}],"wp:attachment":[{"href":"https:\/\/www.argensend.com\/en\/wp-json\/wp\/v2\/media?parent=28436"}],"wp:term":[{"taxonomy":"brand","embeddable":true,"href":"https:\/\/www.argensend.com\/en\/wp-json\/wp\/v2\/etheme_brands?post=28436"},{"taxonomy":"product_brand","embeddable":true,"href":"https:\/\/www.argensend.com\/en\/wp-json\/wp\/v2\/product_brand?post=28436"},{"taxonomy":"product_cat","embeddable":true,"href":"https:\/\/www.argensend.com\/en\/wp-json\/wp\/v2\/product_cat?post=28436"},{"taxonomy":"product_tag","embeddable":true,"href":"https:\/\/www.argensend.com\/en\/wp-json\/wp\/v2\/product_tag?post=28436"}],"curies":[{"name":"wp","href":"https:\/\/api.w.org\/{rel}","templated":true}]}}